{"id":18163,"date":"2025-04-10T12:05:43","date_gmt":"2025-04-10T10:05:43","guid":{"rendered":"https:\/\/myspainfood.com\/producto\/fuszeres-uborka-banderillas-3-8-kg\/"},"modified":"2025-09-17T17:41:11","modified_gmt":"2025-09-17T15:41:11","slug":"fuszeres-uborka-banderillas-3-8-kg","status":"publish","type":"product","link":"https:\/\/myspainfood.com\/hu\/producto\/fuszeres-uborka-banderillas-3-8-kg\/","title":{"rendered":"F\u0171szeres uborka Banderillas 3.8 kg"},"content":{"rendered":"<p>Az Almagro Banderillas Picantes Pepino Entero 3,8kg-os Banderillas Picantes Pepino Entero term\u00e9kkel egyszerre t\u00f6bbf\u00e9le <a href=\"https:\/\/www.laencajera.es\/encurtidos-de-almagro\" target=\"_blank\" rel=\"noopener noreferrer nofollow\">savany\u00fas\u00e1got<\/a> is fogyaszthat.<\/p>\n<p>Friss\u00edt\u0151 \u00e9s k\u00f6nny\u0171 \u00edz\u0171 banderill\u00e1inkat \u00e9tkez\u00e9sek k\u00f6z\u00f6tt vagy bar\u00e1ti t\u00e1rsas\u00e1gban is fogyaszthatja.<\/p>\n<p>\u00c9lvezze a f\u0171szereket egy falatban a Banderillas Picantes eg\u00e9sz ubork\u00e1val 3,8 kg. Eredet\u00fck Castilla la Mancha. <\/p>\n<p>\u00d6sszetev\u0151k: Hagyma 21-23, Pirospaprika, Ol\u00edva (200-320-as m\u00e9ret), Eg\u00e9sz uborka 60-80-as m\u00e9ret, Chilipaprika, V\u00edz, S\u00f3 \u00e9s m\u0171anyag sprotta, \u00cdzfokoz\u00f3 (E-621, E-627), Savany\u00fas\u00e1g E-330, Antioxid\u00e1ns E-300, Tart\u00f3s\u00edt\u00f3szerek (E-211, E-202, E-270, E-260) Szulfitokat tartalmaz.<\/p>\n<p>Meg\u0151rz\u00e9si felt\u00e9telek:<\/p>\n<p>H\u0171v\u00f6s \u00e9s sz\u00e1raz helyen, 3\u00baC \u00e9s 10\u00baC k\u00f6z\u00f6tt tartsa. Tartsa t\u00e1vol a napf\u00e9nyt\u0151l \u00e9s er\u0151s szagokt\u00f3l. <\/p>\n<p>Felbont\u00e1s ut\u00e1n tartsa h\u0171tve, \u00e9s 30 napon bel\u00fcl fogyassza el.<\/p>\n<p>Ha olajbogy\u00f3t vagy b\u00e1rmilyen m\u00e1s t\u00edpus\u00fa <a href=\"https:\/\/latiendadesami.com\/categoria-producto\/encurtidos\/\" rel=\"noopener noreferrer nofollow\" target=\"_blank\">savany\u00fas\u00e1got<\/a> szeretne v\u00e1s\u00e1rolni, ne habozzon, n\u00e9zze meg online katal\u00f3gusunkat, hogy megismerje a <a href=\"https:\/\/latiendadesami.com\/categoria-producto\/encurtidos\/berenjenas\/\" target=\"_blank\" rel=\"noopener noreferrer nofollow\">padlizs\u00e1nok<\/a> sz\u00e9les v\u00e1laszt\u00e9k\u00e1t.<\/p>\n<p>A m\u00e1rka a La Encajonera, egy 1990-ben alap\u00edtott csal\u00e1di v\u00e1llalkoz\u00e1s, amely La Mancha sz\u00edv\u00e9ben, ALMAGRO v\u00e1ros\u00e1ban, Ciudad Real tartom\u00e1nyban tal\u00e1lhat\u00f3.<\/p>\n<p>Term\u00e9keinek gy\u00e1rt\u00e1si folyamata ugyanazon a term\u0151ter\u00fcleten kezd\u0151dik, a legjobb min\u0151s\u00e9g\u0171 term\u00e9k kiv\u00e1laszt\u00e1s\u00e1val.<\/p>\n<p>A gy\u00e1r a legmodernebb technol\u00f3gi\u00e1val van felszerelve, mik\u00f6zben meg\u0151rzi a k\u00e9zm\u0171vesek hagyom\u00e1nyait \u00e9s tud\u00e1s\u00e1t.<\/p>\n","protected":false},"excerpt":{"rendered":"<p>Az Almagro Banderillas Picantes Pepino Entero 3,8kg-os Banderillas Picantes Pepino Entero term\u00e9kkel egyszerre t\u00f6bbf\u00e9le savany\u00fas\u00e1got is fogyaszthat. Friss\u00edt\u0151 \u00e9s k\u00f6nny\u0171 \u00edz\u0171 banderill\u00e1inkat \u00e9tkez\u00e9sek k\u00f6z\u00f6tt vagy bar\u00e1ti t\u00e1rsas\u00e1gban is fogyaszthatja. \u00c9lvezze a f\u0171szereket egy falatban a Banderillas Picantes eg\u00e9sz ubork\u00e1val 3,8 kg. Eredet\u00fck Castilla la Mancha. \u00d6sszetev\u0151k: Hagyma 21-23, Pirospaprika, Ol\u00edva (200-320-as m\u00e9ret), Eg\u00e9sz uborka 60-80-as [&hellip;]<\/p>\n","protected":false},"featured_media":7723,"template":"","meta":{"_et_pb_use_builder":"","_et_pb_old_content":"","_et_gb_content_width":""},"product_brand":[],"product_cat":[2077,1568,2001],"product_tag":[2078,2027],"class_list":{"0":"post-18163","1":"product","2":"type-product","3":"status-publish","4":"has-post-thumbnail","6":"product_cat-banderillas-hu","7":"product_cat-savanyusagok","8":"product_cat-uborka","9":"product_tag-fuszeres","10":"product_tag-gherkin-hu","12":"first","13":"instock","14":"taxable","15":"shipping-taxable","16":"purchasable","17":"product-type-simple"},"_links":{"self":[{"href":"https:\/\/myspainfood.com\/hu\/wp-json\/wp\/v2\/product\/18163","targetHints":{"allow":["GET"]}}],"collection":[{"href":"https:\/\/myspainfood.com\/hu\/wp-json\/wp\/v2\/product"}],"about":[{"href":"https:\/\/myspainfood.com\/hu\/wp-json\/wp\/v2\/types\/product"}],"wp:featuredmedia":[{"embeddable":true,"href":"https:\/\/myspainfood.com\/hu\/wp-json\/wp\/v2\/media\/7723"}],"wp:attachment":[{"href":"https:\/\/myspainfood.com\/hu\/wp-json\/wp\/v2\/media?parent=18163"}],"wp:term":[{"taxonomy":"product_brand","embeddable":true,"href":"https:\/\/myspainfood.com\/hu\/wp-json\/wp\/v2\/product_brand?post=18163"},{"taxonomy":"product_cat","embeddable":true,"href":"https:\/\/myspainfood.com\/hu\/wp-json\/wp\/v2\/product_cat?post=18163"},{"taxonomy":"product_tag","embeddable":true,"href":"https:\/\/myspainfood.com\/hu\/wp-json\/wp\/v2\/product_tag?post=18163"}],"curies":[{"name":"wp","href":"https:\/\/api.w.org\/{rel}","templated":true}]}}