{"id":18258,"date":"2025-04-10T12:05:35","date_gmt":"2025-04-10T10:05:35","guid":{"rendered":"https:\/\/myspainfood.com\/producto\/padlizsannal-toltott-gordonka-olajbogyo-45-kg\/"},"modified":"2025-08-23T13:57:21","modified_gmt":"2025-08-23T11:57:21","slug":"padlizsannal-toltott-gordonka-olajbogyo-45-kg","status":"publish","type":"product","link":"https:\/\/myspainfood.com\/hu\/producto\/padlizsannal-toltott-gordonka-olajbogyo-45-kg\/","title":{"rendered":"Padlizs\u00e1nnal t\u00f6lt\u00f6tt gordonka olajbogy\u00f3 4,5 kg"},"content":{"rendered":"<p>Gordal olajbogy\u00f3 t\u00f6lt\u00f6tt padlizs\u00e1n a gordal fajt\u00e1b\u00f3l, a hagyom\u00e1nyos Almagro <a href=\"https:\/\/www.laencajera.es\/aceitunas\" target=\"_blank\" rel=\"noopener noreferrer nofollow\">padlizs\u00e1nnal<\/a> t\u00f6ltve.<\/p>\n<p>Az egyik legn\u00e9pszer\u0171bb fajta. Ide\u00e1lis aperitifk\u00e9nt. <\/p>\n<p>\u00d6sszetev\u0151k: NTES: kimagozott Gordal olajbogy\u00f3, padlizs\u00e1n &#8222;De Almagro&#8221;, v\u00edz, s\u00f3, borecet, \u0151r\u00f6lt k\u00f6m\u00e9ny, paprika de la Vera, oreg\u00e1n\u00f3, \u00edzfokoz\u00f3 (E-621, E-631, E-627), savany\u00edt\u00f3szer (E-330), tart\u00f3s\u00edt\u00f3szerek (E-260, E-211, E-202), antioxid\u00e1ns (E-300) \u00e9s term\u00e9szetes esszenci\u00e1k (borsesszencia, fokhagymaesszencia, k\u00f6m\u00e9nyesszencia). Szulfitokat tartalmazhat. <\/p>\n<p>Tartsa h\u0171v\u00f6s, sz\u00e1raz helyen, 3\u00baC \u00e9s 10\u00baC k\u00f6z\u00f6tt.<\/p>\n<p>V\u00e9dje a napf\u00e9nyt\u0151l \u00e9s az er\u0151s szagokt\u00f3l.<\/p>\n<p>Gordal olajbogy\u00f3 padlizs\u00e1nnal t\u00f6ltve. 30 napon bel\u00fcl felbontva, h\u0171tve kell t\u00e1rolni \u00e9s fogyasztani.<\/p>\n<p>Ha olajbogy\u00f3t vagy b\u00e1rmilyen m\u00e1s t\u00edpus\u00fa <a href=\"https:\/\/latiendadesami.com\/categoria-producto\/encurtidos\/\" rel=\"noopener noreferrer nofollow\" target=\"_blank\">savany\u00fas\u00e1got<\/a> szeretne v\u00e1s\u00e1rolni, ne habozzon, n\u00e9zze meg online katal\u00f3gusunkat, hogy megismerje a <a href=\"https:\/\/latiendadesami.com\/categoria-producto\/encurtidos\/berenjenas\/\" target=\"_blank\" rel=\"noopener noreferrer nofollow\">padlizs\u00e1nok<\/a> sz\u00e9les v\u00e1laszt\u00e9k\u00e1t.<\/p>\n<p>A m\u00e1rka a La Encajonera, egy 1990-ben alap\u00edtott csal\u00e1di v\u00e1llalkoz\u00e1s, amely La Mancha sz\u00edv\u00e9ben, ALMAGRO v\u00e1ros\u00e1ban, Ciudad Real tartom\u00e1nyban tal\u00e1lhat\u00f3.<\/p>\n<p>Term\u00e9keinek gy\u00e1rt\u00e1si folyamata ugyanazon a term\u0151ter\u00fcleten kezd\u0151dik, a legjobb min\u0151s\u00e9g\u0171 term\u00e9k kiv\u00e1laszt\u00e1s\u00e1val.<\/p>\n<p>A gy\u00e1r a legmodernebb technol\u00f3gi\u00e1val van felszerelve, mik\u00f6zben meg\u0151rzi a k\u00e9zm\u0171vesek hagyom\u00e1nyait \u00e9s tud\u00e1s\u00e1t.<\/p>\n","protected":false},"excerpt":{"rendered":"<p>Gordal olajbogy\u00f3 t\u00f6lt\u00f6tt padlizs\u00e1n a gordal fajt\u00e1b\u00f3l, a hagyom\u00e1nyos Almagro padlizs\u00e1nnal t\u00f6ltve. Az egyik legn\u00e9pszer\u0171bb fajta. Ide\u00e1lis aperitifk\u00e9nt. \u00d6sszetev\u0151k: NTES: kimagozott Gordal olajbogy\u00f3, padlizs\u00e1n &#8222;De Almagro&#8221;, v\u00edz, s\u00f3, borecet, \u0151r\u00f6lt k\u00f6m\u00e9ny, paprika de la Vera, oreg\u00e1n\u00f3, \u00edzfokoz\u00f3 (E-621, E-631, E-627), savany\u00edt\u00f3szer (E-330), tart\u00f3s\u00edt\u00f3szerek (E-260, E-211, E-202), antioxid\u00e1ns (E-300) \u00e9s term\u00e9szetes esszenci\u00e1k (borsesszencia, fokhagymaesszencia, k\u00f6m\u00e9nyesszencia). Szulfitokat [&hellip;]<\/p>\n","protected":false},"featured_media":7518,"template":"","meta":{"_et_pb_use_builder":"","_et_pb_old_content":"","_et_gb_content_width":""},"product_brand":[],"product_cat":[1569,1568],"product_tag":[2162,2163],"class_list":{"0":"post-18258","1":"product","2":"type-product","3":"status-publish","4":"has-post-thumbnail","6":"product_cat-olajbogyo","7":"product_cat-savanyusagok","8":"product_tag-padlizsan","9":"product_tag-toltse-ki","11":"first","12":"instock","13":"taxable","14":"shipping-taxable","15":"purchasable","16":"product-type-simple"},"_links":{"self":[{"href":"https:\/\/myspainfood.com\/hu\/wp-json\/wp\/v2\/product\/18258","targetHints":{"allow":["GET"]}}],"collection":[{"href":"https:\/\/myspainfood.com\/hu\/wp-json\/wp\/v2\/product"}],"about":[{"href":"https:\/\/myspainfood.com\/hu\/wp-json\/wp\/v2\/types\/product"}],"wp:featuredmedia":[{"embeddable":true,"href":"https:\/\/myspainfood.com\/hu\/wp-json\/wp\/v2\/media\/7518"}],"wp:attachment":[{"href":"https:\/\/myspainfood.com\/hu\/wp-json\/wp\/v2\/media?parent=18258"}],"wp:term":[{"taxonomy":"product_brand","embeddable":true,"href":"https:\/\/myspainfood.com\/hu\/wp-json\/wp\/v2\/product_brand?post=18258"},{"taxonomy":"product_cat","embeddable":true,"href":"https:\/\/myspainfood.com\/hu\/wp-json\/wp\/v2\/product_cat?post=18258"},{"taxonomy":"product_tag","embeddable":true,"href":"https:\/\/myspainfood.com\/hu\/wp-json\/wp\/v2\/product_tag?post=18258"}],"curies":[{"name":"wp","href":"https:\/\/api.w.org\/{rel}","templated":true}]}}