{"id":18300,"date":"2025-04-10T12:09:16","date_gmt":"2025-04-10T10:09:16","guid":{"rendered":"https:\/\/myspainfood.com\/producto\/manzanilla-olajbogyo-szardella-izesitesu-140-160-5-kg-lecsepegtetve\/"},"modified":"2025-04-10T12:09:16","modified_gmt":"2025-04-10T10:09:16","slug":"manzanilla-olajbogyo-szardella-izesitesu-140-160-5-kg-lecsepegtetve","status":"publish","type":"product","link":"https:\/\/myspainfood.com\/hu\/producto\/manzanilla-olajbogyo-szardella-izesitesu-140-160-5-kg-lecsepegtetve\/","title":{"rendered":"Manzanilla olajbogy\u00f3 Szardella \u00edzes\u00edt\u00e9s\u0171 140-160 5 kg lecsepegtetve"},"content":{"rendered":"<p>A szardella \u00edz\u0171 manzanilla olajbogy\u00f3 a legn\u00e9pszer\u0171bb olajbogy\u00f3 a piacon. Finom \u00edze miatt nagyra \u00e9rt\u00e9kelik. Els\u0151sorban \u00e9tkez\u00e9si olajbogy\u00f3k\u00e9nt haszn\u00e1lj\u00e1k. S\u00e1rg\u00e1sz\u00f6ld sz\u00edn\u0171, kimagozott, enyhe \u00edz\u0171. Sz\u00e9les k\u00f6rben haszn\u00e1lj\u00e1k aperitifk\u00e9nt \u00e9s el\u0151\u00e9telk\u00e9nt. Olyan receptek r\u00e9sz\u00e9t k\u00e9pezi, mint a pizz\u00e1k, sal\u00e1t\u00e1k vagy bonyolultabb \u00e9telek.     <\/p>\n<p>\u00d6sszetev\u0151k: S\u00f3, savany\u00edt\u00f3szer (E-330), tart\u00f3s\u00edt\u00f3szerek.<\/p>\n<p>(E-211, E-202, E-270) Antioxid\u00e1ns (E-300)<\/p>\n<p>Szulfitokat tartalmazhat.<\/p>\n<p>Tartsa h\u0171v\u00f6s, sz\u00e1raz helyen, 3\u00baC \u00e9s 10\u00baC k\u00f6z\u00f6tt.<\/p>\n<p>V\u00e9dje a napf\u00e9nyt\u0151l \u00e9s az er\u0151s szagokt\u00f3l.<\/p>\n<p>Ha olajbogy\u00f3t vagy b\u00e1rmilyen m\u00e1s t\u00edpus\u00fa <a href=\"https:\/\/latiendadesami.com\/categoria-producto\/encurtidos\/\" rel=\"noopener noreferrer nofollow\" target=\"_blank\">savany\u00fas\u00e1got<\/a> szeretne v\u00e1s\u00e1rolni, ne habozzon, n\u00e9zze meg online katal\u00f3gusunkat, hogy megismerje a <a href=\"https:\/\/latiendadesami.com\/categoria-producto\/encurtidos\/berenjenas\/\" target=\"_blank\" rel=\"noopener noreferrer nofollow\">padlizs\u00e1nok<\/a> sz\u00e9les v\u00e1laszt\u00e9k\u00e1t.<\/p>\n<p>A m\u00e1rka a La Encajera, egy 1990-ben alap\u00edtott csal\u00e1di v\u00e1llalkoz\u00e1s, amely La Mancha sz\u00edv\u00e9ben, ALMAGRO v\u00e1ros\u00e1ban, Ciudad Real tartom\u00e1nyban tal\u00e1lhat\u00f3.<\/p>\n<p>Term\u00e9keinek gy\u00e1rt\u00e1si folyamata ugyanazon a term\u0151ter\u00fcleten kezd\u0151dik, a legjobb min\u0151s\u00e9g\u0171 term\u00e9k kiv\u00e1laszt\u00e1s\u00e1val.<\/p>\n<p>A gy\u00e1r a legmodernebb technol\u00f3gi\u00e1val van felszerelve, mik\u00f6zben meg\u0151rzi a k\u00e9zm\u0171vesek hagyom\u00e1nyait \u00e9s tud\u00e1s\u00e1t.<\/p>\n","protected":false},"excerpt":{"rendered":"<p>A szardella \u00edz\u0171 manzanilla olajbogy\u00f3 a legn\u00e9pszer\u0171bb olajbogy\u00f3 a piacon. Finom \u00edze miatt nagyra \u00e9rt\u00e9kelik. Els\u0151sorban \u00e9tkez\u00e9si olajbogy\u00f3k\u00e9nt haszn\u00e1lj\u00e1k. S\u00e1rg\u00e1sz\u00f6ld sz\u00edn\u0171, kimagozott, enyhe \u00edz\u0171. Sz\u00e9les k\u00f6rben haszn\u00e1lj\u00e1k aperitifk\u00e9nt \u00e9s el\u0151\u00e9telk\u00e9nt. Olyan receptek r\u00e9sz\u00e9t k\u00e9pezi, mint a pizz\u00e1k, sal\u00e1t\u00e1k vagy bonyolultabb \u00e9telek. \u00d6sszetev\u0151k: S\u00f3, savany\u00edt\u00f3szer (E-330), tart\u00f3s\u00edt\u00f3szerek. (E-211, E-202, E-270) Antioxid\u00e1ns (E-300) Szulfitokat tartalmazhat. Tartsa h\u0171v\u00f6s, [&hellip;]<\/p>\n","protected":false},"featured_media":11845,"template":"","meta":{"_et_pb_use_builder":"","_et_pb_old_content":"","_et_gb_content_width":""},"product_brand":[],"product_cat":[1569,1568],"product_tag":[2162,2163],"class_list":{"0":"post-18300","1":"product","2":"type-product","3":"status-publish","4":"has-post-thumbnail","6":"product_cat-olajbogyo","7":"product_cat-savanyusagok","8":"product_tag-padlizsan","9":"product_tag-toltse-ki","11":"first","12":"instock","13":"taxable","14":"shipping-taxable","15":"purchasable","16":"product-type-simple"},"_links":{"self":[{"href":"https:\/\/myspainfood.com\/hu\/wp-json\/wp\/v2\/product\/18300","targetHints":{"allow":["GET"]}}],"collection":[{"href":"https:\/\/myspainfood.com\/hu\/wp-json\/wp\/v2\/product"}],"about":[{"href":"https:\/\/myspainfood.com\/hu\/wp-json\/wp\/v2\/types\/product"}],"wp:featuredmedia":[{"embeddable":true,"href":"https:\/\/myspainfood.com\/hu\/wp-json\/wp\/v2\/media\/11845"}],"wp:attachment":[{"href":"https:\/\/myspainfood.com\/hu\/wp-json\/wp\/v2\/media?parent=18300"}],"wp:term":[{"taxonomy":"product_brand","embeddable":true,"href":"https:\/\/myspainfood.com\/hu\/wp-json\/wp\/v2\/product_brand?post=18300"},{"taxonomy":"product_cat","embeddable":true,"href":"https:\/\/myspainfood.com\/hu\/wp-json\/wp\/v2\/product_cat?post=18300"},{"taxonomy":"product_tag","embeddable":true,"href":"https:\/\/myspainfood.com\/hu\/wp-json\/wp\/v2\/product_tag?post=18300"}],"curies":[{"name":"wp","href":"https:\/\/api.w.org\/{rel}","templated":true}]}}