{"id":18628,"date":"2025-04-10T12:16:51","date_gmt":"2025-04-10T10:16:51","guid":{"rendered":"https:\/\/myspainfood.com\/producto\/tetel-3c-kantabriai-szardella-file-heringfile-heringfile-olajbogyoval-picarpicar\/"},"modified":"2026-01-13T13:54:36","modified_gmt":"2026-01-13T12:54:36","slug":"tetel-3c-kantabriai-szardella-file-heringfile-heringfile-olajbogyoval-picarpicar","status":"publish","type":"product","link":"https:\/\/myspainfood.com\/hu\/producto\/tetel-3c-kantabriai-szardella-file-heringfile-heringfile-olajbogyoval-picarpicar\/","title":{"rendered":"t\u00e9tel 3C Kantabriai szardella fil\u00e9 - heringfil\u00e9 - heringfil\u00e9 olajbogy\u00f3val Picar&amp;Picar"},"content":{"rendered":"<p>TARTALOM:<\/p>\n<ul>\n<li>Szardella fil\u00e9 a Vizcayai-\u00f6b\u00f6lb\u0151l:<\/li>\n<\/ul>\n<p>300 g-os k\u00e1d: 1 db<\/p>\n<ul>\n<li>Heringfil\u00e9:<\/li>\n<\/ul>\n<p>T\u00e1lca 220 gr: 1 db<\/p>\n<ul>\n<li>Heringfil\u00e9 olajbogy\u00f3val:<\/li>\n<\/ul>\n<p>T\u00e1lca 220 gr: 1 db<\/p>\n","protected":false},"excerpt":{"rendered":"<p>TARTALOM: Szardella fil\u00e9 a Vizcayai-\u00f6b\u00f6lb\u0151l: 300 g-os k\u00e1d: 1 db Heringfil\u00e9: T\u00e1lca 220 gr: 1 db Heringfil\u00e9 olajbogy\u00f3val: T\u00e1lca 220 gr: 1 db<\/p>\n","protected":false},"featured_media":15823,"template":"","meta":{"_et_pb_use_builder":"","_et_pb_old_content":"","_et_gb_content_width":""},"product_brand":[1127],"product_cat":[1837,1888],"product_tag":[],"class_list":{"0":"post-18628","1":"product","2":"type-product","3":"status-publish","4":"has-post-thumbnail","6":"product_brand-picarpicar","7":"product_cat-hideg","8":"product_cat-szardella-hu","9":"product_shipping_class-hidegszallitas","11":"first","12":"outofstock","13":"taxable","14":"shipping-taxable","15":"purchasable","16":"product-type-simple"},"_links":{"self":[{"href":"https:\/\/myspainfood.com\/hu\/wp-json\/wp\/v2\/product\/18628","targetHints":{"allow":["GET"]}}],"collection":[{"href":"https:\/\/myspainfood.com\/hu\/wp-json\/wp\/v2\/product"}],"about":[{"href":"https:\/\/myspainfood.com\/hu\/wp-json\/wp\/v2\/types\/product"}],"wp:featuredmedia":[{"embeddable":true,"href":"https:\/\/myspainfood.com\/hu\/wp-json\/wp\/v2\/media\/15823"}],"wp:attachment":[{"href":"https:\/\/myspainfood.com\/hu\/wp-json\/wp\/v2\/media?parent=18628"}],"wp:term":[{"taxonomy":"product_brand","embeddable":true,"href":"https:\/\/myspainfood.com\/hu\/wp-json\/wp\/v2\/product_brand?post=18628"},{"taxonomy":"product_cat","embeddable":true,"href":"https:\/\/myspainfood.com\/hu\/wp-json\/wp\/v2\/product_cat?post=18628"},{"taxonomy":"product_tag","embeddable":true,"href":"https:\/\/myspainfood.com\/hu\/wp-json\/wp\/v2\/product_tag?post=18628"}],"curies":[{"name":"wp","href":"https:\/\/api.w.org\/{rel}","templated":true}]}}