{"id":18701,"date":"2025-04-10T12:16:51","date_gmt":"2025-04-10T10:16:51","guid":{"rendered":"https:\/\/myspainfood.com\/producto\/1f-tetel-szardellafile-olajban-szardellafile-ecetben-szardellafile-fokhagymas-petrezselymes-martasban-fokhagymas-es-petrezselymes-chop-chop-aprora-vagva\/"},"modified":"2026-01-13T13:53:44","modified_gmt":"2026-01-13T12:53:44","slug":"1f-tetel-szardellafile-olajban-szardellafile-ecetben-szardellafile-fokhagymas-petrezselymes-martasban-fokhagymas-es-petrezselymes-chop-chop-aprora-vagva","status":"publish","type":"product","link":"https:\/\/myspainfood.com\/hu\/producto\/1f-tetel-szardellafile-olajban-szardellafile-ecetben-szardellafile-fokhagymas-petrezselymes-martasban-fokhagymas-es-petrezselymes-chop-chop-aprora-vagva\/","title":{"rendered":"1F t\u00e9tel Szardellafil\u00e9 olajban - szardellafil\u00e9 ecetben - szardellafil\u00e9 fokhagym\u00e1s petrezselymes m\u00e1rt\u00e1sban (fokhagym\u00e1s \u00e9s petrezselymes) Chop &amp; Chop (apr\u00f3ra v\u00e1gva)"},"content":{"rendered":"<p>TARTALOM:<\/p>\n<ul>\n<li>Szardella fil\u00e9 olajban:<\/li>\n<\/ul>\n<p>T\u00e1lca 200 gr: 3 db<\/p>\n<ul>\n<li>Szardella fil\u00e9 ecetben:<\/li>\n<\/ul>\n<p>T\u00e1lca 200 gr: 3 db<\/p>\n<ul>\n<li>F\u0171szerezett szardellafil\u00e9 (fokhagym\u00e1val \u00e9s petrezselyemmel):<\/li>\n<\/ul>\n<p>T\u00e1lca 200 gr: 3 db<\/p>\n","protected":false},"excerpt":{"rendered":"<p>TARTALOM: Szardella fil\u00e9 olajban: T\u00e1lca 200 gr: 3 db Szardella fil\u00e9 ecetben: T\u00e1lca 200 gr: 3 db F\u0171szerezett szardellafil\u00e9 (fokhagym\u00e1val \u00e9s petrezselyemmel): T\u00e1lca 200 gr: 3 db<\/p>\n","protected":false},"featured_media":15832,"template":"","meta":{"_et_pb_use_builder":"","_et_pb_old_content":"","_et_gb_content_width":""},"product_brand":[1127],"product_cat":[1837,1888],"product_tag":[],"class_list":{"0":"post-18701","1":"product","2":"type-product","3":"status-publish","4":"has-post-thumbnail","6":"product_brand-picarpicar","7":"product_cat-hideg","8":"product_cat-szardella-hu","9":"product_shipping_class-hidegszallitas","11":"first","12":"outofstock","13":"taxable","14":"shipping-taxable","15":"purchasable","16":"product-type-simple"},"_links":{"self":[{"href":"https:\/\/myspainfood.com\/hu\/wp-json\/wp\/v2\/product\/18701","targetHints":{"allow":["GET"]}}],"collection":[{"href":"https:\/\/myspainfood.com\/hu\/wp-json\/wp\/v2\/product"}],"about":[{"href":"https:\/\/myspainfood.com\/hu\/wp-json\/wp\/v2\/types\/product"}],"wp:featuredmedia":[{"embeddable":true,"href":"https:\/\/myspainfood.com\/hu\/wp-json\/wp\/v2\/media\/15832"}],"wp:attachment":[{"href":"https:\/\/myspainfood.com\/hu\/wp-json\/wp\/v2\/media?parent=18701"}],"wp:term":[{"taxonomy":"product_brand","embeddable":true,"href":"https:\/\/myspainfood.com\/hu\/wp-json\/wp\/v2\/product_brand?post=18701"},{"taxonomy":"product_cat","embeddable":true,"href":"https:\/\/myspainfood.com\/hu\/wp-json\/wp\/v2\/product_cat?post=18701"},{"taxonomy":"product_tag","embeddable":true,"href":"https:\/\/myspainfood.com\/hu\/wp-json\/wp\/v2\/product_tag?post=18701"}],"curies":[{"name":"wp","href":"https:\/\/api.w.org\/{rel}","templated":true}]}}