{"id":18743,"date":"2025-04-10T12:16:50","date_gmt":"2025-04-10T10:16:50","guid":{"rendered":"https:\/\/myspainfood.com\/producto\/tetel-3a-szardellafile-a-vizcayai-obolbol-szardellafile-fokhagymas-petrezselymes-martassal-picarpicar\/"},"modified":"2026-01-13T13:51:29","modified_gmt":"2026-01-13T12:51:29","slug":"tetel-3a-szardellafile-a-vizcayai-obolbol-szardellafile-fokhagymas-petrezselymes-martassal-picarpicar","status":"publish","type":"product","link":"https:\/\/myspainfood.com\/hu\/producto\/tetel-3a-szardellafile-a-vizcayai-obolbol-szardellafile-fokhagymas-petrezselymes-martassal-picarpicar\/","title":{"rendered":"t\u00e9tel 3A Szardellafil\u00e9 a Vizcayai-\u00f6b\u00f6lb\u0151l - szardellafil\u00e9 fokhagym\u00e1s petrezselymes m\u00e1rt\u00e1ssal - Picar&amp;Picar"},"content":{"rendered":"<p>TARTALOM:<\/p>\n<ul>\n<li>Szardella fil\u00e9:<\/li>\n<\/ul>\n<p>Tripack: 3 db<\/p>\n<ul>\n<li>Szardella fil\u00e9 a Vizcayai-\u00f6b\u00f6lb\u0151l:<\/li>\n<\/ul>\n<p>120 gr-os t\u00e1lca: 2 db<\/p>\n<ul>\n<li>F\u0171szerezett szardellafil\u00e9 (fokhagym\u00e1val \u00e9s petrezselyemmel):<\/li>\n<\/ul>\n<p>700 g-os k\u00e1d: 1 db<\/p>\n<p>\u00cdnyenc term\u00e9k.<\/p>\n","protected":false},"excerpt":{"rendered":"<p>TARTALOM: Szardella fil\u00e9: Tripack: 3 db Szardella fil\u00e9 a Vizcayai-\u00f6b\u00f6lb\u0151l: 120 gr-os t\u00e1lca: 2 db F\u0171szerezett szardellafil\u00e9 (fokhagym\u00e1val \u00e9s petrezselyemmel): 700 g-os k\u00e1d: 1 db \u00cdnyenc term\u00e9k.<\/p>\n","protected":false},"featured_media":15796,"template":"","meta":{"_et_pb_use_builder":"","_et_pb_old_content":"","_et_gb_content_width":""},"product_brand":[1127],"product_cat":[1837,1888],"product_tag":[],"class_list":{"0":"post-18743","1":"product","2":"type-product","3":"status-publish","4":"has-post-thumbnail","6":"product_brand-picarpicar","7":"product_cat-hideg","8":"product_cat-szardella-hu","9":"product_shipping_class-hidegszallitas","11":"first","12":"outofstock","13":"taxable","14":"shipping-taxable","15":"purchasable","16":"product-type-simple"},"_links":{"self":[{"href":"https:\/\/myspainfood.com\/hu\/wp-json\/wp\/v2\/product\/18743","targetHints":{"allow":["GET"]}}],"collection":[{"href":"https:\/\/myspainfood.com\/hu\/wp-json\/wp\/v2\/product"}],"about":[{"href":"https:\/\/myspainfood.com\/hu\/wp-json\/wp\/v2\/types\/product"}],"wp:featuredmedia":[{"embeddable":true,"href":"https:\/\/myspainfood.com\/hu\/wp-json\/wp\/v2\/media\/15796"}],"wp:attachment":[{"href":"https:\/\/myspainfood.com\/hu\/wp-json\/wp\/v2\/media?parent=18743"}],"wp:term":[{"taxonomy":"product_brand","embeddable":true,"href":"https:\/\/myspainfood.com\/hu\/wp-json\/wp\/v2\/product_brand?post=18743"},{"taxonomy":"product_cat","embeddable":true,"href":"https:\/\/myspainfood.com\/hu\/wp-json\/wp\/v2\/product_cat?post=18743"},{"taxonomy":"product_tag","embeddable":true,"href":"https:\/\/myspainfood.com\/hu\/wp-json\/wp\/v2\/product_tag?post=18743"}],"curies":[{"name":"wp","href":"https:\/\/api.w.org\/{rel}","templated":true}]}}