{"id":18883,"date":"2025-04-10T12:16:20","date_gmt":"2025-04-10T10:16:20","guid":{"rendered":"https:\/\/myspainfood.com\/producto\/extra-szuz-olivaolaj-3-kancso-viejo-olivas-15-l\/"},"modified":"2026-01-29T12:35:24","modified_gmt":"2026-01-29T11:35:24","slug":"extra-szuz-olivaolaj-3-kancso-viejo-olivas-15-l","status":"publish","type":"product","link":"https:\/\/myspainfood.com\/hu\/producto\/extra-szuz-olivaolaj-3-kancso-viejo-olivas-15-l\/","title":{"rendered":"Extra sz\u0171z ol\u00edvaolaj - 3 kancs\u00f3 - Viejo Olivas - 15 L"},"content":{"rendered":"<h3><strong>Extra sz\u0171z ol\u00edvaolaj - 3 kancs\u00f3 - Viejo Olivas - 15 L<\/strong><\/h3>\n<p>Fedezze fel a mediterr\u00e1n \u00edzvil\u00e1g gazdags\u00e1g\u00e1t a <strong>Viejo Olivas Extra Sz\u0171z Ol\u00edvaolaj csomaggal<\/strong>, amely h\u00e1rom 5 literes palackot tartalmaz. Ez az olaj a legjobb min\u0151s\u00e9g\u0171, hagyom\u00e1nyos olajfaligeteken termesztett olajbogy\u00f3k gondos v\u00e1logat\u00e1s\u00e1nak eredm\u00e9nye. <strong>Hideg extrakci\u00f3s elj\u00e1r\u00e1sa<\/strong> garant\u00e1lja, hogy minden egyes csepp meg\u0151rzi az \u00f6sszes t\u00e1p\u00e9rt\u00e9ket \u00e9s a kiv\u00e9teles \u00edzt, amely az igazi extra sz\u0171z ol\u00edvaolajat jellemzi.  <\/p>\n<p>Mindegyik 5 literes karaf\u00e9t \u00fagy tervezt\u00e9k, hogy megfeleljen a szak\u00e1csok \u00e9s az \u00e9telek szerelmesei ig\u00e9nyeinek. A gy\u00fcm\u00f6lcs\u00f6s arom\u00e1val \u00e9s kiegyens\u00falyozott \u00edzvil\u00e1ggal ez az olaj t\u00f6k\u00e9letes a sal\u00e1t\u00e1k, p\u00e1cok \u00e9s p\u00f6rk\u00f6ltek \u00edz\u00e9nek fokoz\u00e1s\u00e1ra. Ide\u00e1lis mindennapi haszn\u00e1latra, 15 literes form\u00e1tuma jelent\u0151s megtakar\u00edt\u00e1st biztos\u00edt a min\u0151s\u00e9g rov\u00e1s\u00e1ra men\u00e9s n\u00e9lk\u00fcl, \u00edgy mindig k\u00e9zn\u00e9l van a mediterr\u00e1n konyha e n\u00e9lk\u00fcl\u00f6zhetetlen \u00f6sszetev\u0151je.  <\/p>\n<p><strong>Mi\u00e9rt v\u00e1lassza a Viejo Olivas extra sz\u0171z ol\u00edvaolajat?<\/strong><\/p>\n<ul>\n<li><strong>Pr\u00e9mium min\u0151s\u00e9g<\/strong>: Minden egyes karaffa v\u00e1logatott olajbogy\u00f3kb\u00f3l k\u00e9sz\u00fcl, \u00edgy az olaj intenz\u00edv \u00edz\u0171 \u00e9s eg\u00e9szs\u00e9ges tulajdons\u00e1gokkal rendelkezik.<\/li>\n<li><strong>Sokoldal\u00fa felhaszn\u00e1l\u00e1s<\/strong>: T\u00f6k\u00e9letes f\u0151z\u00e9shez, f\u0171szerez\u00e9shez \u00e9s \u00e9telek k\u00fcl\u00f6nleges \u00edzes\u00edt\u00e9s\u00e9hez.<\/li>\n<li><strong>Gazdas\u00e1gi hat\u00e9konys\u00e1g<\/strong>: A csomagban t\u00f6rt\u00e9n\u0151 v\u00e1s\u00e1rl\u00e1ssal kiv\u00e1l\u00f3 \u00e1r-\u00e9rt\u00e9k ar\u00e1nyt kap, ide\u00e1lis csal\u00e1dok vagy vend\u00e9gl\u00e1t\u00f3ipari v\u00e1llalkoz\u00e1sok sz\u00e1m\u00e1ra.<\/li>\n<\/ul>\n<p>Ha t\u00f6bbet szeretne megtudni az ol\u00edvaolajok el\u0151nyeir\u0151l, l\u00e1togasson el az <a target=\"_new\" rel=\"noopener\">ol\u00edvaolaj el\u0151nyei<\/a> c\u00edm\u0171 r\u00e9szbe, \u00e9s megtudhatja, hogyan jav\u00edthatja az eg\u00e9szs\u00e9g\u00e9t \u00e9s a recepteket. Ha sz\u00e9lesebb v\u00e1laszt\u00e9kot szeretne, n\u00e9zze meg <a target=\"_new\" rel=\"noopener\">olajok \u00e9s ecetek<\/a> kateg\u00f3ri\u00e1nkat, ahol m\u00e1s kiv\u00e1l\u00f3 min\u0151s\u00e9g\u0171 term\u00e9keket is tal\u00e1l, amelyek t\u00f6k\u00e9letesen kieg\u00e9sz\u00edtik konyh\u00e1j\u00e1t.<\/p>\n<p>Ha a <strong>Viejo Olivas Extra Sz\u0171z Ol\u00edvaolaj csomagot<\/strong> v\u00e1lasztja, nemcsak a min\u0151s\u00e9get \u00e9s az \u00edzt v\u00e1lasztja, hanem a fenntarthat\u00f3 \u00e9s felel\u0151s mez\u0151gazdas\u00e1gi gyakorlatot is t\u00e1mogatja. Haszn\u00e1lja ki a lehet\u0151s\u00e9get, hogy a mediterr\u00e1n hagyom\u00e1nyok legjav\u00e1t hozza el asztal\u00e1ra, rendelje meg m\u00e9g ma, \u00e9s v\u00e1ltoztasson minden \u00e9tkez\u00e9st \u00ednyenc \u00e9lm\u00e9nny\u00e9!  <\/p>\n","protected":false},"excerpt":{"rendered":"<p>Extra sz\u0171z ol\u00edvaolaj - 3 kancs\u00f3 - Viejo Olivas - 15 L Fedezze fel a mediterr\u00e1n \u00edzvil\u00e1g gazdags\u00e1g\u00e1t a Viejo Olivas Extra Sz\u0171z Ol\u00edvaolaj csomaggal, amely h\u00e1rom 5 literes palackot tartalmaz. Ez az olaj a legjobb min\u0151s\u00e9g\u0171, hagyom\u00e1nyos olajfaligeteken termesztett olajbogy\u00f3k gondos v\u00e1logat\u00e1s\u00e1nak eredm\u00e9nye. Hideg extrakci\u00f3s elj\u00e1r\u00e1sa garant\u00e1lja, hogy minden egyes csepp meg\u0151rzi az \u00f6sszes [&hellip;]<\/p>\n","protected":false},"featured_media":15175,"template":"","meta":{"_et_pb_use_builder":"","_et_pb_old_content":"","_et_gb_content_width":""},"product_brand":[1221],"product_cat":[2249,2248],"product_tag":[2250],"class_list":{"0":"post-18883","1":"product","2":"type-product","3":"status-publish","4":"has-post-thumbnail","6":"product_brand-valdezarza","7":"product_cat-extra-szuz-oliva","8":"product_cat-olaj","9":"product_tag-olaj","11":"first","12":"outofstock","13":"featured","14":"taxable","15":"shipping-taxable","16":"purchasable","17":"product-type-simple"},"_links":{"self":[{"href":"https:\/\/myspainfood.com\/hu\/wp-json\/wp\/v2\/product\/18883","targetHints":{"allow":["GET"]}}],"collection":[{"href":"https:\/\/myspainfood.com\/hu\/wp-json\/wp\/v2\/product"}],"about":[{"href":"https:\/\/myspainfood.com\/hu\/wp-json\/wp\/v2\/types\/product"}],"wp:featuredmedia":[{"embeddable":true,"href":"https:\/\/myspainfood.com\/hu\/wp-json\/wp\/v2\/media\/15175"}],"wp:attachment":[{"href":"https:\/\/myspainfood.com\/hu\/wp-json\/wp\/v2\/media?parent=18883"}],"wp:term":[{"taxonomy":"product_brand","embeddable":true,"href":"https:\/\/myspainfood.com\/hu\/wp-json\/wp\/v2\/product_brand?post=18883"},{"taxonomy":"product_cat","embeddable":true,"href":"https:\/\/myspainfood.com\/hu\/wp-json\/wp\/v2\/product_cat?post=18883"},{"taxonomy":"product_tag","embeddable":true,"href":"https:\/\/myspainfood.com\/hu\/wp-json\/wp\/v2\/product_tag?post=18883"}],"curies":[{"name":"wp","href":"https:\/\/api.w.org\/{rel}","templated":true}]}}