{"id":18971,"date":"2025-04-10T12:16:34","date_gmt":"2025-04-10T10:16:34","guid":{"rendered":"https:\/\/myspainfood.com\/producto\/makkos-serteskaraj-50-os-iberiai-serteskaraj-fili-500-gr\/"},"modified":"2026-01-30T08:24:44","modified_gmt":"2026-01-30T07:24:44","slug":"makkos-serteskaraj-50-os-iberiai-serteskaraj-fili-500-gr","status":"publish","type":"product","link":"https:\/\/myspainfood.com\/hu\/producto\/makkos-serteskaraj-50-os-iberiai-serteskaraj-fili-500-gr\/","title":{"rendered":"Makkos sert\u00e9skaraj 50%-os ib\u00e9riai sert\u00e9skaraj - Fili - 500 gr"},"content":{"rendered":"<p>A 800 gramm <strong>ib\u00e9riai makkolt 50% makkolt sert\u00e9skaraj - FILI<\/strong> egy \u00ednyenc csemege, amely vadon nevelt, makkkal t\u00e1pl\u00e1lt, fajtatiszta ib\u00e9riai sert\u00e9sekb\u0151l k\u00e9sz\u00fclt. Ez a k\u00e9zm\u0171ves elj\u00e1r\u00e1s \u00e9s a gondos p\u00e1col\u00e1s p\u00e1ratlan \u00edzt \u00e9s l\u00e9d\u00fas text\u00far\u00e1t eredm\u00e9nyez. T\u00f6k\u00e9letes az ib\u00e9riai term\u00e9kek kedvel\u0151inek, \u00e9s eg\u00e9szs\u00e9ges zs\u00edrsavakban gazdag.  <\/p>\n<p>Ha t\u00f6bbet szeretne megtudni az ib\u00e9riai term\u00e9kek fogyaszt\u00e1s\u00e1nak el\u0151nyeir\u0151l, l\u00e1togasson el a <a href=\"https:\/\/www.jamonlovers.es\" target=\"_new\" rel=\"noopener noreferrer nofollow\" target=\"_blank\">Jam\u00f3n Lovers<\/a> oldalra.<\/p>\n<p>Fedezzen fel t\u00f6bb lehet\u0151s\u00e9get a k\u00f6vetkez\u0151 kateg\u00f3ri\u00e1inkban <a href=\"https:\/\/latiendadesami.com\/categoria-producto\/queso-embutido\/\" target=\"_blank\" rel=\"noopener noreferrer nofollow\"><span style=\"color: #2ea3f2;\">Kolb\u00e1szok<\/span><\/a><\/p>\n","protected":false},"excerpt":{"rendered":"<p>A 800 gramm ib\u00e9riai makkolt 50% makkolt sert\u00e9skaraj - FILI egy \u00ednyenc csemege, amely vadon nevelt, makkkal t\u00e1pl\u00e1lt, fajtatiszta ib\u00e9riai sert\u00e9sekb\u0151l k\u00e9sz\u00fclt. Ez a k\u00e9zm\u0171ves elj\u00e1r\u00e1s \u00e9s a gondos p\u00e1col\u00e1s p\u00e1ratlan \u00edzt \u00e9s l\u00e9d\u00fas text\u00far\u00e1t eredm\u00e9nyez. T\u00f6k\u00e9letes az ib\u00e9riai term\u00e9kek kedvel\u0151inek, \u00e9s eg\u00e9szs\u00e9ges zs\u00edrsavakban gazdag. Ha t\u00f6bbet szeretne megtudni az ib\u00e9riai term\u00e9kek fogyaszt\u00e1s\u00e1nak el\u0151nyeir\u0151l, l\u00e1togasson [&hellip;]<\/p>\n","protected":false},"featured_media":15463,"template":"","meta":{"_et_pb_use_builder":"","_et_pb_old_content":"","_et_gb_content_width":""},"product_brand":[],"product_cat":[2279,2278],"product_tag":[],"class_list":{"0":"post-18971","1":"product","2":"type-product","3":"status-publish","4":"has-post-thumbnail","6":"product_cat-kolbasz","7":"product_cat-sajt-es-kolbasz","9":"first","10":"outofstock","11":"taxable","12":"shipping-taxable","13":"purchasable","14":"product-type-simple"},"_links":{"self":[{"href":"https:\/\/myspainfood.com\/hu\/wp-json\/wp\/v2\/product\/18971","targetHints":{"allow":["GET"]}}],"collection":[{"href":"https:\/\/myspainfood.com\/hu\/wp-json\/wp\/v2\/product"}],"about":[{"href":"https:\/\/myspainfood.com\/hu\/wp-json\/wp\/v2\/types\/product"}],"wp:featuredmedia":[{"embeddable":true,"href":"https:\/\/myspainfood.com\/hu\/wp-json\/wp\/v2\/media\/15463"}],"wp:attachment":[{"href":"https:\/\/myspainfood.com\/hu\/wp-json\/wp\/v2\/media?parent=18971"}],"wp:term":[{"taxonomy":"product_brand","embeddable":true,"href":"https:\/\/myspainfood.com\/hu\/wp-json\/wp\/v2\/product_brand?post=18971"},{"taxonomy":"product_cat","embeddable":true,"href":"https:\/\/myspainfood.com\/hu\/wp-json\/wp\/v2\/product_cat?post=18971"},{"taxonomy":"product_tag","embeddable":true,"href":"https:\/\/myspainfood.com\/hu\/wp-json\/wp\/v2\/product_tag?post=18971"}],"curies":[{"name":"wp","href":"https:\/\/api.w.org\/{rel}","templated":true}]}}