{"id":19144,"date":"2025-04-10T12:16:39","date_gmt":"2025-04-10T10:16:39","guid":{"rendered":"https:\/\/myspainfood.com\/producto\/extra-szuz-olivaolaj-viejo-olivar-5-liter-cazorla-jaen\/"},"modified":"2026-01-29T12:36:25","modified_gmt":"2026-01-29T11:36:25","slug":"extra-szuz-olivaolaj-viejo-olivar-5-liter-cazorla-jaen","status":"publish","type":"product","link":"https:\/\/myspainfood.com\/hu\/producto\/extra-szuz-olivaolaj-viejo-olivar-5-liter-cazorla-jaen\/","title":{"rendered":"Extra sz\u0171z ol\u00edvaolaj Viejo Olivar 5 liter Cazorla Ja\u00e9n"},"content":{"rendered":"<p>A ja\u00e9ni <strong>extra sz\u0171z ol\u00edvaolaj<\/strong> a spanyol gasztron\u00f3mia egyik szt\u00e1rterm\u00e9ke, \u00e9s egyben az eg\u00e9sz vil\u00e1gra sz\u00f3l\u00f3 aj\u00e1nl\u00f3level\u00fcnk. Ol\u00edvaolajat v\u00e1s\u00e1rolni azt jelenti, hogy hihetetlen eg\u00e9szs\u00e9g\u00fcgyi el\u0151nyei miatt egy kiv\u00e9teles term\u00e9kre tesz\u00fcnk szert. R\u00e1ad\u00e1sul ez a mediterr\u00e1n \u00e9trend alapvet\u0151 \u00f6sszetev\u0151je, amely egyetlen mag\u00e1ra valamit is ad\u00f3 konyh\u00e1b\u00f3l sem hi\u00e1nyozhat.  <\/p>\n<p>Az ol\u00edvaolajok k\u00f6z\u00fcl az extra sz\u0171z ol\u00edvaolaj a legkiv\u00e1l\u00f3bb az \u00edze, az arom\u00e1ja \u00e9s a szervezetre gyakorolt j\u00f3t\u00e9kony hat\u00e1sa miatt. Gazdag A-, D-, E- \u00e9s K-vitaminokban, megakad\u00e1lyozza a koleszterin felhalmoz\u00f3d\u00e1s\u00e1nak kock\u00e1zat\u00e1t, jav\u00edtja a v\u00e9rnyom\u00e1st \u00e9s el\u0151seg\u00edti a b\u00e9lmozg\u00e1st. Mindezen okok miatt az extra sz\u0171z ol\u00edvaolaj v\u00e1s\u00e1rl\u00e1sa mindig a legjobb v\u00e1laszt\u00e1s lesz az eg\u00e9szs\u00e9g\u00fcnk \u00e9s az \u00edzl\u00e9s\u00fcnk szempontj\u00e1b\u00f3l.  <\/p>\n<p>Ja\u00e9nben b\u00fcszk\u00e9k vagyunk arra, hogy mi vagyunk a vil\u00e1g legnagyobb ol\u00edvaolaj-termel\u0151i, \u00e9s a mi f\u00f6ld\u00fcnkr\u0151l sz\u00e1rmaz\u00f3 extra sz\u0171z ol\u00edvaolajok k\u00e9ts\u00e9gk\u00edv\u00fcl a legh\u00edresebbek mind orsz\u00e1gos, mind nemzetk\u00f6zi szinten, \u00e9s a legjobb min\u0151s\u00e9g\u0171ek, amelyeket csak itt lehet kapni.<\/p>\n","protected":false},"excerpt":{"rendered":"<p>A ja\u00e9ni extra sz\u0171z ol\u00edvaolaj a spanyol gasztron\u00f3mia egyik szt\u00e1rterm\u00e9ke, \u00e9s egyben az eg\u00e9sz vil\u00e1gra sz\u00f3l\u00f3 aj\u00e1nl\u00f3level\u00fcnk. Ol\u00edvaolajat v\u00e1s\u00e1rolni azt jelenti, hogy hihetetlen eg\u00e9szs\u00e9g\u00fcgyi el\u0151nyei miatt egy kiv\u00e9teles term\u00e9kre tesz\u00fcnk szert. R\u00e1ad\u00e1sul ez a mediterr\u00e1n \u00e9trend alapvet\u0151 \u00f6sszetev\u0151je, amely egyetlen mag\u00e1ra valamit is ad\u00f3 konyh\u00e1b\u00f3l sem hi\u00e1nyozhat. Az ol\u00edvaolajok k\u00f6z\u00fcl az extra sz\u0171z ol\u00edvaolaj a [&hellip;]<\/p>\n","protected":false},"featured_media":15175,"template":"","meta":{"_et_pb_use_builder":"","_et_pb_old_content":"","_et_gb_content_width":""},"product_brand":[1221],"product_cat":[2249,2248],"product_tag":[2250],"class_list":{"0":"post-19144","1":"product","2":"type-product","3":"status-publish","4":"has-post-thumbnail","6":"product_brand-valdezarza","7":"product_cat-extra-szuz-oliva","8":"product_cat-olaj","9":"product_tag-olaj","11":"first","12":"outofstock","13":"featured","14":"taxable","15":"shipping-taxable","16":"product-type-variable"},"_links":{"self":[{"href":"https:\/\/myspainfood.com\/hu\/wp-json\/wp\/v2\/product\/19144","targetHints":{"allow":["GET"]}}],"collection":[{"href":"https:\/\/myspainfood.com\/hu\/wp-json\/wp\/v2\/product"}],"about":[{"href":"https:\/\/myspainfood.com\/hu\/wp-json\/wp\/v2\/types\/product"}],"wp:featuredmedia":[{"embeddable":true,"href":"https:\/\/myspainfood.com\/hu\/wp-json\/wp\/v2\/media\/15175"}],"wp:attachment":[{"href":"https:\/\/myspainfood.com\/hu\/wp-json\/wp\/v2\/media?parent=19144"}],"wp:term":[{"taxonomy":"product_brand","embeddable":true,"href":"https:\/\/myspainfood.com\/hu\/wp-json\/wp\/v2\/product_brand?post=19144"},{"taxonomy":"product_cat","embeddable":true,"href":"https:\/\/myspainfood.com\/hu\/wp-json\/wp\/v2\/product_cat?post=19144"},{"taxonomy":"product_tag","embeddable":true,"href":"https:\/\/myspainfood.com\/hu\/wp-json\/wp\/v2\/product_tag?post=19144"}],"curies":[{"name":"wp","href":"https:\/\/api.w.org\/{rel}","templated":true}]}}