{"id":19224,"date":"2025-04-10T12:16:41","date_gmt":"2025-04-10T10:16:41","guid":{"rendered":"https:\/\/myspainfood.com\/producto\/iberiai-cebo-huelva-sonka-sn-finca-6-kg-kb\/"},"modified":"2026-01-30T14:27:18","modified_gmt":"2026-01-30T13:27:18","slug":"iberiai-cebo-huelva-sonka-sn-finca-6-kg-kb","status":"publish","type":"product","link":"https:\/\/myspainfood.com\/hu\/producto\/iberiai-cebo-huelva-sonka-sn-finca-6-kg-kb\/","title":{"rendered":"Ib\u00e9riai Cebo Huelva sonka - SN Finca - 6 kg (kb.)"},"content":{"rendered":"<p>Az ib\u00e9riai Cebo Huelva sonka - SN Finca - 6 kg kiv\u00e1l\u00f3 min\u0151s\u00e9g\u0171 darab, amelyet Huelva-ban term\u00e9szetes sz\u00e1r\u00edt\u00f3kban \u00e9rlelnek, hagyom\u00e1nyos sz\u00e1r\u00edt\u00e1si elj\u00e1r\u00e1ssal, amely jellegzetes arom\u00e1t \u00e9s j\u00f3l ismert \u00edzt k\u00f6lcs\u00f6n\u00f6z neki. Ez a gondoss\u00e1g teszi a darabot az ib\u00e9riai sonka kedvel\u0151inek \u00e9lvezet\u00e9v\u00e9.<\/p>\n<h3><strong>Az ib\u00e9riai Cebo Huelva sonka jellemz\u0151i<\/strong><\/h3>\n<ol>\n<li><strong>Garant\u00e1lt sz\u00e1rmaz\u00e1s<\/strong>\n<p>Ezt a sonk\u00e1t Huelv\u00e1ban \u00e1ll\u00edtj\u00e1k el\u0151, egy olyan r\u00e9gi\u00f3ban, amely vil\u00e1gszerte h\u00edres a sonk\u00e1k \u00e9rlel\u00e9s\u00e9re ide\u00e1lis \u00e9ghajlat\u00e1r\u00f3l. A Sierra de Huelva t\u00f6k\u00e9letes egyens\u00falyt biztos\u00edt a p\u00e1ratartalom \u00e9s a h\u0151m\u00e9rs\u00e9klet k\u00f6z\u00f6tt, \u00edgy a sonka optim\u00e1lis \u00e9rlel\u00e9ssel k\u00e9sz\u00fcl. <\/li>\n<li><strong>Tan\u00fas\u00edtott min\u0151s\u00e9g<\/strong>\n<p>Minden egyes darab megfelel a szigor\u00fa min\u0151s\u00e9gellen\u0151rz\u00e9snek. Az SN Finca garant\u00e1lja a nyomon k\u00f6vethet\u0151 eredet\u0171 term\u00e9ket, biztos\u00edtva, hogy a fogyaszt\u00f3 az ib\u00e9riai hagyom\u00e1nyok legjav\u00e1t kapja. <\/li>\n<li><strong>Hosszan tart\u00f3 \u00e9rlel\u00e9s<\/strong>\n<p>A k\u00f6r\u00fclbel\u00fcl 24 h\u00f3napig \u00e9rlelt sonka \u00f6sszetett \u00edzt \u00e9s egyedi arom\u00e1t fejleszt, amely m\u00e1r az els\u0151 v\u00e1g\u00e1st\u00f3l kezdve rabul ejti az \u00e9rz\u00e9keket.<\/li>\n<li><strong>Ide\u00e1lis s\u00faly<\/strong>\n<p>Ez a sonka <strong>6 kg-os<\/strong> s\u00faly\u00e1val <strong>(k\u00f6r\u00fclbel\u00fcl<\/strong>) t\u00f6k\u00e9letes csal\u00e1dok \u00e9s k\u00fcl\u00f6nleges \u00f6sszej\u00f6vetelek sz\u00e1m\u00e1ra, \u00e9s kiv\u00e1l\u00f3 min\u0151s\u00e9g\/mennyis\u00e9g ar\u00e1nyt k\u00edn\u00e1l.<\/li>\n<li><strong>Kiv\u00e9teles bemutat\u00f3<\/strong>\n<p>V\u00e1g\u00e1sa jellegzetes m\u00e1rv\u00e1nyozotts\u00e1got mutat, ami min\u0151s\u00e9g\u00e9nek egy\u00e9rtelm\u0171 jele. A besziv\u00e1rgott zs\u00edr \u00e9s a h\u00fas k\u00f6z\u00f6tti egyens\u00faly biztos\u00edtja az egyedi \u00edz\u00e9lm\u00e9nyt minden egyes szeletben. <\/li>\n<\/ol>\n<p>Tekintse meg kolb\u00e1szv\u00e1laszt\u00e9kunkat, <a href=\"https:\/\/latiendadesami.com\/categoria-producto\/queso-embutido\/\" target=\"_blank\" rel=\"noopener noreferrer nofollow\">itt<\/a> \u00ednyenc term\u00e9keket tal\u00e1l, amelyek t\u00f6k\u00e9letesen alkalmasak arra, hogy csal\u00e1dj\u00e1val \u00e9s bar\u00e1taival egy\u00fctt \u00e9lvezze \u0151ket.<\/p>\n","protected":false},"excerpt":{"rendered":"<p>Az ib\u00e9riai Cebo Huelva sonka - SN Finca - 6 kg kiv\u00e1l\u00f3 min\u0151s\u00e9g\u0171 darab, amelyet Huelva-ban term\u00e9szetes sz\u00e1r\u00edt\u00f3kban \u00e9rlelnek, hagyom\u00e1nyos sz\u00e1r\u00edt\u00e1si elj\u00e1r\u00e1ssal, amely jellegzetes arom\u00e1t \u00e9s j\u00f3l ismert \u00edzt k\u00f6lcs\u00f6n\u00f6z neki. Ez a gondoss\u00e1g teszi a darabot az ib\u00e9riai sonka kedvel\u0151inek \u00e9lvezet\u00e9v\u00e9. Az ib\u00e9riai Cebo Huelva sonka jellemz\u0151i Garant\u00e1lt sz\u00e1rmaz\u00e1s Ezt a sonk\u00e1t Huelv\u00e1ban \u00e1ll\u00edtj\u00e1k [&hellip;]<\/p>\n","protected":false},"featured_media":15580,"template":"","meta":{"_et_pb_use_builder":"","_et_pb_old_content":"","_et_gb_content_width":""},"product_brand":[],"product_cat":[8047],"product_tag":[],"class_list":{"0":"post-19224","1":"product","2":"type-product","3":"status-publish","4":"has-post-thumbnail","6":"product_cat-vizsgalati-kategoria","8":"first","9":"outofstock","10":"taxable","11":"shipping-taxable","12":"purchasable","13":"product-type-simple"},"_links":{"self":[{"href":"https:\/\/myspainfood.com\/hu\/wp-json\/wp\/v2\/product\/19224","targetHints":{"allow":["GET"]}}],"collection":[{"href":"https:\/\/myspainfood.com\/hu\/wp-json\/wp\/v2\/product"}],"about":[{"href":"https:\/\/myspainfood.com\/hu\/wp-json\/wp\/v2\/types\/product"}],"wp:featuredmedia":[{"embeddable":true,"href":"https:\/\/myspainfood.com\/hu\/wp-json\/wp\/v2\/media\/15580"}],"wp:attachment":[{"href":"https:\/\/myspainfood.com\/hu\/wp-json\/wp\/v2\/media?parent=19224"}],"wp:term":[{"taxonomy":"product_brand","embeddable":true,"href":"https:\/\/myspainfood.com\/hu\/wp-json\/wp\/v2\/product_brand?post=19224"},{"taxonomy":"product_cat","embeddable":true,"href":"https:\/\/myspainfood.com\/hu\/wp-json\/wp\/v2\/product_cat?post=19224"},{"taxonomy":"product_tag","embeddable":true,"href":"https:\/\/myspainfood.com\/hu\/wp-json\/wp\/v2\/product_tag?post=19224"}],"curies":[{"name":"wp","href":"https:\/\/api.w.org\/{rel}","templated":true}]}}