{"id":19253,"date":"2025-04-10T12:16:46","date_gmt":"2025-04-10T10:16:46","guid":{"rendered":"https:\/\/myspainfood.com\/producto\/tetel-1a-szardella-es-szardella-picarpicar\/"},"modified":"2026-01-13T13:52:50","modified_gmt":"2026-01-13T12:52:50","slug":"tetel-1a-szardella-es-szardella-picarpicar","status":"publish","type":"product","link":"https:\/\/myspainfood.com\/hu\/producto\/tetel-1a-szardella-es-szardella-picarpicar\/","title":{"rendered":"t\u00e9tel 1a - szardella \u00e9s szardella Picar&amp;Picar"},"content":{"rendered":"<p>1A. T\u00c9TEL: Kiv\u00e1l\u00f3 min\u0151s\u00e9g\u0171, els\u0151 oszt\u00e1ly\u00fa halkonzerv, a t\u00e9tel a k\u00f6vetkez\u0151kb\u0151l \u00e1ll: Szardellafil\u00e9 tripackban 120gr (3 db), Kant\u00e1briai szardellafil\u00e9 120gr (1 db), Szardellafil\u00e9 olajban 200gr (1 db), Szardellafil\u00e9 ecetben 200gr (1 db), Szardellafil\u00e9 fokhagym\u00e1ban \u00e9s petrezselyemben 200gr (1 db) \u00e9s Szardella flagella 220gr (1 db).<\/p>\n<p>TARTALOM:<\/p>\n<ul>\n<li>Szardella fil\u00e9:<\/li>\n<\/ul>\n<p>Tripack 120 gr: 3 db<\/p>\n<ul>\n<li>Szardella fil\u00e9 a Vizcayai-\u00f6b\u00f6lb\u0151l:<\/li>\n<\/ul>\n<p>120 gr-os t\u00e1lca: 1 db<\/p>\n<ul>\n<li>Szardella fil\u00e9 olajban:<\/li>\n<\/ul>\n<p>T\u00e1lca 200 gr: 1 db<\/p>\n<ul>\n<li>Szardella fil\u00e9 ecetben:<\/li>\n<\/ul>\n<p>T\u00e1lca 200 gr: 1 db<\/p>\n<ul>\n<li>F\u0171szerezett szardellafil\u00e9 (fokhagym\u00e1val \u00e9s petrezselyemmel):<\/li>\n<\/ul>\n<p>T\u00e1lca 200 gr: 1 db<\/p>\n<ul>\n<li>Banderilla de boquer\u00f3n:<\/li>\n<\/ul>\n<p>T\u00e1lca 220 gr: 1 db<\/p>\n","protected":false},"excerpt":{"rendered":"<p>1A. T\u00c9TEL: Kiv\u00e1l\u00f3 min\u0151s\u00e9g\u0171, els\u0151 oszt\u00e1ly\u00fa halkonzerv, a t\u00e9tel a k\u00f6vetkez\u0151kb\u0151l \u00e1ll: Szardellafil\u00e9 tripackban 120gr (3 db), Kant\u00e1briai szardellafil\u00e9 120gr (1 db), Szardellafil\u00e9 olajban 200gr (1 db), Szardellafil\u00e9 ecetben 200gr (1 db), Szardellafil\u00e9 fokhagym\u00e1ban \u00e9s petrezselyemben 200gr (1 db) \u00e9s Szardella flagella 220gr (1 db). TARTALOM: Szardella fil\u00e9: Tripack 120 gr: 3 db Szardella fil\u00e9 [&hellip;]<\/p>\n","protected":false},"featured_media":15697,"template":"","meta":{"_et_pb_use_builder":"","_et_pb_old_content":"","_et_gb_content_width":""},"product_brand":[1127],"product_cat":[1837,1888],"product_tag":[],"class_list":{"0":"post-19253","1":"product","2":"type-product","3":"status-publish","4":"has-post-thumbnail","6":"product_brand-picarpicar","7":"product_cat-hideg","8":"product_cat-szardella-hu","9":"product_shipping_class-hidegszallitas","11":"first","12":"outofstock","13":"taxable","14":"shipping-taxable","15":"purchasable","16":"product-type-simple"},"_links":{"self":[{"href":"https:\/\/myspainfood.com\/hu\/wp-json\/wp\/v2\/product\/19253","targetHints":{"allow":["GET"]}}],"collection":[{"href":"https:\/\/myspainfood.com\/hu\/wp-json\/wp\/v2\/product"}],"about":[{"href":"https:\/\/myspainfood.com\/hu\/wp-json\/wp\/v2\/types\/product"}],"wp:featuredmedia":[{"embeddable":true,"href":"https:\/\/myspainfood.com\/hu\/wp-json\/wp\/v2\/media\/15697"}],"wp:attachment":[{"href":"https:\/\/myspainfood.com\/hu\/wp-json\/wp\/v2\/media?parent=19253"}],"wp:term":[{"taxonomy":"product_brand","embeddable":true,"href":"https:\/\/myspainfood.com\/hu\/wp-json\/wp\/v2\/product_brand?post=19253"},{"taxonomy":"product_cat","embeddable":true,"href":"https:\/\/myspainfood.com\/hu\/wp-json\/wp\/v2\/product_cat?post=19253"},{"taxonomy":"product_tag","embeddable":true,"href":"https:\/\/myspainfood.com\/hu\/wp-json\/wp\/v2\/product_tag?post=19253"}],"curies":[{"name":"wp","href":"https:\/\/api.w.org\/{rel}","templated":true}]}}