{"id":19292,"date":"2025-04-10T12:16:47","date_gmt":"2025-04-10T10:16:47","guid":{"rendered":"https:\/\/myspainfood.com\/producto\/1c-tetel-szardella-szardella-es-hering-picarpicar\/"},"modified":"2026-01-13T13:55:54","modified_gmt":"2026-01-13T12:55:54","slug":"1c-tetel-szardella-szardella-es-hering-picarpicar","status":"publish","type":"product","link":"https:\/\/myspainfood.com\/hu\/producto\/1c-tetel-szardella-szardella-es-hering-picarpicar\/","title":{"rendered":"1c t\u00e9tel - szardella, szardella \u00e9s hering Picar&amp;Picar"},"content":{"rendered":"<p>1C. T\u00c9TEL: Kiv\u00e1l\u00f3 min\u0151s\u00e9g\u0171 halkonzerv, a t\u00e9tel a k\u00f6vetkez\u0151kb\u0151l \u00e1ll: Szardellafil\u00e9 45g (3 db), Kant\u00e1briai szardellafil\u00e9 120g (1 db), Szardellafil\u00e9 olajban 200g (1 db), Heringfil\u00e9 220g (1 db) \u00e9s Heringfil\u00e9 olajbogy\u00f3val 220g (1 db).<\/p>\n<p>TARTALOM:<\/p>\n<ul>\n<li>Szardella fil\u00e9:<\/li>\n<\/ul>\n<p>Tripack 120 gr: 3 db<\/p>\n<ul>\n<li>Szardella fil\u00e9 a Vizcayai-\u00f6b\u00f6lb\u0151l:<\/li>\n<\/ul>\n<p>120 gr-os t\u00e1lca: 1 db<\/p>\n<ul>\n<li>Szardella fil\u00e9 olajban:<\/li>\n<\/ul>\n<p>T\u00e1lca 200 gr: 1 db<\/p>\n<ul>\n<li>Szardella fil\u00e9 ecetben:<\/li>\n<\/ul>\n<p>T\u00e1lca 200 gr: 2 db<\/p>\n<ul>\n<li>Heringfil\u00e9:<\/li>\n<\/ul>\n<p>T\u00e1lca 220 gr: 1 db<\/p>\n<ul>\n<li>Heringfil\u00e9 olajbogy\u00f3val:<\/li>\n<\/ul>\n<p>T\u00e1lca 220 gr: 1 db<\/p>\n","protected":false},"excerpt":{"rendered":"<p>1C. T\u00c9TEL: Kiv\u00e1l\u00f3 min\u0151s\u00e9g\u0171 halkonzerv, a t\u00e9tel a k\u00f6vetkez\u0151kb\u0151l \u00e1ll: Szardellafil\u00e9 45g (3 db), Kant\u00e1briai szardellafil\u00e9 120g (1 db), Szardellafil\u00e9 olajban 200g (1 db), Heringfil\u00e9 220g (1 db) \u00e9s Heringfil\u00e9 olajbogy\u00f3val 220g (1 db). TARTALOM: Szardella fil\u00e9: Tripack 120 gr: 3 db Szardella fil\u00e9 a Vizcayai-\u00f6b\u00f6lb\u0151l: 120 gr-os t\u00e1lca: 1 db Szardella fil\u00e9 olajban: T\u00e1lca [&hellip;]<\/p>\n","protected":false},"featured_media":15733,"template":"","meta":{"_et_pb_use_builder":"","_et_pb_old_content":"","_et_gb_content_width":""},"product_brand":[1127],"product_cat":[1837,1888],"product_tag":[],"class_list":{"0":"post-19292","1":"product","2":"type-product","3":"status-publish","4":"has-post-thumbnail","6":"product_brand-picarpicar","7":"product_cat-hideg","8":"product_cat-szardella-hu","9":"product_shipping_class-hidegszallitas","11":"first","12":"outofstock","13":"taxable","14":"shipping-taxable","15":"purchasable","16":"product-type-simple"},"_links":{"self":[{"href":"https:\/\/myspainfood.com\/hu\/wp-json\/wp\/v2\/product\/19292","targetHints":{"allow":["GET"]}}],"collection":[{"href":"https:\/\/myspainfood.com\/hu\/wp-json\/wp\/v2\/product"}],"about":[{"href":"https:\/\/myspainfood.com\/hu\/wp-json\/wp\/v2\/types\/product"}],"wp:featuredmedia":[{"embeddable":true,"href":"https:\/\/myspainfood.com\/hu\/wp-json\/wp\/v2\/media\/15733"}],"wp:attachment":[{"href":"https:\/\/myspainfood.com\/hu\/wp-json\/wp\/v2\/media?parent=19292"}],"wp:term":[{"taxonomy":"product_brand","embeddable":true,"href":"https:\/\/myspainfood.com\/hu\/wp-json\/wp\/v2\/product_brand?post=19292"},{"taxonomy":"product_cat","embeddable":true,"href":"https:\/\/myspainfood.com\/hu\/wp-json\/wp\/v2\/product_cat?post=19292"},{"taxonomy":"product_tag","embeddable":true,"href":"https:\/\/myspainfood.com\/hu\/wp-json\/wp\/v2\/product_tag?post=19292"}],"curies":[{"name":"wp","href":"https:\/\/api.w.org\/{rel}","templated":true}]}}