{"id":19348,"date":"2025-04-10T12:16:50","date_gmt":"2025-04-10T10:16:50","guid":{"rendered":"https:\/\/myspainfood.com\/producto\/tetel-3b-chop-chop\/"},"modified":"2026-01-13T13:47:32","modified_gmt":"2026-01-13T12:47:32","slug":"tetel-3b-chop-chop","status":"publish","type":"product","link":"https:\/\/myspainfood.com\/hu\/producto\/tetel-3b-chop-chop\/","title":{"rendered":"t\u00e9tel 3B Chop &amp; Chop"},"content":{"rendered":"<p>TARTALOM:<\/p>\n<ul>\n<li>Szardella fil\u00e9 a Vizcayai-\u00f6b\u00f6lb\u0151l:<\/li>\n<\/ul>\n<p>300 g-os k\u00e1d: 1 db<\/p>\n<ul>\n<li>Szardella fil\u00e9 olajban:<\/li>\n<\/ul>\n<p>T\u00e1lca 200 gr: 1 db<\/p>\n<ul>\n<li>Szardella fil\u00e9 ecetben:<\/li>\n<\/ul>\n<p>T\u00e1lca 200 gr: 1 db<\/p>\n<ul>\n<li>F\u0171szerezett szardellafil\u00e9 (fokhagym\u00e1val \u00e9s petrezselyemmel):<\/li>\n<\/ul>\n<p>T\u00e1lca 200 gr: 1 db<\/p>\n","protected":false},"excerpt":{"rendered":"<p>TARTALOM: Szardella fil\u00e9 a Vizcayai-\u00f6b\u00f6lb\u0151l: 300 g-os k\u00e1d: 1 db Szardella fil\u00e9 olajban: T\u00e1lca 200 gr: 1 db Szardella fil\u00e9 ecetben: T\u00e1lca 200 gr: 1 db F\u0171szerezett szardellafil\u00e9 (fokhagym\u00e1val \u00e9s petrezselyemmel): T\u00e1lca 200 gr: 1 db<\/p>\n","protected":false},"featured_media":15805,"template":"","meta":{"_et_pb_use_builder":"","_et_pb_old_content":"","_et_gb_content_width":""},"product_brand":[1127],"product_cat":[1837,1888],"product_tag":[],"class_list":{"0":"post-19348","1":"product","2":"type-product","3":"status-publish","4":"has-post-thumbnail","6":"product_brand-picarpicar","7":"product_cat-hideg","8":"product_cat-szardella-hu","9":"product_shipping_class-hidegszallitas","11":"first","12":"outofstock","13":"taxable","14":"shipping-taxable","15":"purchasable","16":"product-type-simple"},"_links":{"self":[{"href":"https:\/\/myspainfood.com\/hu\/wp-json\/wp\/v2\/product\/19348","targetHints":{"allow":["GET"]}}],"collection":[{"href":"https:\/\/myspainfood.com\/hu\/wp-json\/wp\/v2\/product"}],"about":[{"href":"https:\/\/myspainfood.com\/hu\/wp-json\/wp\/v2\/types\/product"}],"wp:featuredmedia":[{"embeddable":true,"href":"https:\/\/myspainfood.com\/hu\/wp-json\/wp\/v2\/media\/15805"}],"wp:attachment":[{"href":"https:\/\/myspainfood.com\/hu\/wp-json\/wp\/v2\/media?parent=19348"}],"wp:term":[{"taxonomy":"product_brand","embeddable":true,"href":"https:\/\/myspainfood.com\/hu\/wp-json\/wp\/v2\/product_brand?post=19348"},{"taxonomy":"product_cat","embeddable":true,"href":"https:\/\/myspainfood.com\/hu\/wp-json\/wp\/v2\/product_cat?post=19348"},{"taxonomy":"product_tag","embeddable":true,"href":"https:\/\/myspainfood.com\/hu\/wp-json\/wp\/v2\/product_tag?post=19348"}],"curies":[{"name":"wp","href":"https:\/\/api.w.org\/{rel}","templated":true}]}}