{"id":19594,"date":"2025-04-10T12:14:40","date_gmt":"2025-04-10T10:14:40","guid":{"rendered":"https:\/\/myspainfood.com\/producto\/egesz-extra-porkolt-piquillo-paprika-destapa-la-huerta-190gr\/"},"modified":"2026-01-30T14:24:56","modified_gmt":"2026-01-30T13:24:56","slug":"egesz-extra-porkolt-piquillo-paprika-destapa-la-huerta-190gr","status":"publish","type":"product","link":"https:\/\/myspainfood.com\/hu\/producto\/egesz-extra-porkolt-piquillo-paprika-destapa-la-huerta-190gr\/","title":{"rendered":"Extra eg\u00e9szben s\u00fclt Piquillo paprika Destapa la huerta 190gr"},"content":{"rendered":"<p>\u00d6sszetev\u0151k: <\/p>\n<p> Felbont\u00e1s ut\u00e1n h\u0171tve t\u00e1roland\u00f3, \u00e9s lehet\u0151leg 5 napon bel\u00fcl fogyassza el.<\/p>\n<p>A legjobb min\u0151s\u00e9get a legjobb \u00e1ron k\u00edn\u00e1ljuk.<\/p>\n<p>\u00cdrjon nek\u00fcnk, ha tov\u00e1bbi inform\u00e1ci\u00f3ra van sz\u00fcks\u00e9ge, vagy ha b\u00e1rmilyen k\u00e9rd\u00e9se van ezzel, vagy b\u00e1rmely m\u00e1s term\u00e9kkel kapcsolatban katal\u00f3gusunkban.<\/p>\n","protected":false},"excerpt":{"rendered":"<p>\u00d6sszetev\u0151k: Felbont\u00e1s ut\u00e1n h\u0171tve t\u00e1roland\u00f3, \u00e9s lehet\u0151leg 5 napon bel\u00fcl fogyassza el. A legjobb min\u0151s\u00e9get a legjobb \u00e1ron k\u00edn\u00e1ljuk. \u00cdrjon nek\u00fcnk, ha tov\u00e1bbi inform\u00e1ci\u00f3ra van sz\u00fcks\u00e9ge, vagy ha b\u00e1rmilyen k\u00e9rd\u00e9se van ezzel, vagy b\u00e1rmely m\u00e1s term\u00e9kkel kapcsolatban katal\u00f3gusunkban.<\/p>\n","protected":false},"featured_media":15112,"template":"","meta":{"_et_pb_use_builder":"","_et_pb_old_content":"","_et_gb_content_width":""},"product_brand":[1129],"product_cat":[1955,2339],"product_tag":[2343,2342],"class_list":{"0":"post-19594","1":"product","2":"type-product","3":"status-publish","4":"has-post-thumbnail","6":"product_brand-mateo","7":"product_cat-megorzi-a","8":"product_cat-paprika-hu","9":"product_tag-bors","10":"product_tag-sult","12":"first","13":"outofstock","14":"featured","15":"taxable","16":"shipping-taxable","17":"product-type-variable"},"_links":{"self":[{"href":"https:\/\/myspainfood.com\/hu\/wp-json\/wp\/v2\/product\/19594","targetHints":{"allow":["GET"]}}],"collection":[{"href":"https:\/\/myspainfood.com\/hu\/wp-json\/wp\/v2\/product"}],"about":[{"href":"https:\/\/myspainfood.com\/hu\/wp-json\/wp\/v2\/types\/product"}],"wp:featuredmedia":[{"embeddable":true,"href":"https:\/\/myspainfood.com\/hu\/wp-json\/wp\/v2\/media\/15112"}],"wp:attachment":[{"href":"https:\/\/myspainfood.com\/hu\/wp-json\/wp\/v2\/media?parent=19594"}],"wp:term":[{"taxonomy":"product_brand","embeddable":true,"href":"https:\/\/myspainfood.com\/hu\/wp-json\/wp\/v2\/product_brand?post=19594"},{"taxonomy":"product_cat","embeddable":true,"href":"https:\/\/myspainfood.com\/hu\/wp-json\/wp\/v2\/product_cat?post=19594"},{"taxonomy":"product_tag","embeddable":true,"href":"https:\/\/myspainfood.com\/hu\/wp-json\/wp\/v2\/product_tag?post=19594"}],"curies":[{"name":"wp","href":"https:\/\/api.w.org\/{rel}","templated":true}]}}