{"id":19700,"date":"2025-04-10T12:14:40","date_gmt":"2025-04-10T10:14:40","guid":{"rendered":"https:\/\/myspainfood.com\/producto\/deli-makrela-file-ubago-olivaolajjal-105-gr\/"},"modified":"2026-01-30T14:23:48","modified_gmt":"2026-01-30T13:23:48","slug":"deli-makrela-file-ubago-olivaolajjal-105-gr","status":"publish","type":"product","link":"https:\/\/myspainfood.com\/hu\/producto\/deli-makrela-file-ubago-olivaolajjal-105-gr\/","title":{"rendered":"D\u00e9li makr\u00e9la fil\u00e9 - Ubago - Ol\u00edvaolajjal- 105 gr"},"content":{"rendered":"<h3><strong>Ubago d\u00e9li makr\u00e9lafil\u00e9 ol\u00edvaolajjal - Hagyom\u00e1nyos min\u0151s\u00e9g \u00e9s \u00edzvil\u00e1g<\/strong><\/h3>\n<p>Fedezze fel a <strong>d\u00e9li makr\u00e9lafil\u00e9t <a href=\"https:\/\/ubagogroup.com\/\" target=\"_blank\" rel=\"noopener noreferrer nofollow\">Ubag\u00f3b\u00f3l<\/a> sz\u00e1rmaz\u00f3 ol\u00edvaolajban<\/strong>, amely gazdag csemege. <a href=\"https:\/\/nutribiotica.es\/digestivo-y-nutricion\/omega-3-para-que-sirve\/\" target=\"_blank\" rel=\"noopener noreferrer nofollow\"><strong>omega-3<\/strong><\/a> \u00e9s feh\u00e9rj\u00e9kben gazdag. Ez az \u00ednyenc konzerv az Atlanti-\u00f3ce\u00e1n partjain\u00e1l kifogott makr\u00e9l\u00e1t k\u00edn\u00e1lja, amelyet <strong>extra sz\u0171z ol\u00edvaolajba<\/strong> csomagolnak, ami fokozza az \u00edz\u00e9t \u00e9s frissess\u00e9g\u00e9t.<\/p>\n<p>Ide\u00e1lis eg\u00e9szs\u00e9ges receptek elk\u00e9sz\u00edt\u00e9s\u00e9hez vagy sal\u00e1t\u00e1khoz \u00e9s r\u00e1gcs\u00e1lnival\u00f3khoz. Tudjon meg t\u00f6bbet az <strong>extra sz\u0171z ol\u00edvaolaj<\/strong> el\u0151nyeir\u0151l <a href=\"https:\/\/latiendadesami.com\/category\/recetas\/\" rel=\"noopener noreferrer nofollow\" target=\"_blank\">\u00ednyenc term\u00e9kek blogunkon<\/a>. <\/p>\n<p><strong>Rendeljen m\u00e9g ma, \u00e9s \u00e9lvezze a d\u00e9li partok autentikus \u00edz\u00e9t.<\/strong> Ha tetszik ez a term\u00e9k, ne hagyja ki a k\u00f6vetkez\u0151 term\u00e9kek v\u00e1laszt\u00e9k\u00e1t sem <strong><a href=\"https:\/\/latiendadesami.com\/categoria-producto\/conservas\/\" rel=\"noopener noreferrer nofollow\" target=\"_blank\">\u00ednyenc bef\u0151ttek<\/a><\/strong> vagy fedezzen fel m\u00e1s \u00edzletes <strong><a href=\"https:\/\/latiendadesami.com\/categoria-producto\/queso-embutido\/\" rel=\"noopener noreferrer nofollow\" target=\"_blank\">tipikus spanyol term\u00e9keket<\/a><\/strong> mint p\u00e9ld\u00e1ul olajok, borok, kolb\u00e1szok \u00e9s m\u00e9g sok m\u00e1s.<\/p>\n<p>Fedezze fel \u00fczlet\u00fcnket, \u00e9s hozza el a spanyol gasztron\u00f3mia legjav\u00e1t az asztal\u00e1ra!<\/p>\n","protected":false},"excerpt":{"rendered":"<p>Ubago d\u00e9li makr\u00e9lafil\u00e9 ol\u00edvaolajjal - Hagyom\u00e1nyos min\u0151s\u00e9g \u00e9s \u00edzvil\u00e1g<\/p>\n","protected":false},"featured_media":15139,"template":"","meta":{"_et_pb_use_builder":"","_et_pb_old_content":"","_et_gb_content_width":""},"product_brand":[],"product_cat":[1955,8047],"product_tag":[],"class_list":{"0":"post-19700","1":"product","2":"type-product","3":"status-publish","4":"has-post-thumbnail","6":"product_cat-megorzi-a","7":"product_cat-vizsgalati-kategoria","9":"first","10":"instock","11":"taxable","12":"shipping-taxable","13":"purchasable","14":"product-type-variable"},"_links":{"self":[{"href":"https:\/\/myspainfood.com\/hu\/wp-json\/wp\/v2\/product\/19700","targetHints":{"allow":["GET"]}}],"collection":[{"href":"https:\/\/myspainfood.com\/hu\/wp-json\/wp\/v2\/product"}],"about":[{"href":"https:\/\/myspainfood.com\/hu\/wp-json\/wp\/v2\/types\/product"}],"wp:featuredmedia":[{"embeddable":true,"href":"https:\/\/myspainfood.com\/hu\/wp-json\/wp\/v2\/media\/15139"}],"wp:attachment":[{"href":"https:\/\/myspainfood.com\/hu\/wp-json\/wp\/v2\/media?parent=19700"}],"wp:term":[{"taxonomy":"product_brand","embeddable":true,"href":"https:\/\/myspainfood.com\/hu\/wp-json\/wp\/v2\/product_brand?post=19700"},{"taxonomy":"product_cat","embeddable":true,"href":"https:\/\/myspainfood.com\/hu\/wp-json\/wp\/v2\/product_cat?post=19700"},{"taxonomy":"product_tag","embeddable":true,"href":"https:\/\/myspainfood.com\/hu\/wp-json\/wp\/v2\/product_tag?post=19700"}],"curies":[{"name":"wp","href":"https:\/\/api.w.org\/{rel}","templated":true}]}}