{"id":19811,"date":"2025-04-10T12:16:17","date_gmt":"2025-04-10T10:16:17","guid":{"rendered":"https:\/\/myspainfood.com\/producto\/fustolt-norveg-lazac-port-feroer-600-g\/"},"modified":"2026-01-30T14:33:24","modified_gmt":"2026-01-30T13:33:24","slug":"fustolt-norveg-lazac-port-feroer-600-g","status":"publish","type":"product","link":"https:\/\/myspainfood.com\/hu\/producto\/fustolt-norveg-lazac-port-feroer-600-g\/","title":{"rendered":"F\u00fcst\u00f6lt norv\u00e9g lazac - Port Fer\u00f6er - 600 g"},"content":{"rendered":"<h3><strong>F\u00fcst\u00f6lt norv\u00e9g lazac - Port Fer\u00f6er - 600 g<\/strong><\/h3>\n<p><strong>  Most m\u00e1r \u00e9lvezheti a pr\u00e9mium lazac minden frissess\u00e9g\u00e9t \u00e9s min\u0151s\u00e9g\u00e9t.<\/strong><\/p>\n<p><strong>A f\u00fcst\u00f6lt norv\u00e9g lazac - Port Faroe<\/strong> egyes\u00edti a hagyom\u00e1nyokat \u00e9s az \u00edzeket, ide\u00e1lis \u00ednyenc receptekhez. Krist\u00e1lytiszta vizekb\u0151l sz\u00e1rmazik, enyhe \u00e9s kiegyens\u00falyozott f\u00fcst\u00f6lt \u00edzt k\u00edn\u00e1l. <\/p>\n<h4><strong>Legfontosabb el\u0151ny\u00f6k:<\/strong><\/h4>\n<ul>\n<li><strong>Tan\u00fas\u00edtott eredet<\/strong>: Tiszta \u00e9s fenntarthat\u00f3 vizek Norv\u00e9gi\u00e1b\u00f3l \u00e9s Port Fer\u00f6er-szigetekr\u0151l.<\/li>\n<li><strong>Omega-3-ban gazdag<\/strong>: T\u00f6k\u00e9letes az eg\u00e9szs\u00e9ges \u00e9s kiegyens\u00falyozott \u00e9trendhez.<\/li>\n<li><strong>K\u00f6nnyen haszn\u00e1lhat\u00f3<\/strong>: K\u00e9szen \u00e1ll a sal\u00e1t\u00e1k, a sushi vagy a r\u00e1gcs\u00e1lnival\u00f3k elk\u00e9sz\u00edt\u00e9s\u00e9hez.<\/li>\n<\/ul>\n<p><strong>Szereti az \u00ednyenc konyh\u00e1t? Fedezzen fel <a href=\"https:\/\/latiendadesami.com\/\" rel=\"noopener noreferrer nofollow\" target=\"_blank\">m\u00e1s pr\u00e9mium term\u00e9keket is \u00fczlet\u00fcnkben<\/a>. <\/strong><\/p>\n","protected":false},"excerpt":{"rendered":"<p>F\u00fcst\u00f6lt norv\u00e9g lazac - Port Fer\u00f6er - 600 g Most m\u00e1r \u00e9lvezheti a pr\u00e9mium lazac minden frissess\u00e9g\u00e9t \u00e9s min\u0151s\u00e9g\u00e9t. A f\u00fcst\u00f6lt norv\u00e9g lazac - Port Faroe egyes\u00edti a hagyom\u00e1nyokat \u00e9s az \u00edzeket, ide\u00e1lis \u00ednyenc receptekhez. Krist\u00e1lytiszta vizekb\u0151l sz\u00e1rmazik, enyhe \u00e9s kiegyens\u00falyozott f\u00fcst\u00f6lt \u00edzt k\u00edn\u00e1l. Legfontosabb el\u0151ny\u00f6k: Tan\u00fas\u00edtott eredet: Tiszta \u00e9s fenntarthat\u00f3 vizek Norv\u00e9gi\u00e1b\u00f3l \u00e9s Port [&hellip;]<\/p>\n","protected":false},"featured_media":15490,"template":"","meta":{"_et_pb_use_builder":"","_et_pb_old_content":"","_et_gb_content_width":""},"product_brand":[],"product_cat":[8047],"product_tag":[],"class_list":{"0":"post-19811","1":"product","2":"type-product","3":"status-publish","4":"has-post-thumbnail","6":"product_cat-vizsgalati-kategoria","8":"first","9":"outofstock","10":"taxable","11":"shipping-taxable","12":"product-type-variable"},"_links":{"self":[{"href":"https:\/\/myspainfood.com\/hu\/wp-json\/wp\/v2\/product\/19811","targetHints":{"allow":["GET"]}}],"collection":[{"href":"https:\/\/myspainfood.com\/hu\/wp-json\/wp\/v2\/product"}],"about":[{"href":"https:\/\/myspainfood.com\/hu\/wp-json\/wp\/v2\/types\/product"}],"wp:featuredmedia":[{"embeddable":true,"href":"https:\/\/myspainfood.com\/hu\/wp-json\/wp\/v2\/media\/15490"}],"wp:attachment":[{"href":"https:\/\/myspainfood.com\/hu\/wp-json\/wp\/v2\/media?parent=19811"}],"wp:term":[{"taxonomy":"product_brand","embeddable":true,"href":"https:\/\/myspainfood.com\/hu\/wp-json\/wp\/v2\/product_brand?post=19811"},{"taxonomy":"product_cat","embeddable":true,"href":"https:\/\/myspainfood.com\/hu\/wp-json\/wp\/v2\/product_cat?post=19811"},{"taxonomy":"product_tag","embeddable":true,"href":"https:\/\/myspainfood.com\/hu\/wp-json\/wp\/v2\/product_tag?post=19811"}],"curies":[{"name":"wp","href":"https:\/\/api.w.org\/{rel}","templated":true}]}}