{"id":19915,"date":"2025-04-10T12:16:17","date_gmt":"2025-04-10T10:16:17","guid":{"rendered":"https:\/\/myspainfood.com\/producto\/san-isidro-felkesz-sajt-3-kg-kb\/"},"modified":"2026-01-30T14:34:54","modified_gmt":"2026-01-30T13:34:54","slug":"san-isidro-felkesz-sajt-3-kg-kb","status":"publish","type":"product","link":"https:\/\/myspainfood.com\/hu\/producto\/san-isidro-felkesz-sajt-3-kg-kb\/","title":{"rendered":"San Isidro f\u00e9lk\u00e9sz sajt - 3 kg (kb.)"},"content":{"rendered":"<h3><strong>San Isidro f\u00e9lbev\u00e1gott sajt - 3 Kg<\/strong><\/h3>\n<p>A <strong>San Isidro f\u00e9lk\u00e9sz sajt<\/strong> 3,4 kg ide\u00e1lis v\u00e1laszt\u00e1s a hagyom\u00e1nyos sajtok kedvel\u0151inek. Kiegyens\u00falyozott \u00e9rlel\u00e9ssel, kr\u00e9mes \u00e1llag\u00e1val \u00e9s intenz\u00edv jegyekkel rendelkez\u0151 enyhe \u00edz\u00e9vel minden alkalomra t\u00f6k\u00e9letes v\u00e1laszt\u00e1s. <\/p>\n<h4><strong>F\u0151 jellemz\u0151k:<\/strong><\/h4>\n<ul>\n<li><strong>Ide\u00e1lis s\u00faly<\/strong>: 3,4 kg, megoszt\u00e1sra vagy nagy rendezv\u00e9nyeken val\u00f3 fogyaszt\u00e1sra tervezve.<\/li>\n<li><strong>K\u00e9zm\u0171ves el\u0151\u00e1ll\u00edt\u00e1s<\/strong>: A helyi sajtk\u00e9sz\u00edt\u00e9si hagyom\u00e1nyok tiszteletben tart\u00e1sa.<\/li>\n<li><strong>Egyed\u00fcl\u00e1ll\u00f3 \u00edzvil\u00e1g<\/strong>: enyhe tejes jegyek, az \u00e9retts\u00e9gi pont megk\u00fcl\u00f6nb\u00f6ztet\u0151 jegyeivel.<\/li>\n<\/ul>\n<p>T\u00e1lalja <a href=\"https:\/\/latiendadesami.com\/categoria-producto\/queso-embutido\/\" rel=\"noopener noreferrer nofollow\" target=\"_blank\">ib\u00e9riai p\u00e1colt h\u00fasainkkal<\/a> a t\u00f6k\u00e9letes sajtt\u00e1lhoz.<\/p>\n","protected":false},"excerpt":{"rendered":"<p>San Isidro f\u00e9lbev\u00e1gott sajt - 3 Kg A San Isidro f\u00e9lk\u00e9sz sajt 3,4 kg ide\u00e1lis v\u00e1laszt\u00e1s a hagyom\u00e1nyos sajtok kedvel\u0151inek. Kiegyens\u00falyozott \u00e9rlel\u00e9ssel, kr\u00e9mes \u00e1llag\u00e1val \u00e9s intenz\u00edv jegyekkel rendelkez\u0151 enyhe \u00edz\u00e9vel minden alkalomra t\u00f6k\u00e9letes v\u00e1laszt\u00e1s. F\u0151 jellemz\u0151k: Ide\u00e1lis s\u00faly: 3,4 kg, megoszt\u00e1sra vagy nagy rendezv\u00e9nyeken val\u00f3 fogyaszt\u00e1sra tervezve. K\u00e9zm\u0171ves el\u0151\u00e1ll\u00edt\u00e1s: A helyi sajtk\u00e9sz\u00edt\u00e9si hagyom\u00e1nyok tiszteletben tart\u00e1sa. [&hellip;]<\/p>\n","protected":false},"featured_media":15517,"template":"","meta":{"_et_pb_use_builder":"","_et_pb_old_content":"","_et_gb_content_width":""},"product_brand":[],"product_cat":[5738,2278],"product_tag":[],"class_list":{"0":"post-19915","1":"product","2":"type-product","3":"status-publish","4":"has-post-thumbnail","6":"product_cat-gyogyitas-hu","7":"product_cat-sajt-es-kolbasz","9":"first","10":"instock","11":"taxable","12":"shipping-taxable","13":"purchasable","14":"product-type-variable"},"_links":{"self":[{"href":"https:\/\/myspainfood.com\/hu\/wp-json\/wp\/v2\/product\/19915","targetHints":{"allow":["GET"]}}],"collection":[{"href":"https:\/\/myspainfood.com\/hu\/wp-json\/wp\/v2\/product"}],"about":[{"href":"https:\/\/myspainfood.com\/hu\/wp-json\/wp\/v2\/types\/product"}],"wp:featuredmedia":[{"embeddable":true,"href":"https:\/\/myspainfood.com\/hu\/wp-json\/wp\/v2\/media\/15517"}],"wp:attachment":[{"href":"https:\/\/myspainfood.com\/hu\/wp-json\/wp\/v2\/media?parent=19915"}],"wp:term":[{"taxonomy":"product_brand","embeddable":true,"href":"https:\/\/myspainfood.com\/hu\/wp-json\/wp\/v2\/product_brand?post=19915"},{"taxonomy":"product_cat","embeddable":true,"href":"https:\/\/myspainfood.com\/hu\/wp-json\/wp\/v2\/product_cat?post=19915"},{"taxonomy":"product_tag","embeddable":true,"href":"https:\/\/myspainfood.com\/hu\/wp-json\/wp\/v2\/product_tag?post=19915"}],"curies":[{"name":"wp","href":"https:\/\/api.w.org\/{rel}","templated":true}]}}