{"id":20012,"date":"2025-04-10T12:16:17","date_gmt":"2025-04-10T10:16:17","guid":{"rendered":"https:\/\/myspainfood.com\/producto\/nyers-juhsajt-flor-esgueva-1-kg\/"},"modified":"2026-01-30T14:36:01","modified_gmt":"2026-01-30T13:36:01","slug":"nyers-juhsajt-flor-esgueva-1-kg","status":"publish","type":"product","link":"https:\/\/myspainfood.com\/hu\/producto\/nyers-juhsajt-flor-esgueva-1-kg\/","title":{"rendered":"Nyers juhsajt - Flor Esgueva - 1 kg"},"content":{"rendered":"<h3><strong>Nyers juhsajt - Flor Esgueva - 1 kg<\/strong><\/h3>\n<p>A <strong>Flor Esgueva nyers juhtejb\u0151l k\u00e9sz\u00fclt sajt<\/strong> a spanyol k\u00e9zm\u0171ves sajtok etalonja. V\u00e1logatott juhok nyers tej\u00e9b\u0151l k\u00e9sz\u00fclt, szil\u00e1rd text\u00far\u00e1j\u00e1val, intenz\u00edv arom\u00e1j\u00e1val \u00e9s \u00edz\u00e9vel t\u0171nik ki, amely a tejes jegyeket t\u00f6k\u00e9letes \u00e9retts\u00e9ggel \u00f6tv\u00f6zi. <\/p>\n<h4><strong>Mi\u00e9rt v\u00e1lassza Flor Esgueva-t<\/strong><\/h4>\n<ul>\n<li><strong>Nyers juhtej<\/strong>: autentikus \u00edz \u00e9s term\u00e9szetes tulajdons\u00e1gok \u00e9rintetlen\u00fcl.<\/li>\n<li><strong>Hagyom\u00e1nyos \u00e9rlel\u00e9s<\/strong>: pinc\u00e9kben fokozva az egyedi \u00edzprofil \u00e9rdek\u00e9ben.<\/li>\n<li><strong>Ide\u00e1lis m\u00e9ret<\/strong>: T\u00f6k\u00e9letes megoszt\u00e1sra vagy k\u00fcl\u00f6nb\u00f6z\u0151 receptekben val\u00f3 felhaszn\u00e1l\u00e1sra.<\/li>\n<\/ul>\n","protected":false},"excerpt":{"rendered":"<p>Nyers juhsajt - Flor Esgueva - 1 kg A Flor Esgueva nyers juhtejb\u0151l k\u00e9sz\u00fclt sajt a spanyol k\u00e9zm\u0171ves sajtok etalonja. V\u00e1logatott juhok nyers tej\u00e9b\u0151l k\u00e9sz\u00fclt, szil\u00e1rd text\u00far\u00e1j\u00e1val, intenz\u00edv arom\u00e1j\u00e1val \u00e9s \u00edz\u00e9vel t\u0171nik ki, amely a tejes jegyeket t\u00f6k\u00e9letes \u00e9retts\u00e9ggel \u00f6tv\u00f6zi. Mi\u00e9rt v\u00e1lassza Flor Esgueva-t Nyers juhtej: autentikus \u00edz \u00e9s term\u00e9szetes tulajdons\u00e1gok \u00e9rintetlen\u00fcl. Hagyom\u00e1nyos \u00e9rlel\u00e9s: pinc\u00e9kben [&hellip;]<\/p>\n","protected":false},"featured_media":15562,"template":"","meta":{"_et_pb_use_builder":"","_et_pb_old_content":"","_et_gb_content_width":""},"product_brand":[],"product_cat":[2278],"product_tag":[],"class_list":{"0":"post-20012","1":"product","2":"type-product","3":"status-publish","4":"has-post-thumbnail","6":"product_cat-sajt-es-kolbasz","8":"first","9":"outofstock","10":"taxable","11":"shipping-taxable","12":"product-type-variable"},"_links":{"self":[{"href":"https:\/\/myspainfood.com\/hu\/wp-json\/wp\/v2\/product\/20012","targetHints":{"allow":["GET"]}}],"collection":[{"href":"https:\/\/myspainfood.com\/hu\/wp-json\/wp\/v2\/product"}],"about":[{"href":"https:\/\/myspainfood.com\/hu\/wp-json\/wp\/v2\/types\/product"}],"wp:featuredmedia":[{"embeddable":true,"href":"https:\/\/myspainfood.com\/hu\/wp-json\/wp\/v2\/media\/15562"}],"wp:attachment":[{"href":"https:\/\/myspainfood.com\/hu\/wp-json\/wp\/v2\/media?parent=20012"}],"wp:term":[{"taxonomy":"product_brand","embeddable":true,"href":"https:\/\/myspainfood.com\/hu\/wp-json\/wp\/v2\/product_brand?post=20012"},{"taxonomy":"product_cat","embeddable":true,"href":"https:\/\/myspainfood.com\/hu\/wp-json\/wp\/v2\/product_cat?post=20012"},{"taxonomy":"product_tag","embeddable":true,"href":"https:\/\/myspainfood.com\/hu\/wp-json\/wp\/v2\/product_tag?post=20012"}],"curies":[{"name":"wp","href":"https:\/\/api.w.org\/{rel}","templated":true}]}}