{"id":20091,"date":"2025-04-10T12:16:18","date_gmt":"2025-04-10T10:16:18","guid":{"rendered":"https:\/\/myspainfood.com\/producto\/szardinia-napraforgoolajban-rias-baixas-855-g\/"},"modified":"2026-01-30T14:37:00","modified_gmt":"2026-01-30T13:37:00","slug":"szardinia-napraforgoolajban-rias-baixas-855-g","status":"publish","type":"product","link":"https:\/\/myspainfood.com\/hu\/producto\/szardinia-napraforgoolajban-rias-baixas-855-g\/","title":{"rendered":"Szard\u00ednia napraforg\u00f3olajban - Rias Baixas - 855 g"},"content":{"rendered":"<h3><strong>Szard\u00ednia napraforg\u00f3olajban - R\u00edas Baixas - 855 g<\/strong><\/h3>\n<p><strong>A R\u00edas Baixasb\u00f3l sz\u00e1rmaz\u00f3 napraforg\u00f3olajos szard\u00edni\u00e1t<\/strong> gondosan v\u00e1logatj\u00e1k \u00e9s csomagolj\u00e1k, hogy meg\u0151rizz\u00e9k frissess\u00e9g\u00fcket \u00e9s term\u00e9szetes \u00edz\u00fcket, \u00e9s \u00edgy \u00e9lvezhess\u00e9k teljes \u00edz\u00fcket. Ide\u00e1lis sal\u00e1t\u00e1khoz, el\u0151\u00e9telekhez vagy hagyom\u00e1nyos receptekhez, \u00e9s kit\u0171nik zsenge text\u00far\u00e1j\u00e1val \u00e9s kiv\u00e1l\u00f3 \u00edz\u00e9vel a sz\u00e1jban. <\/p>\n<p>Ne habozzon, \u00e9s k\u00e9nyeztesse mag\u00e1t a legjobb szard\u00edni\u00e1val. Fedezze fel v\u00e1laszt\u00e9kunkat <a href=\"https:\/\/latiendadesami.com\/categoria-producto\/conservas\/\" target=\"_blank\" rel=\"noopener noreferrer nofollow\"><b>konzervek<\/b> <\/a>  <\/p>\n<h4><strong>Mi\u00e9rt v\u00e1lassza \u0151ket<\/strong><\/h4>\n<ul>\n<li><strong>Garant\u00e1lt eredet!<\/strong>  Az Atlanti-\u00f3ce\u00e1n tiszta \u00e9s gazdag viz\u00e9ben, a gal\u00edciai R\u00edas Baixasban fogt\u00e1k ki.<\/li>\n<li><strong>Pr\u00e9mium napraforg\u00f3olaj<\/strong>, amely simas\u00e1got \u00e9s egyens\u00falyt <strong>k\u00f6lcs\u00f6n\u00f6z<\/strong>az \u00edznek.<\/li>\n<li><strong>Form\u00e1tum<\/strong>: 855 g-os konzervdoboz, ide\u00e1lis csal\u00e1doknak vagy k\u00fcl\u00f6nleges esem\u00e9nyekre.<\/li>\n<\/ul>\n","protected":false},"excerpt":{"rendered":"<p>Szard\u00ednia napraforg\u00f3olajban - R\u00edas Baixas - 855 g A R\u00edas Baixasb\u00f3l sz\u00e1rmaz\u00f3 napraforg\u00f3olajos szard\u00edni\u00e1t gondosan v\u00e1logatj\u00e1k \u00e9s csomagolj\u00e1k, hogy meg\u0151rizz\u00e9k frissess\u00e9g\u00fcket \u00e9s term\u00e9szetes \u00edz\u00fcket, \u00e9s \u00edgy \u00e9lvezhess\u00e9k teljes \u00edz\u00fcket. Ide\u00e1lis sal\u00e1t\u00e1khoz, el\u0151\u00e9telekhez vagy hagyom\u00e1nyos receptekhez, \u00e9s kit\u0171nik zsenge text\u00far\u00e1j\u00e1val \u00e9s kiv\u00e1l\u00f3 \u00edz\u00e9vel a sz\u00e1jban. Ne habozzon, \u00e9s k\u00e9nyeztesse mag\u00e1t a legjobb szard\u00edni\u00e1val. Fedezze fel v\u00e1laszt\u00e9kunkat [&hellip;]<\/p>\n","protected":false},"featured_media":15544,"template":"","meta":{"_et_pb_use_builder":"","_et_pb_old_content":"","_et_gb_content_width":""},"product_brand":[],"product_cat":[1955],"product_tag":[],"class_list":{"0":"post-20091","1":"product","2":"type-product","3":"status-publish","4":"has-post-thumbnail","6":"product_cat-megorzi-a","8":"first","9":"outofstock","10":"taxable","11":"shipping-taxable","12":"product-type-variable"},"_links":{"self":[{"href":"https:\/\/myspainfood.com\/hu\/wp-json\/wp\/v2\/product\/20091","targetHints":{"allow":["GET"]}}],"collection":[{"href":"https:\/\/myspainfood.com\/hu\/wp-json\/wp\/v2\/product"}],"about":[{"href":"https:\/\/myspainfood.com\/hu\/wp-json\/wp\/v2\/types\/product"}],"wp:featuredmedia":[{"embeddable":true,"href":"https:\/\/myspainfood.com\/hu\/wp-json\/wp\/v2\/media\/15544"}],"wp:attachment":[{"href":"https:\/\/myspainfood.com\/hu\/wp-json\/wp\/v2\/media?parent=20091"}],"wp:term":[{"taxonomy":"product_brand","embeddable":true,"href":"https:\/\/myspainfood.com\/hu\/wp-json\/wp\/v2\/product_brand?post=20091"},{"taxonomy":"product_cat","embeddable":true,"href":"https:\/\/myspainfood.com\/hu\/wp-json\/wp\/v2\/product_cat?post=20091"},{"taxonomy":"product_tag","embeddable":true,"href":"https:\/\/myspainfood.com\/hu\/wp-json\/wp\/v2\/product_tag?post=20091"}],"curies":[{"name":"wp","href":"https:\/\/api.w.org\/{rel}","templated":true}]}}