{"id":20228,"date":"2025-04-10T12:10:53","date_gmt":"2025-04-10T10:10:53","guid":{"rendered":"https:\/\/myspainfood.com\/producto\/tengeri-finomsagok-45-egyseg\/"},"modified":"2025-06-24T13:06:07","modified_gmt":"2025-06-24T11:06:07","slug":"tengeri-finomsagok-45-egyseg","status":"publish","type":"product","link":"https:\/\/myspainfood.com\/hu\/producto\/tengeri-finomsagok-45-egyseg\/","title":{"rendered":"Tengeri finoms\u00e1gok 45 egys\u00e9g"},"content":{"rendered":"<p>Olaj (85% napraforg\u00f3- \u00e9s 15% ol\u00edvaolaj), szardell\u00e1val t\u00f6lt\u00f6tt olajbogy\u00f3, f\u0151tt garn\u00e9lar\u00e1k \u00e9s pirospaprika.<\/p>\n","protected":false},"excerpt":{"rendered":"<p>Olaj (85% napraforg\u00f3- \u00e9s 15% ol\u00edvaolaj), szardell\u00e1val t\u00f6lt\u00f6tt olajbogy\u00f3, f\u0151tt garn\u00e9lar\u00e1k \u00e9s pirospaprika.<\/p>\n","protected":false},"featured_media":13240,"template":"","meta":{"_et_pb_use_builder":"","_et_pb_old_content":"","_et_gb_content_width":""},"product_brand":[1277],"product_cat":[1837,1569,1841,1568,3005],"product_tag":[],"class_list":{"0":"post-20228","1":"product","2":"type-product","3":"status-publish","4":"has-post-thumbnail","6":"product_brand-bokeo","7":"product_cat-hideg","8":"product_cat-olajbogyo","9":"product_cat-pintxos-hu","10":"product_cat-savanyusagok","11":"product_cat-szardella-hu-2","12":"product_shipping_class-hidegszallitas","14":"first","15":"outofstock","16":"taxable","17":"shipping-taxable","18":"purchasable","19":"product-type-simple"},"_links":{"self":[{"href":"https:\/\/myspainfood.com\/hu\/wp-json\/wp\/v2\/product\/20228","targetHints":{"allow":["GET"]}}],"collection":[{"href":"https:\/\/myspainfood.com\/hu\/wp-json\/wp\/v2\/product"}],"about":[{"href":"https:\/\/myspainfood.com\/hu\/wp-json\/wp\/v2\/types\/product"}],"wp:featuredmedia":[{"embeddable":true,"href":"https:\/\/myspainfood.com\/hu\/wp-json\/wp\/v2\/media\/13240"}],"wp:attachment":[{"href":"https:\/\/myspainfood.com\/hu\/wp-json\/wp\/v2\/media?parent=20228"}],"wp:term":[{"taxonomy":"product_brand","embeddable":true,"href":"https:\/\/myspainfood.com\/hu\/wp-json\/wp\/v2\/product_brand?post=20228"},{"taxonomy":"product_cat","embeddable":true,"href":"https:\/\/myspainfood.com\/hu\/wp-json\/wp\/v2\/product_cat?post=20228"},{"taxonomy":"product_tag","embeddable":true,"href":"https:\/\/myspainfood.com\/hu\/wp-json\/wp\/v2\/product_tag?post=20228"}],"curies":[{"name":"wp","href":"https:\/\/api.w.org\/{rel}","templated":true}]}}