{"id":20303,"date":"2025-04-10T12:10:56","date_gmt":"2025-04-10T10:10:56","guid":{"rendered":"https:\/\/myspainfood.com\/producto\/olive-sabrosita-aguedo-2-kg-netto-tomeg\/"},"modified":"2026-03-13T09:12:47","modified_gmt":"2026-03-13T08:12:47","slug":"olive-sabrosita-aguedo-2-kg-netto-tomeg","status":"publish","type":"product","link":"https:\/\/myspainfood.com\/hu\/producto\/olive-sabrosita-aguedo-2-kg-netto-tomeg\/","title":{"rendered":"Olive Sabrosita Aguedo 2 kg nett\u00f3 t\u00f6meg"},"content":{"rendered":"<p>Az ACEITUNAS AGUEDO-n\u00e1l garant\u00e1ljuk term\u00e9keink kiv\u00e1l\u00f3s\u00e1g\u00e1t, \u00f6tv\u00f6zve a hagyom\u00e1nyokat \u00e9s az \u00faj technol\u00f3gi\u00e1kat. Egy folyamatosan fejl\u0151d\u0151 csal\u00e1di v\u00e1llalkoz\u00e1s professzionalizmus\u00e1t k\u00edn\u00e1ljuk, amelynek egyetlen c\u00e9lja \u00fcgyfeleink el\u00e9gedetts\u00e9ge. <\/p>\n<p>Minden gy\u00e1rt\u00e1si folyamatot fel\u00fcgyel\u00fcnk az elej\u00e9t\u0151l a v\u00e9g\u00e9ig, ez az egyetlen m\u00f3dja a MAXIM\u00c1LIS term\u00e9kek el\u00e9r\u00e9s\u00e9nek.<\/p>\n","protected":false},"excerpt":{"rendered":"<p>Az ACEITUNAS AGUEDO-n\u00e1l garant\u00e1ljuk term\u00e9keink kiv\u00e1l\u00f3s\u00e1g\u00e1t, \u00f6tv\u00f6zve a hagyom\u00e1nyokat \u00e9s az \u00faj technol\u00f3gi\u00e1kat. Egy folyamatosan fejl\u0151d\u0151 csal\u00e1di v\u00e1llalkoz\u00e1s professzionalizmus\u00e1t k\u00edn\u00e1ljuk, amelynek egyetlen c\u00e9lja \u00fcgyfeleink el\u00e9gedetts\u00e9ge. Minden gy\u00e1rt\u00e1si folyamatot fel\u00fcgyel\u00fcnk az elej\u00e9t\u0151l a v\u00e9g\u00e9ig, ez az egyetlen m\u00f3dja a MAXIM\u00c1LIS term\u00e9kek el\u00e9r\u00e9s\u00e9nek.<\/p>\n","protected":false},"featured_media":13303,"template":"","meta":{"_et_pb_use_builder":"","_et_pb_old_content":"","_et_gb_content_width":""},"product_brand":[1397],"product_cat":[1569,1568],"product_tag":[2048],"class_list":{"0":"post-20303","1":"product","2":"type-product","3":"status-publish","4":"has-post-thumbnail","6":"product_brand-aguedo","7":"product_cat-olajbogyo","8":"product_cat-savanyusagok","9":"product_tag-kamilla","11":"first","12":"outofstock","13":"taxable","14":"shipping-taxable","15":"purchasable","16":"product-type-simple"},"_links":{"self":[{"href":"https:\/\/myspainfood.com\/hu\/wp-json\/wp\/v2\/product\/20303","targetHints":{"allow":["GET"]}}],"collection":[{"href":"https:\/\/myspainfood.com\/hu\/wp-json\/wp\/v2\/product"}],"about":[{"href":"https:\/\/myspainfood.com\/hu\/wp-json\/wp\/v2\/types\/product"}],"wp:featuredmedia":[{"embeddable":true,"href":"https:\/\/myspainfood.com\/hu\/wp-json\/wp\/v2\/media\/13303"}],"wp:attachment":[{"href":"https:\/\/myspainfood.com\/hu\/wp-json\/wp\/v2\/media?parent=20303"}],"wp:term":[{"taxonomy":"product_brand","embeddable":true,"href":"https:\/\/myspainfood.com\/hu\/wp-json\/wp\/v2\/product_brand?post=20303"},{"taxonomy":"product_cat","embeddable":true,"href":"https:\/\/myspainfood.com\/hu\/wp-json\/wp\/v2\/product_cat?post=20303"},{"taxonomy":"product_tag","embeddable":true,"href":"https:\/\/myspainfood.com\/hu\/wp-json\/wp\/v2\/product_tag?post=20303"}],"curies":[{"name":"wp","href":"https:\/\/api.w.org\/{rel}","templated":true}]}}