{"id":20414,"date":"2025-04-10T12:11:01","date_gmt":"2025-04-10T10:11:01","guid":{"rendered":"https:\/\/myspainfood.com\/producto\/campo-real-olajbogyo-45-kg-10-kocka\/"},"modified":"2025-04-10T12:11:01","modified_gmt":"2025-04-10T10:11:01","slug":"campo-real-olajbogyo-45-kg-10-kocka","status":"publish","type":"product","link":"https:\/\/myspainfood.com\/hu\/producto\/campo-real-olajbogyo-45-kg-10-kocka\/","title":{"rendered":"Campo Real olajbogy\u00f3 4,5 kg 10 kocka"},"content":{"rendered":"<p>Ha Campo Real telep\u00fcl\u00e9s valamir\u0151l ismert, akkor a h\u00edres Campo Real 4,5 kg-os olajbogy\u00f3j\u00e1r\u00f3l.<\/p>\n<p>A manzanilla de Campo Real \u00e9s a cacere\u00f1a fajt\u00e1khoz tartoz\u00f3 olajbogy\u00f3k titka a sz\u00e1z\u00e9ves olajf\u00e1kban rejlik, amelyekr\u0151l sz\u00e1rmaznak, az olajbogy\u00f3-termel\u0151k tapasztalat\u00e1ban \u00e9s az olajbogy\u00f3k f\u0171szerez\u00e9s\u00e9ben.<\/p>\n<p>Az olajbogy\u00f3 \u00e9s a savany\u00fas\u00e1g e <a href=\"https:\/\/www.google.com\/search?q=revuelto+aceitunas+s%C3%A1ngar&amp;sxsrf=APq-WBt1wkTZta0IAEDoueZPBxEuaY8Dtw:1644308614563&amp;source=lnms&amp;tbm=isch&amp;sa=X&amp;ved=2ahUKEwjouvz21u_1AhVV_rsIHacjBd0Q_AUoAXoECAEQAw&amp;biw=1577&amp;bih=780&amp;dpr=1\" target=\"_blank\" rel=\"noopener noreferrer nofollow\">kombin\u00e1ci\u00f3ja<\/a> lehet\u0151v\u00e9 teszi, hogy verhetetlen \u00edzvil\u00e1got \u00e9lvezhessen tapas- vagy el\u0151\u00e9telk\u00edn\u00e1lat\u00e1ban.<\/p>\n<p>Nagyon eg\u00e9szs\u00e9ges kieg\u00e9sz\u00edt\u0151je a hagyom\u00e1nyos t\u00e1pl\u00e1l\u00f3 mediterr\u00e1n \u00e9trend\u00fcnknek.<\/p>\n<p>Spanyolorsz\u00e1gban tal\u00e1lunk olajbogy\u00f3t, ubork\u00e1t, almagro padlizs\u00e1nt, s\u00e1rgar\u00e9p\u00e1t, hagym\u00e1t, nagyon hagyom\u00e1nyos kapribogy\u00f3t, fokhagym\u00e1t vagy ak\u00e1r ezek kever\u00e9k\u00e9t.<\/p>\n<p>Gyakran szolg\u00e1lj\u00e1k fel tapas-k\u00e9nt s\u00f6r mell\u00e9 (ecettartalmuk miatt nem borhoz).<\/p>\n<p>A savany\u00fas\u00e1gok a vil\u00e1g minden t\u00e1j\u00e1n az \u00e9telek tart\u00f3s\u00edt\u00e1s\u00e1nak \u0151si technik\u00e1j\u00e1b\u00f3l a spanyol gasztron\u00f3mia egyik legn\u00e9pszer\u0171bb tapas\u00e1v\u00e1 vagy el\u0151\u00e9tel\u00e9v\u00e9 v\u00e1ltak.<\/p>\n<h3><strong>A Campo Real Olive 4,5 kg el\u0151nyei<\/strong><\/h3>\n<p>Ismerte a Campo Real Olives 4,5 kg \u00e9s \u00e1ltal\u00e1ban a savany\u00fas\u00e1gok el\u0151nyeit? \u00cdme egy lista a legfontosabbakr\u00f3l: <\/p>\n<ul>\n<li>Probiotikumokban gazdag.<\/li>\n<li>Seg\u00edtik az em\u00e9szt\u00e9st.<\/li>\n<li>Er\u0151s\u00edtik az immunrendszert.<\/li>\n<li>Cs\u00f6kkentik a cukor ut\u00e1ni s\u00f3v\u00e1rg\u00e1st.<\/li>\n<li>Kedvez\u0151 az epeh\u00f3lyag sz\u00e1m\u00e1ra.<\/li>\n<\/ul>\n<p>&nbsp;<\/p>\n<p>Ha ol\u00edvabogy\u00f3t vagy b\u00e1rmilyen m\u00e1s t\u00edpus\u00fa <a href=\"https:\/\/latiendadesami.com\/categoria-producto\/encurtidos\/\" rel=\"noopener noreferrer nofollow\" target=\"_blank\">savany\u00fas\u00e1got<\/a> szeretne v\u00e1s\u00e1rolni, ne habozzon, n\u00e9zze meg online katal\u00f3gusunkat, hogy megn\u00e9zze <a href=\"https:\/\/latiendadesami.com\/categoria-producto\/encurtidos\/aceitunas\/\" target=\"_blank\" rel=\"noopener noreferrer nofollow\">ol\u00edvabogy\u00f3ink<\/a> sz\u00e9les v\u00e1laszt\u00e9k\u00e1t.<\/p>\n<p>Tov\u00e1bbi inform\u00e1ci\u00f3\u00e9rt \u00edrjon nek\u00fcnk.<\/p>\n","protected":false},"excerpt":{"rendered":"<p>Ha Campo Real telep\u00fcl\u00e9s valamir\u0151l ismert, akkor a h\u00edres Campo Real 4,5 kg-os olajbogy\u00f3j\u00e1r\u00f3l. A manzanilla de Campo Real \u00e9s a cacere\u00f1a fajt\u00e1khoz tartoz\u00f3 olajbogy\u00f3k titka a sz\u00e1z\u00e9ves olajf\u00e1kban rejlik, amelyekr\u0151l sz\u00e1rmaznak, az olajbogy\u00f3-termel\u0151k tapasztalat\u00e1ban \u00e9s az olajbogy\u00f3k f\u0171szerez\u00e9s\u00e9ben. Az olajbogy\u00f3 \u00e9s a savany\u00fas\u00e1g e kombin\u00e1ci\u00f3ja lehet\u0151v\u00e9 teszi, hogy verhetetlen \u00edzvil\u00e1got \u00e9lvezhessen tapas- vagy el\u0151\u00e9telk\u00edn\u00e1lat\u00e1ban. [&hellip;]<\/p>\n","protected":false},"featured_media":9784,"template":"","meta":{"_et_pb_use_builder":"","_et_pb_old_content":"","_et_gb_content_width":""},"product_brand":[1069],"product_cat":[2927,3107],"product_tag":[3109],"class_list":{"0":"post-20414","1":"product","2":"type-product","3":"status-publish","4":"has-post-thumbnail","6":"product_brand-sangar","7":"product_cat-nagykereskedelem","8":"product_cat-savanyusagok-hu","9":"product_tag-campo-real-hu","10":"product_shipping_class-hidegszallitas","12":"first","13":"instock","14":"taxable","15":"shipping-taxable","16":"product-type-variable"},"_links":{"self":[{"href":"https:\/\/myspainfood.com\/hu\/wp-json\/wp\/v2\/product\/20414","targetHints":{"allow":["GET"]}}],"collection":[{"href":"https:\/\/myspainfood.com\/hu\/wp-json\/wp\/v2\/product"}],"about":[{"href":"https:\/\/myspainfood.com\/hu\/wp-json\/wp\/v2\/types\/product"}],"wp:featuredmedia":[{"embeddable":true,"href":"https:\/\/myspainfood.com\/hu\/wp-json\/wp\/v2\/media\/9784"}],"wp:attachment":[{"href":"https:\/\/myspainfood.com\/hu\/wp-json\/wp\/v2\/media?parent=20414"}],"wp:term":[{"taxonomy":"product_brand","embeddable":true,"href":"https:\/\/myspainfood.com\/hu\/wp-json\/wp\/v2\/product_brand?post=20414"},{"taxonomy":"product_cat","embeddable":true,"href":"https:\/\/myspainfood.com\/hu\/wp-json\/wp\/v2\/product_cat?post=20414"},{"taxonomy":"product_tag","embeddable":true,"href":"https:\/\/myspainfood.com\/hu\/wp-json\/wp\/v2\/product_tag?post=20414"}],"curies":[{"name":"wp","href":"https:\/\/api.w.org\/{rel}","templated":true}]}}