{"id":20615,"date":"2025-04-10T12:11:04","date_gmt":"2025-04-10T10:11:04","guid":{"rendered":"https:\/\/myspainfood.com\/producto\/iberiai-serteskaraj-fili-iberiai-fajta-500-gramm-kb\/"},"modified":"2025-06-24T13:18:30","modified_gmt":"2025-06-24T11:18:30","slug":"iberiai-serteskaraj-fili-iberiai-fajta-500-gramm-kb","status":"publish","type":"product","link":"https:\/\/myspainfood.com\/hu\/producto\/iberiai-serteskaraj-fili-iberiai-fajta-500-gramm-kb\/","title":{"rendered":"Ib\u00e9riai sert\u00e9skaraj FILI ib\u00e9riai fajta 500 gramm kb."},"content":{"rendered":"<p>A legjobb ib\u00e9riai sov\u00e1ny h\u00fasokb\u00f3l v\u00e1logatott, term\u00e9szetes f\u0171szerekkel elk\u00e9sz\u00edtett hagyom\u00e1nyos, kiv\u00e1l\u00f3 min\u0151s\u00e9g\u0171 term\u00e9k.<\/p>\n","protected":false},"excerpt":{"rendered":"<p>A legjobb ib\u00e9riai sov\u00e1ny h\u00fasokb\u00f3l v\u00e1logatott, term\u00e9szetes f\u0171szerekkel elk\u00e9sz\u00edtett hagyom\u00e1nyos, kiv\u00e1l\u00f3 min\u0151s\u00e9g\u0171 term\u00e9k.<\/p>\n","protected":false},"featured_media":13429,"template":"","meta":{"_et_pb_use_builder":"","_et_pb_old_content":"","_et_gb_content_width":""},"product_brand":[],"product_cat":[1837,2279,2278],"product_tag":[],"class_list":{"0":"post-20615","1":"product","2":"type-product","3":"status-publish","4":"has-post-thumbnail","6":"product_cat-hideg","7":"product_cat-kolbasz","8":"product_cat-sajt-es-kolbasz","9":"product_shipping_class-hidegszallitas","11":"first","12":"outofstock","13":"taxable","14":"shipping-taxable","15":"purchasable","16":"product-type-simple"},"_links":{"self":[{"href":"https:\/\/myspainfood.com\/hu\/wp-json\/wp\/v2\/product\/20615","targetHints":{"allow":["GET"]}}],"collection":[{"href":"https:\/\/myspainfood.com\/hu\/wp-json\/wp\/v2\/product"}],"about":[{"href":"https:\/\/myspainfood.com\/hu\/wp-json\/wp\/v2\/types\/product"}],"wp:featuredmedia":[{"embeddable":true,"href":"https:\/\/myspainfood.com\/hu\/wp-json\/wp\/v2\/media\/13429"}],"wp:attachment":[{"href":"https:\/\/myspainfood.com\/hu\/wp-json\/wp\/v2\/media?parent=20615"}],"wp:term":[{"taxonomy":"product_brand","embeddable":true,"href":"https:\/\/myspainfood.com\/hu\/wp-json\/wp\/v2\/product_brand?post=20615"},{"taxonomy":"product_cat","embeddable":true,"href":"https:\/\/myspainfood.com\/hu\/wp-json\/wp\/v2\/product_cat?post=20615"},{"taxonomy":"product_tag","embeddable":true,"href":"https:\/\/myspainfood.com\/hu\/wp-json\/wp\/v2\/product_tag?post=20615"}],"curies":[{"name":"wp","href":"https:\/\/api.w.org\/{rel}","templated":true}]}}