{"id":21318,"date":"2025-04-10T12:10:23","date_gmt":"2025-04-10T10:10:23","guid":{"rendered":"https:\/\/myspainfood.com\/producto\/piquillo-paprika-salata-15-kg\/"},"modified":"2025-07-31T16:49:06","modified_gmt":"2025-07-31T14:49:06","slug":"piquillo-paprika-salata-15-kg","status":"publish","type":"product","link":"https:\/\/myspainfood.com\/hu\/producto\/piquillo-paprika-salata-15-kg\/","title":{"rendered":"Piquillo paprika sal\u00e1ta 1,5 kg"},"content":{"rendered":"<p><a href=\"https:\/\/www.alsurvegetales.com\/producto\/id\/35\/pimiento-del-piquillo\" target=\"_blank\" rel=\"noopener noreferrer nofollow\">Alsur<\/a> piquillo paprika sal\u00e1t\u00e1ja \u00e9des konzervpaprik\u00e1val k\u00e9sz\u00fcl.<\/p>\n<p>A paprika kiv\u00e1l\u00f3 min\u0151s\u00e9g\u00e9r\u0151l \u00e9s k\u00fcl\u00f6nleges \u00edz\u00e9r\u0151l h\u00edres, amely egy csipetnyi f\u0171szeress\u00e9ggel b\u00edr.<\/p>\n<p>Jellemz\u0151 tov\u00e1bb\u00e1 intenz\u00edv v\u00f6r\u00f6s sz\u00edn\u00fck, egyedi text\u00far\u00e1juk, m\u00e9ret\u00fck \u00e9s k\u00fcl\u00f6nleges, hossz\u00fak\u00e1s, h\u00e1romsz\u00f6g alak\u00fa form\u00e1juk.<\/p>\n<p>\u00d6sszetev\u0151k: Piquillo paprika, hagyma, v\u00edz, cukor, s\u00f3, ecet \u00e9s citromsav.<\/p>\n<p>Az ed\u00e9ny nett\u00f3 t\u00f6mege 410 gramm.<\/p>\n<p>H\u0171v\u00f6s, sz\u00e1raz helyen t\u00e1rolja. Felbont\u00e1s ut\u00e1n tegye \u00e1t egy nem f\u00e9mb\u0151l k\u00e9sz\u00fclt ed\u00e9nybe, tegye h\u0171t\u0151be, \u00e9s 7 napon bel\u00fcl fogyassza el. <\/p>\n<p>Az Alsur egy csal\u00e1di v\u00e1llalkoz\u00e1s, ahol az \u00e9telek l\u00e9nyege a f\u0151szerepl\u0151.<\/p>\n<h4>A konzervek f\u0151 el\u0151nyei<\/h4>\n<ol>\n<li>Meg\u0151rzik mag\u00e1nak az \u00e9lelmiszernek minden t\u00e1panyagtartalm\u00e1t. Az \u00e9lelmiszer meg\u0151rzi frissess\u00e9g\u00e9t. <\/li>\n<li>A felhaszn\u00e1lt \u00e9lelmiszerek eg\u00e9szs\u00e9gesek, ez\u00e9rt magas vitamin- \u00e9s feh\u00e9rjetartalmuk miatt alkalmasak az optim\u00e1lis \u00e9trendre.<\/li>\n<li>Ezek a term\u00e9kek hosszabb \u00e9lettartam\u00faak (jellemz\u0151en 2-5 \u00e9v).<\/li>\n<li>A konzervek nagyon k\u00f6nnyen t\u00e1rolhat\u00f3k, mivel a csomagol\u00e1suk k\u00f6nnyen alkalmazhat\u00f3.<\/li>\n<\/ol>\n<p>Ha paprikasal\u00e1t\u00e1t szeretne v\u00e1s\u00e1rolni tonhallal vagy b\u00e1rmilyen m\u00e1s t\u00edpus\u00fa <a href=\"https:\/\/latiendadesami.com\/categoria-producto\/conservas\/\" rel=\"noopener noreferrer nofollow\" target=\"_blank\">konzervet<\/a>, ne habozzon, n\u00e9zze meg online katal\u00f3gusunkat, hogy megn\u00e9zze a <a href=\"https:\/\/latiendadesami.com\/categoria-producto\/conservas\/atun-y-bonito\/\" target=\"_blank\" rel=\"noopener noreferrer nofollow\">tonhalak<\/a> sz\u00e9les v\u00e1laszt\u00e9k\u00e1t.<\/p>\n<p>Tov\u00e1bbi inform\u00e1ci\u00f3\u00e9rt \u00edrjon nek\u00fcnk.<\/p>\n","protected":false},"excerpt":{"rendered":"<p>Alsur piquillo paprika sal\u00e1t\u00e1ja \u00e9des konzervpaprik\u00e1val k\u00e9sz\u00fcl. A paprika kiv\u00e1l\u00f3 min\u0151s\u00e9g\u00e9r\u0151l \u00e9s k\u00fcl\u00f6nleges \u00edz\u00e9r\u0151l h\u00edres, amely egy csipetnyi f\u0171szeress\u00e9ggel b\u00edr. Jellemz\u0151 tov\u00e1bb\u00e1 intenz\u00edv v\u00f6r\u00f6s sz\u00edn\u00fck, egyedi text\u00far\u00e1juk, m\u00e9ret\u00fck \u00e9s k\u00fcl\u00f6nleges, hossz\u00fak\u00e1s, h\u00e1romsz\u00f6g alak\u00fa form\u00e1juk. \u00d6sszetev\u0151k: Piquillo paprika, hagyma, v\u00edz, cukor, s\u00f3, ecet \u00e9s citromsav. Az ed\u00e9ny nett\u00f3 t\u00f6mege 410 gramm. H\u0171v\u00f6s, sz\u00e1raz helyen t\u00e1rolja. Felbont\u00e1s [&hellip;]<\/p>\n","protected":false},"featured_media":12718,"template":"","meta":{"_et_pb_use_builder":"","_et_pb_old_content":"","_et_gb_content_width":""},"product_brand":[1196],"product_cat":[1955,2339,3723],"product_tag":[],"class_list":{"0":"post-21318","1":"product","2":"type-product","3":"status-publish","4":"has-post-thumbnail","6":"product_brand-alsur","7":"product_cat-megorzi-a","8":"product_cat-paprika-hu","9":"product_cat-zoldsegek","11":"first","12":"outofstock","13":"taxable","14":"shipping-taxable","15":"purchasable","16":"product-type-simple"},"_links":{"self":[{"href":"https:\/\/myspainfood.com\/hu\/wp-json\/wp\/v2\/product\/21318","targetHints":{"allow":["GET"]}}],"collection":[{"href":"https:\/\/myspainfood.com\/hu\/wp-json\/wp\/v2\/product"}],"about":[{"href":"https:\/\/myspainfood.com\/hu\/wp-json\/wp\/v2\/types\/product"}],"wp:featuredmedia":[{"embeddable":true,"href":"https:\/\/myspainfood.com\/hu\/wp-json\/wp\/v2\/media\/12718"}],"wp:attachment":[{"href":"https:\/\/myspainfood.com\/hu\/wp-json\/wp\/v2\/media?parent=21318"}],"wp:term":[{"taxonomy":"product_brand","embeddable":true,"href":"https:\/\/myspainfood.com\/hu\/wp-json\/wp\/v2\/product_brand?post=21318"},{"taxonomy":"product_cat","embeddable":true,"href":"https:\/\/myspainfood.com\/hu\/wp-json\/wp\/v2\/product_cat?post=21318"},{"taxonomy":"product_tag","embeddable":true,"href":"https:\/\/myspainfood.com\/hu\/wp-json\/wp\/v2\/product_tag?post=21318"}],"curies":[{"name":"wp","href":"https:\/\/api.w.org\/{rel}","templated":true}]}}