{"id":21360,"date":"2025-04-10T12:10:26","date_gmt":"2025-04-10T10:10:26","guid":{"rendered":"https:\/\/myspainfood.com\/producto\/bocaditos-bacalao-salados\/"},"modified":"2025-06-24T13:15:35","modified_gmt":"2025-06-24T11:15:35","slug":"bocaditos-bacalao-salados","status":"publish","type":"product","link":"https:\/\/myspainfood.com\/hu\/producto\/bocaditos-bacalao-salados\/","title":{"rendered":"Bocaditos Bacalao Salados"},"content":{"rendered":"<p style=\"text-align: left\">&#8222;A t\u0151kehal a Gadus nemzets\u00e9gbe tartoz\u00f3 sz\u00e1mos halfaj k\u00f6z\u00f6s neve, b\u00e1r ugyanannak a nemzets\u00e9gnek n\u00e9h\u00e1ny faj\u00e1nak m\u00e1s neve is lehet. A leggyakoribb faj az atlanti t\u0151kehal<strong>(Gadus morhua<\/strong> vagy k\u00f6z\u00f6ns\u00e9ges t\u0151kehal). Ez a vil\u00e1g egyik legismertebb hala, amelyet nagyszer\u0171 \u00edze miatt nagyra becs\u00fclnek.  <\/p>\n<h6 style=\"text-align: left\"><u>T\u00c1P\u00c9RT\u00c9K<\/u><\/h6>\n<p>T\u00e1pl\u00e1lkoz\u00e1si szempontb\u00f3l a t\u0151kehal magas biol\u00f3giai \u00e9rt\u00e9k\u0171 \u00e9s em\u00e9szthet\u0151 feh\u00e9rj\u00e9kben gazdag, alacsony zs\u00edr- \u00e9s kal\u00f3riatartalm\u00fa \u00e9lelmiszer. V\u00edztartalma 80% k\u00f6r\u00fcli (a friss t\u0151kehalban), \u00e9s j\u00f3 forr\u00e1sa a szervezet sz\u00e1m\u00e1ra n\u00e9lk\u00fcl\u00f6zhetetlen vitaminoknak (f\u0151k\u00e9nt a B csoportba tartoz\u00f3 vitaminoknak) \u00e9s \u00e1sv\u00e1nyi s\u00f3knak. A friss vagy s\u00f3tlan\u00edtott t\u0151kehal a magas v\u00e9rnyom\u00e1sban szenved\u0151k sz\u00e1m\u00e1ra is fogyaszthat\u00f3, mivel alacsony a n\u00e1triumtartalma \u00e9s gazdag k\u00e1liumban.  <\/p>\n","protected":false},"excerpt":{"rendered":"<p>&#8222;A t\u0151kehal a Gadus nemzets\u00e9gbe tartoz\u00f3 sz\u00e1mos halfaj k\u00f6z\u00f6s neve, b\u00e1r ugyanannak a nemzets\u00e9gnek n\u00e9h\u00e1ny faj\u00e1nak m\u00e1s neve is lehet. A leggyakoribb faj az atlanti t\u0151kehal(Gadus morhua vagy k\u00f6z\u00f6ns\u00e9ges t\u0151kehal). Ez a vil\u00e1g egyik legismertebb hala, amelyet nagyszer\u0171 \u00edze miatt nagyra becs\u00fclnek. T\u00c1P\u00c9RT\u00c9K T\u00e1pl\u00e1lkoz\u00e1si szempontb\u00f3l a t\u0151kehal magas biol\u00f3giai \u00e9rt\u00e9k\u0171 \u00e9s em\u00e9szthet\u0151 feh\u00e9rj\u00e9kben gazdag, alacsony [&hellip;]<\/p>\n","protected":false},"featured_media":12781,"template":"","meta":{"_et_pb_use_builder":"","_et_pb_old_content":"","_et_gb_content_width":""},"product_brand":[1290],"product_cat":[1837,3532],"product_tag":[],"class_list":{"0":"post-21360","1":"product","2":"type-product","3":"status-publish","4":"has-post-thumbnail","6":"product_brand-la-barajilla","7":"product_cat-hideg","8":"product_cat-tokehal","9":"product_shipping_class-hidegszallitas","11":"first","12":"outofstock","13":"taxable","14":"shipping-taxable","15":"purchasable","16":"product-type-simple"},"_links":{"self":[{"href":"https:\/\/myspainfood.com\/hu\/wp-json\/wp\/v2\/product\/21360","targetHints":{"allow":["GET"]}}],"collection":[{"href":"https:\/\/myspainfood.com\/hu\/wp-json\/wp\/v2\/product"}],"about":[{"href":"https:\/\/myspainfood.com\/hu\/wp-json\/wp\/v2\/types\/product"}],"wp:featuredmedia":[{"embeddable":true,"href":"https:\/\/myspainfood.com\/hu\/wp-json\/wp\/v2\/media\/12781"}],"wp:attachment":[{"href":"https:\/\/myspainfood.com\/hu\/wp-json\/wp\/v2\/media?parent=21360"}],"wp:term":[{"taxonomy":"product_brand","embeddable":true,"href":"https:\/\/myspainfood.com\/hu\/wp-json\/wp\/v2\/product_brand?post=21360"},{"taxonomy":"product_cat","embeddable":true,"href":"https:\/\/myspainfood.com\/hu\/wp-json\/wp\/v2\/product_cat?post=21360"},{"taxonomy":"product_tag","embeddable":true,"href":"https:\/\/myspainfood.com\/hu\/wp-json\/wp\/v2\/product_tag?post=21360"}],"curies":[{"name":"wp","href":"https:\/\/api.w.org\/{rel}","templated":true}]}}