{"id":21493,"date":"2025-04-10T12:10:29","date_gmt":"2025-04-10T10:10:29","guid":{"rendered":"https:\/\/myspainfood.com\/producto\/areoso-120gr-tonhalhasu-darabok-250-db-250-db\/"},"modified":"2025-04-10T12:10:29","modified_gmt":"2025-04-10T10:10:29","slug":"areoso-120gr-tonhalhasu-darabok-250-db-250-db","status":"publish","type":"product","link":"https:\/\/myspainfood.com\/hu\/producto\/areoso-120gr-tonhalhasu-darabok-250-db-250-db\/","title":{"rendered":"Areoso 120gr tonhalhas\u00fa darabok 250 db 250 db"},"content":{"rendered":"<p>Specifik\u00e1ci\u00f3: S\u00e1rga\u00fasz\u00f3j\u00fa tonhal hasa (Thunnus albacares) napraforg\u00f3olajban.<\/p>\n<p>\u00d6sszetev\u0151k: 65,2%, napraforg\u00f3olaj 34,8%, s\u00f3, s\u00f3.<\/p>\n<p>Gy\u00e1rt\u00e1si folyamat: A s\u00e1rga\u00fasz\u00f3j\u00fa tonhal hasi r\u00e9sze az egyik legkedveltebb a nagyszer\u0171 \u00edze \u00e9s sima text\u00far\u00e1ja miatt. A hasi tonhal darabjai teljesen hagyom\u00e1nyos m\u00f3don kezelve \u00e9rkeznek a gy\u00e1rba. A f\u0151z\u00e9s ut\u00e1n megtiszt\u00edtj\u00e1k \u00e9s k\u00e9zzel v\u00e9kony, egyenletes m\u00e9ret\u0171 szeletekre v\u00e1lasztj\u00e1k \u0151ket. Konzervdobozokba csomagolj\u00e1k \u0151ket, \u00e9s fed\u0151folyad\u00e9kk\u00e9nt ol\u00edvaolajat adnak hozz\u00e1, ami k\u00e9ts\u00e9gtelen\u00fcl fokozza e nagyra becs\u00fclt term\u00e9k teljes \u00edz\u00e9t. A konzervdobozokat ezut\u00e1n lez\u00e1rj\u00e1k \u00e9s steriliz\u00e1lj\u00e1k, ami egy szigor\u00faan ellen\u0151rz\u00f6tt elj\u00e1r\u00e1s, amely mesters\u00e9ges tart\u00f3s\u00edt\u00f3szerek hozz\u00e1ad\u00e1sa n\u00e9lk\u00fcl garant\u00e1lja a term\u00e9k min\u0151s\u00e9g\u00e9t \u00e9s hossz\u00fa t\u00e1v\u00fa meg\u0151rz\u00e9s\u00e9t.    <\/p>\n<p>Tov\u00e1bbi inform\u00e1ci\u00f3\u00e9rt \u00edrjon nek\u00fcnk.<\/p>\n","protected":false},"excerpt":{"rendered":"<p>Specifik\u00e1ci\u00f3: S\u00e1rga\u00fasz\u00f3j\u00fa tonhal hasa (Thunnus albacares) napraforg\u00f3olajban. \u00d6sszetev\u0151k: 65,2%, napraforg\u00f3olaj 34,8%, s\u00f3, s\u00f3. Gy\u00e1rt\u00e1si folyamat: A s\u00e1rga\u00fasz\u00f3j\u00fa tonhal hasi r\u00e9sze az egyik legkedveltebb a nagyszer\u0171 \u00edze \u00e9s sima text\u00far\u00e1ja miatt. A hasi tonhal darabjai teljesen hagyom\u00e1nyos m\u00f3don kezelve \u00e9rkeznek a gy\u00e1rba. A f\u0151z\u00e9s ut\u00e1n megtiszt\u00edtj\u00e1k \u00e9s k\u00e9zzel v\u00e9kony, egyenletes m\u00e9ret\u0171 szeletekre v\u00e1lasztj\u00e1k \u0151ket. Konzervdobozokba csomagolj\u00e1k [&hellip;]<\/p>\n","protected":false},"featured_media":12844,"template":"","meta":{"_et_pb_use_builder":"","_et_pb_old_content":"","_et_gb_content_width":""},"product_brand":[1358],"product_cat":[3272,2927],"product_tag":[],"class_list":{"0":"post-21493","1":"product","2":"type-product","3":"status-publish","4":"has-post-thumbnail","6":"product_brand-areoso","7":"product_cat-megorzi-a-hu-2","8":"product_cat-nagykereskedelem","10":"first","11":"outofstock","12":"taxable","13":"shipping-taxable","14":"product-type-variable"},"_links":{"self":[{"href":"https:\/\/myspainfood.com\/hu\/wp-json\/wp\/v2\/product\/21493","targetHints":{"allow":["GET"]}}],"collection":[{"href":"https:\/\/myspainfood.com\/hu\/wp-json\/wp\/v2\/product"}],"about":[{"href":"https:\/\/myspainfood.com\/hu\/wp-json\/wp\/v2\/types\/product"}],"wp:featuredmedia":[{"embeddable":true,"href":"https:\/\/myspainfood.com\/hu\/wp-json\/wp\/v2\/media\/12844"}],"wp:attachment":[{"href":"https:\/\/myspainfood.com\/hu\/wp-json\/wp\/v2\/media?parent=21493"}],"wp:term":[{"taxonomy":"product_brand","embeddable":true,"href":"https:\/\/myspainfood.com\/hu\/wp-json\/wp\/v2\/product_brand?post=21493"},{"taxonomy":"product_cat","embeddable":true,"href":"https:\/\/myspainfood.com\/hu\/wp-json\/wp\/v2\/product_cat?post=21493"},{"taxonomy":"product_tag","embeddable":true,"href":"https:\/\/myspainfood.com\/hu\/wp-json\/wp\/v2\/product_tag?post=21493"}],"curies":[{"name":"wp","href":"https:\/\/api.w.org\/{rel}","templated":true}]}}