{"id":21575,"date":"2025-04-10T12:10:34","date_gmt":"2025-04-10T10:10:34","guid":{"rendered":"https:\/\/myspainfood.com\/producto\/iberiai-chorizo-extra-fili-500-gramm-salamanca\/"},"modified":"2026-01-29T11:15:24","modified_gmt":"2026-01-29T10:15:24","slug":"iberiai-chorizo-extra-fili-500-gramm-salamanca","status":"publish","type":"product","link":"https:\/\/myspainfood.com\/hu\/producto\/iberiai-chorizo-extra-fili-500-gramm-salamanca\/","title":{"rendered":"Ib\u00e9riai Chorizo Extra Fili 500 gramm Salamanca"},"content":{"rendered":"<p>A legjobb ib\u00e9riai sov\u00e1ny h\u00fasb\u00f3l, paprik\u00e1b\u00f3l, fokhagym\u00e1b\u00f3l v\u00e1logatott hagyom\u00e1nyos, kiv\u00e1l\u00f3 min\u0151s\u00e9g\u0171 term\u00e9k&#8230;<\/p>\n<p>Kiszerel\u00e9s: term\u00e9szetes sert\u00e9sb\u00e9l, v\u00e1kuumcsomagolva eg\u00e9szben vagy f\u00e9lbev\u00e1gva.<\/p>\n","protected":false},"excerpt":{"rendered":"<p>A legjobb ib\u00e9riai sov\u00e1ny h\u00fasb\u00f3l, paprik\u00e1b\u00f3l, fokhagym\u00e1b\u00f3l v\u00e1logatott hagyom\u00e1nyos, kiv\u00e1l\u00f3 min\u0151s\u00e9g\u0171 term\u00e9k&#8230; Kiszerel\u00e9s: term\u00e9szetes sert\u00e9sb\u00e9l, v\u00e1kuumcsomagolva eg\u00e9szben vagy f\u00e9lbev\u00e1gva.<\/p>\n","protected":false},"featured_media":13105,"template":"","meta":{"_et_pb_use_builder":"","_et_pb_old_content":"","_et_gb_content_width":""},"product_brand":[1388],"product_cat":[1837,2279,2278],"product_tag":[],"class_list":{"0":"post-21575","1":"product","2":"type-product","3":"status-publish","4":"has-post-thumbnail","6":"product_brand-fili","7":"product_cat-hideg","8":"product_cat-kolbasz","9":"product_cat-sajt-es-kolbasz","10":"product_shipping_class-hidegszallitas","12":"first","13":"instock","14":"featured","15":"taxable","16":"shipping-taxable","17":"purchasable","18":"product-type-variable"},"_links":{"self":[{"href":"https:\/\/myspainfood.com\/hu\/wp-json\/wp\/v2\/product\/21575","targetHints":{"allow":["GET"]}}],"collection":[{"href":"https:\/\/myspainfood.com\/hu\/wp-json\/wp\/v2\/product"}],"about":[{"href":"https:\/\/myspainfood.com\/hu\/wp-json\/wp\/v2\/types\/product"}],"wp:featuredmedia":[{"embeddable":true,"href":"https:\/\/myspainfood.com\/hu\/wp-json\/wp\/v2\/media\/13105"}],"wp:attachment":[{"href":"https:\/\/myspainfood.com\/hu\/wp-json\/wp\/v2\/media?parent=21575"}],"wp:term":[{"taxonomy":"product_brand","embeddable":true,"href":"https:\/\/myspainfood.com\/hu\/wp-json\/wp\/v2\/product_brand?post=21575"},{"taxonomy":"product_cat","embeddable":true,"href":"https:\/\/myspainfood.com\/hu\/wp-json\/wp\/v2\/product_cat?post=21575"},{"taxonomy":"product_tag","embeddable":true,"href":"https:\/\/myspainfood.com\/hu\/wp-json\/wp\/v2\/product_tag?post=21575"}],"curies":[{"name":"wp","href":"https:\/\/api.w.org\/{rel}","templated":true}]}}