{"id":21747,"date":"2025-04-10T12:10:34","date_gmt":"2025-04-10T10:10:34","guid":{"rendered":"https:\/\/myspainfood.com\/producto\/szardinilla-25-35-areoso-olivaolajban-120gr\/"},"modified":"2025-04-10T12:10:34","modified_gmt":"2025-04-10T10:10:34","slug":"szardinilla-25-35-areoso-olivaolajban-120gr","status":"publish","type":"product","link":"https:\/\/myspainfood.com\/hu\/producto\/szardinilla-25-35-areoso-olivaolajban-120gr\/","title":{"rendered":"Szardinilla 25\/35 Areoso ol\u00edvaolajban 120gr"},"content":{"rendered":"<p>Term\u00e9k: Szard\u00ednia ol\u00edvaolajban 25\/35 db<\/p>\n<p>Specifik\u00e1ci\u00f3k: A gal\u00edciai Riasb\u00f3l sz\u00e1rmaz\u00f3, homog\u00e9n m\u00e9ret\u0171 kis szard\u00ednia (Sardina pilchardus) ol\u00edvaolajban. K\u00e9zzel v\u00e1logatott minden egyes konzervdobozban. <\/p>\n<p>\u00d6sszetev\u0151k: Szard\u00ednia 73%, ol\u00edvaolaj 27% \u00e9s s\u00f3.<\/p>\n<p>Gy\u00e1rt\u00e1si folyamat: A szard\u00ednia annak ellen\u00e9re, hogy hal, ig\u00e9nyes term\u00e9k, \u00e9s el\u0151\u00e1ll\u00edt\u00e1sa meglehet\u0151sen munkaig\u00e9nyes. A gy\u00e1rba \u00e9rkez\u00e9skor a szard\u00edni\u00e1kat gondosan elt\u00e1vol\u00edtj\u00e1k a fej\u00fckr\u0151l \u00e9s kibelezik \u0151ket, hogy elker\u00fclj\u00e9k a t\u00f6r\u00e9st \u00e9s a megjelen\u00e9s\u00fck elront\u00e1s\u00e1t. A szard\u00edni\u00e1kat ezut\u00e1n r\u00e1csra helyezik, \u00e1tpassz\u00edrozz\u00e1k \u00e9s s\u00f3s l\u00e9ben (v\u00edz \u00e9s s\u00f3) \u00e1ztatj\u00e1k, hogy \u00edzt \u00e9s szil\u00e1rds\u00e1got kapjanak. Ezut\u00e1n hagyom\u00e1nyosan megs\u00fctik \u00e9s k\u00e9zzel csomagolj\u00e1k \u0151ket minden egyes konzervdobozba. Az ol\u00edvaolajos bevonatot k\u00f6vet\u0151en a konzervdobozokat lez\u00e1rj\u00e1k \u00e9s steriliz\u00e1lj\u00e1k, ami egy szigor\u00faan ellen\u0151rz\u00f6tt elj\u00e1r\u00e1s, amely \u00e9vekig garant\u00e1lja a term\u00e9k min\u0151s\u00e9g\u00e9nek meg\u0151rz\u00e9s\u00e9t \u00e9s min\u0151s\u00e9g\u00e9t tart\u00f3s\u00edt\u00f3szerek \u00e9s mesters\u00e9ges adal\u00e9kanyagok hozz\u00e1ad\u00e1sa n\u00e9lk\u00fcl. Ezt k\u00f6vet\u0151en a konzervdobozok k\u00e9szen \u00e1llnak a t\u00e1rol\u00e1sra \u00e9s a tov\u00e1bbi feldolgoz\u00e1sra.     <\/p>\n","protected":false},"excerpt":{"rendered":"<p>Term\u00e9k: Szard\u00ednia ol\u00edvaolajban 25\/35 db Specifik\u00e1ci\u00f3k: A gal\u00edciai Riasb\u00f3l sz\u00e1rmaz\u00f3, homog\u00e9n m\u00e9ret\u0171 kis szard\u00ednia (Sardina pilchardus) ol\u00edvaolajban. K\u00e9zzel v\u00e1logatott minden egyes konzervdobozban. \u00d6sszetev\u0151k: Szard\u00ednia 73%, ol\u00edvaolaj 27% \u00e9s s\u00f3. Gy\u00e1rt\u00e1si folyamat: A szard\u00ednia annak ellen\u00e9re, hogy hal, ig\u00e9nyes term\u00e9k, \u00e9s el\u0151\u00e1ll\u00edt\u00e1sa meglehet\u0151sen munkaig\u00e9nyes. A gy\u00e1rba \u00e9rkez\u00e9skor a szard\u00edni\u00e1kat gondosan elt\u00e1vol\u00edtj\u00e1k a fej\u00fckr\u0151l \u00e9s kibelezik \u0151ket, [&hellip;]<\/p>\n","protected":false},"featured_media":12934,"template":"","meta":{"_et_pb_use_builder":"","_et_pb_old_content":"","_et_gb_content_width":""},"product_brand":[1358],"product_cat":[1955,3765],"product_tag":[],"class_list":{"0":"post-21747","1":"product","2":"type-product","3":"status-publish","4":"has-post-thumbnail","6":"product_brand-areoso","7":"product_cat-megorzi-a","8":"product_cat-sardinillas-hu","10":"first","11":"outofstock","12":"taxable","13":"shipping-taxable","14":"product-type-variable"},"_links":{"self":[{"href":"https:\/\/myspainfood.com\/hu\/wp-json\/wp\/v2\/product\/21747","targetHints":{"allow":["GET"]}}],"collection":[{"href":"https:\/\/myspainfood.com\/hu\/wp-json\/wp\/v2\/product"}],"about":[{"href":"https:\/\/myspainfood.com\/hu\/wp-json\/wp\/v2\/types\/product"}],"wp:featuredmedia":[{"embeddable":true,"href":"https:\/\/myspainfood.com\/hu\/wp-json\/wp\/v2\/media\/12934"}],"wp:attachment":[{"href":"https:\/\/myspainfood.com\/hu\/wp-json\/wp\/v2\/media?parent=21747"}],"wp:term":[{"taxonomy":"product_brand","embeddable":true,"href":"https:\/\/myspainfood.com\/hu\/wp-json\/wp\/v2\/product_brand?post=21747"},{"taxonomy":"product_cat","embeddable":true,"href":"https:\/\/myspainfood.com\/hu\/wp-json\/wp\/v2\/product_cat?post=21747"},{"taxonomy":"product_tag","embeddable":true,"href":"https:\/\/myspainfood.com\/hu\/wp-json\/wp\/v2\/product_tag?post=21747"}],"curies":[{"name":"wp","href":"https:\/\/api.w.org\/{rel}","templated":true}]}}