{"id":23165,"date":"2025-04-10T12:05:47","date_gmt":"2025-04-10T10:05:47","guid":{"rendered":"https:\/\/myspainfood.com\/producto\/uborka-225-kg-netto-tomeg\/"},"modified":"2025-05-08T20:41:05","modified_gmt":"2025-05-08T18:41:05","slug":"uborka-225-kg-netto-tomeg","status":"publish","type":"product","link":"https:\/\/myspainfood.com\/hu\/producto\/uborka-225-kg-netto-tomeg\/","title":{"rendered":"Uborka 2,25 kg nett\u00f3 t\u00f6meg"},"content":{"rendered":"<p>Uborka s\u00falya 2,25 kg nett\u00f3 - Csak ubork\u00e1b\u00f3l, v\u00edzb\u0151l \u00e9s s\u00f3b\u00f3l az egyik legfinomabb <a href=\"https:\/\/www.google.com\/search?q=pepinillos+gordos&amp;tbm=isch&amp;ved=2ahUKEwj6xNCv8-_1AhWXiP0HHcNGC0QQ2-cCegQIABAA&amp;oq=pepinillos+gordos&amp;gs_lcp=CgNpbWcQA1DZFVjlJ2DcK2gAcAB4AIABYYgB4wqSAQIxOJgBAKABAaoBC2d3cy13aXotaW1nwAEB&amp;sclient=img&amp;ei=WUYCYrq0IpeR9u8Pw42toAQ&amp;bih=780&amp;biw=1577\" target=\"_blank\" rel=\"noopener noreferrer nofollow\">r\u00e1gcs\u00e1lnival\u00f3t<\/a> kapja.<\/p>\n<p>Az \u00f6sszetev\u0151k \u00e1ltal biztos\u00edtott \u00edzek kever\u00e9ke \u00e9s az ecet hozz\u00e1ad\u00e1sa k\u00fcl\u00f6nleges \u00edzt ad, amely nagyon kellemes az \u00edzlel\u00e9snek.<\/p>\n<p>A savany\u00fas\u00e1g olyan snack, amely er\u0151s\u00edti az immunrendszert, ami azt jelenti, hogy t\u00e1mogatja a szervezet v\u00e9dekez\u0151k\u00e9pess\u00e9g\u00e9t \u00e9s \u00e1ltal\u00e1nos eg\u00e9szs\u00e9g\u00e9t.<\/p>\n<h3><strong>Az uborka s\u00faly\u00e1nak el\u0151nyei 2.25kg nett\u00f3 s\u00faly<\/strong><\/h3>\n<p>Tudtad, hogy a savany\u00fas\u00e1gnak \u00e1ltal\u00e1ban milyen el\u0151nyei vannak? \u00cdme egy lista a legfontosabbakr\u00f3l: <\/p>\n<ul>\n<li>Probiotikumokban gazdag.<\/li>\n<li>Seg\u00edtik az em\u00e9szt\u00e9st.<\/li>\n<li>Er\u0151s\u00edtik az immunrendszert.<\/li>\n<li>Cs\u00f6kkentik a cukor ut\u00e1ni s\u00f3v\u00e1rg\u00e1st.<\/li>\n<li>Kedvez\u0151 az epeh\u00f3lyag sz\u00e1m\u00e1ra.<\/li>\n<\/ul>\n<p>Ha olajbogy\u00f3t vagy b\u00e1rmilyen m\u00e1s t\u00edpus\u00fa <a href=\"https:\/\/latiendadesami.com\/categoria-producto\/encurtidos\/\" rel=\"noopener noreferrer nofollow\" target=\"_blank\">ubork\u00e1t<\/a> szeretne v\u00e1s\u00e1rolni, ne habozzon, n\u00e9zze meg online katal\u00f3gusunkat, hogy megn\u00e9zze az <a href=\"https:\/\/latiendadesami.com\/categoria-producto\/encurtidos\/pepinillos\/\" target=\"_blank\" rel=\"noopener noreferrer nofollow\">ubork\u00e1k<\/a> sz\u00e9les v\u00e1laszt\u00e9k\u00e1t.<\/p>\n","protected":false},"excerpt":{"rendered":"<p>Uborka s\u00falya 2,25 kg nett\u00f3 - Csak ubork\u00e1b\u00f3l, v\u00edzb\u0151l \u00e9s s\u00f3b\u00f3l az egyik legfinomabb r\u00e1gcs\u00e1lnival\u00f3t kapja. Az \u00f6sszetev\u0151k \u00e1ltal biztos\u00edtott \u00edzek kever\u00e9ke \u00e9s az ecet hozz\u00e1ad\u00e1sa k\u00fcl\u00f6nleges \u00edzt ad, amely nagyon kellemes az \u00edzlel\u00e9snek. A savany\u00fas\u00e1g olyan snack, amely er\u0151s\u00edti az immunrendszert, ami azt jelenti, hogy t\u00e1mogatja a szervezet v\u00e9dekez\u0151k\u00e9pess\u00e9g\u00e9t \u00e9s \u00e1ltal\u00e1nos eg\u00e9szs\u00e9g\u00e9t. Az uborka [&hellip;]<\/p>\n","protected":false},"featured_media":7813,"template":"","meta":{"_et_pb_use_builder":"","_et_pb_old_content":"","_et_gb_content_width":""},"product_brand":[],"product_cat":[1568,2001],"product_tag":[2027],"class_list":{"0":"post-23165","1":"product","2":"type-product","3":"status-publish","4":"has-post-thumbnail","6":"product_cat-savanyusagok","7":"product_cat-uborka","8":"product_tag-gherkin-hu","10":"first","11":"instock","12":"taxable","13":"shipping-taxable","14":"purchasable","15":"product-type-simple"},"_links":{"self":[{"href":"https:\/\/myspainfood.com\/hu\/wp-json\/wp\/v2\/product\/23165","targetHints":{"allow":["GET"]}}],"collection":[{"href":"https:\/\/myspainfood.com\/hu\/wp-json\/wp\/v2\/product"}],"about":[{"href":"https:\/\/myspainfood.com\/hu\/wp-json\/wp\/v2\/types\/product"}],"wp:featuredmedia":[{"embeddable":true,"href":"https:\/\/myspainfood.com\/hu\/wp-json\/wp\/v2\/media\/7813"}],"wp:attachment":[{"href":"https:\/\/myspainfood.com\/hu\/wp-json\/wp\/v2\/media?parent=23165"}],"wp:term":[{"taxonomy":"product_brand","embeddable":true,"href":"https:\/\/myspainfood.com\/hu\/wp-json\/wp\/v2\/product_brand?post=23165"},{"taxonomy":"product_cat","embeddable":true,"href":"https:\/\/myspainfood.com\/hu\/wp-json\/wp\/v2\/product_cat?post=23165"},{"taxonomy":"product_tag","embeddable":true,"href":"https:\/\/myspainfood.com\/hu\/wp-json\/wp\/v2\/product_tag?post=23165"}],"curies":[{"name":"wp","href":"https:\/\/api.w.org\/{rel}","templated":true}]}}