{"id":23241,"date":"2025-04-10T12:05:54","date_gmt":"2025-04-10T10:05:54","guid":{"rendered":"https:\/\/myspainfood.com\/producto\/sardinillas-oti-925gr\/"},"modified":"2025-04-10T12:05:54","modified_gmt":"2025-04-10T10:05:54","slug":"sardinillas-oti-925gr","status":"publish","type":"product","link":"https:\/\/myspainfood.com\/hu\/producto\/sardinillas-oti-925gr\/","title":{"rendered":"Sardinillas Oti 925gr"},"content":{"rendered":"<p>A Conservas Oti a legjobb szard\u00edni\u00e1kat v\u00e1lasztja ki, amelyeket k\u00e9zzel v\u00e1gnak, fejelnek \u00e9s tiszt\u00edtanak, majd g\u0151zben s\u00fctnek \u00e9s napraforg\u00f3olajba csomagolnak. A szard\u00edni\u00e1k vonz\u00f3 ez\u00fcst\u00f6s megjelen\u00e9s\u00fckkel, kr\u00e9mes \u00e1llagukkal, intenz\u00edv hal\u00edz\u00fckkel \u00e9s pomp\u00e1s megjelen\u00e9s\u00fckkel t\u0171nnek ki. Magas Omega 3 tartalmuknak k\u00f6sz\u00f6nhet\u0151en hozz\u00e1j\u00e1rulnak a mediterr\u00e1n \u00e9trend megval\u00f3s\u00edt\u00e1s\u00e1hoz.  <\/p>\n","protected":false},"excerpt":{"rendered":"<p>A Conservas Oti a legjobb szard\u00edni\u00e1kat v\u00e1lasztja ki, amelyeket k\u00e9zzel v\u00e1gnak, fejelnek \u00e9s tiszt\u00edtanak, majd g\u0151zben s\u00fctnek \u00e9s napraforg\u00f3olajba csomagolnak. A szard\u00edni\u00e1k vonz\u00f3 ez\u00fcst\u00f6s megjelen\u00e9s\u00fckkel, kr\u00e9mes \u00e1llagukkal, intenz\u00edv hal\u00edz\u00fckkel \u00e9s pomp\u00e1s megjelen\u00e9s\u00fckkel t\u0171nnek ki. Magas Omega 3 tartalmuknak k\u00f6sz\u00f6nhet\u0151en hozz\u00e1j\u00e1rulnak a mediterr\u00e1n \u00e9trend megval\u00f3s\u00edt\u00e1s\u00e1hoz.<\/p>\n","protected":false},"featured_media":8281,"template":"","meta":{"_et_pb_use_builder":"","_et_pb_old_content":"","_et_gb_content_width":""},"product_brand":[1075],"product_cat":[1955,3765],"product_tag":[],"class_list":{"0":"post-23241","1":"product","2":"type-product","3":"status-publish","4":"has-post-thumbnail","6":"product_brand-oti","7":"product_cat-megorzi-a","8":"product_cat-sardinillas-hu","10":"first","11":"outofstock","12":"taxable","13":"shipping-taxable","14":"purchasable","15":"product-type-variable"},"_links":{"self":[{"href":"https:\/\/myspainfood.com\/hu\/wp-json\/wp\/v2\/product\/23241","targetHints":{"allow":["GET"]}}],"collection":[{"href":"https:\/\/myspainfood.com\/hu\/wp-json\/wp\/v2\/product"}],"about":[{"href":"https:\/\/myspainfood.com\/hu\/wp-json\/wp\/v2\/types\/product"}],"wp:featuredmedia":[{"embeddable":true,"href":"https:\/\/myspainfood.com\/hu\/wp-json\/wp\/v2\/media\/8281"}],"wp:attachment":[{"href":"https:\/\/myspainfood.com\/hu\/wp-json\/wp\/v2\/media?parent=23241"}],"wp:term":[{"taxonomy":"product_brand","embeddable":true,"href":"https:\/\/myspainfood.com\/hu\/wp-json\/wp\/v2\/product_brand?post=23241"},{"taxonomy":"product_cat","embeddable":true,"href":"https:\/\/myspainfood.com\/hu\/wp-json\/wp\/v2\/product_cat?post=23241"},{"taxonomy":"product_tag","embeddable":true,"href":"https:\/\/myspainfood.com\/hu\/wp-json\/wp\/v2\/product_tag?post=23241"}],"curies":[{"name":"wp","href":"https:\/\/api.w.org\/{rel}","templated":true}]}}