{"id":25159,"date":"2025-04-10T12:05:46","date_gmt":"2025-04-10T10:05:46","guid":{"rendered":"https:\/\/myspainfood.com\/producto\/szardellaval-toltott-uborka-2-kg-nem\/"},"modified":"2025-06-25T12:23:00","modified_gmt":"2025-06-25T10:23:00","slug":"szardellaval-toltott-uborka-2-kg-nem","status":"publish","type":"product","link":"https:\/\/myspainfood.com\/hu\/producto\/szardellaval-toltott-uborka-2-kg-nem\/","title":{"rendered":"Szardell\u00e1val t\u00f6lt\u00f6tt uborka 2 kg nem"},"content":{"rendered":"<p>Szardell\u00e1val t\u00f6lt\u00f6tt uborka 2kg - uborka, szardella, hagyma, ol\u00edva, bors, s\u00f3. <a href=\"https:\/\/www.google.com\/search?q=pepinillos+rellenos+de+anchoa&amp;sxsrf=APq-WBt_i-Tka1Uv3POveVZqwLAkAbPIVg:1644316240904&amp;source=lnms&amp;tbm=isch&amp;sa=X&amp;ved=2ahUKEwj7or-r8-_1AhXO57sIHTYYAU0Q_AUoAXoECAEQAw&amp;biw=1577&amp;bih=780&amp;dpr=1\" target=\"_blank\" rel=\"noopener noreferrer nofollow\">El\u0151\u00e9telk\u00e9nt<\/a> fogyaszthat\u00f3. <\/p>\n<p>Az \u00f6sszetev\u0151k \u00e1ltal biztos\u00edtott \u00edzek kever\u00e9ke \u00e9s az ecet hozz\u00e1ad\u00e1sa k\u00fcl\u00f6nleges \u00edzt ad, amely nagyon kellemes az \u00edzlel\u00e9snek.<\/p>\n<p>A savany\u00fas\u00e1g olyan snack, amely er\u0151s\u00edti az immunrendszert, ami azt jelenti, hogy t\u00e1mogatja a szervezet v\u00e9dekez\u0151k\u00e9pess\u00e9g\u00e9t \u00e9s \u00e1ltal\u00e1nos eg\u00e9szs\u00e9g\u00e9t.<\/p>\n<h3><strong>A szardell\u00e1val t\u00f6lt\u00f6tt uborka 2kg el\u0151nyei<\/strong><\/h3>\n<p>Tudtad, hogy a savany\u00fas\u00e1gnak \u00e1ltal\u00e1ban milyen el\u0151nyei vannak? \u00cdme egy lista a legfontosabbakr\u00f3l: <\/p>\n<ul>\n<li>Probiotikumokban gazdag.<\/li>\n<li>Seg\u00edtik az em\u00e9szt\u00e9st.<\/li>\n<li>Er\u0151s\u00edtik az immunrendszert.<\/li>\n<li>Cs\u00f6kkentik a cukor ut\u00e1ni s\u00f3v\u00e1rg\u00e1st.<\/li>\n<li>Kedvez\u0151 az epeh\u00f3lyag sz\u00e1m\u00e1ra.<\/li>\n<\/ul>\n<p>Ha olajbogy\u00f3t vagy b\u00e1rmilyen m\u00e1s t\u00edpus\u00fa <a href=\"https:\/\/latiendadesami.com\/categoria-producto\/encurtidos\/\" rel=\"noopener noreferrer nofollow\" target=\"_blank\">ubork\u00e1t<\/a> szeretne v\u00e1s\u00e1rolni, ne habozzon, n\u00e9zze meg online katal\u00f3gusunkat, hogy megn\u00e9zze az <a href=\"https:\/\/latiendadesami.com\/categoria-producto\/encurtidos\/pepinillos\/\" target=\"_blank\" rel=\"noopener noreferrer nofollow\">ubork\u00e1k<\/a> sz\u00e9les v\u00e1laszt\u00e9k\u00e1t.<\/p>\n","protected":false},"excerpt":{"rendered":"<p>Szardell\u00e1val t\u00f6lt\u00f6tt uborka 2kg - uborka, szardella, hagyma, ol\u00edva, bors, s\u00f3. El\u0151\u00e9telk\u00e9nt fogyaszthat\u00f3. Az \u00f6sszetev\u0151k \u00e1ltal biztos\u00edtott \u00edzek kever\u00e9ke \u00e9s az ecet hozz\u00e1ad\u00e1sa k\u00fcl\u00f6nleges \u00edzt ad, amely nagyon kellemes az \u00edzlel\u00e9snek. A savany\u00fas\u00e1g olyan snack, amely er\u0151s\u00edti az immunrendszert, ami azt jelenti, hogy t\u00e1mogatja a szervezet v\u00e9dekez\u0151k\u00e9pess\u00e9g\u00e9t \u00e9s \u00e1ltal\u00e1nos eg\u00e9szs\u00e9g\u00e9t. A szardell\u00e1val t\u00f6lt\u00f6tt uborka 2kg [&hellip;]<\/p>\n","protected":false},"featured_media":7795,"template":"","meta":{"_et_pb_use_builder":"","_et_pb_old_content":"","_et_gb_content_width":""},"product_brand":[1069],"product_cat":[1837,1568,2001],"product_tag":[2027,5005],"class_list":{"0":"post-25159","1":"product","2":"type-product","3":"status-publish","4":"has-post-thumbnail","6":"product_brand-sangar","7":"product_cat-hideg","8":"product_cat-savanyusagok","9":"product_cat-uborka","10":"product_tag-gherkin-hu","11":"product_tag-szardella","12":"product_shipping_class-hidegszallitas","14":"first","15":"instock","16":"taxable","17":"shipping-taxable","18":"purchasable","19":"product-type-simple"},"_links":{"self":[{"href":"https:\/\/myspainfood.com\/hu\/wp-json\/wp\/v2\/product\/25159","targetHints":{"allow":["GET"]}}],"collection":[{"href":"https:\/\/myspainfood.com\/hu\/wp-json\/wp\/v2\/product"}],"about":[{"href":"https:\/\/myspainfood.com\/hu\/wp-json\/wp\/v2\/types\/product"}],"wp:featuredmedia":[{"embeddable":true,"href":"https:\/\/myspainfood.com\/hu\/wp-json\/wp\/v2\/media\/7795"}],"wp:attachment":[{"href":"https:\/\/myspainfood.com\/hu\/wp-json\/wp\/v2\/media?parent=25159"}],"wp:term":[{"taxonomy":"product_brand","embeddable":true,"href":"https:\/\/myspainfood.com\/hu\/wp-json\/wp\/v2\/product_brand?post=25159"},{"taxonomy":"product_cat","embeddable":true,"href":"https:\/\/myspainfood.com\/hu\/wp-json\/wp\/v2\/product_cat?post=25159"},{"taxonomy":"product_tag","embeddable":true,"href":"https:\/\/myspainfood.com\/hu\/wp-json\/wp\/v2\/product_tag?post=25159"}],"curies":[{"name":"wp","href":"https:\/\/api.w.org\/{rel}","templated":true}]}}