{"id":25294,"date":"2025-04-10T12:05:46","date_gmt":"2025-04-10T10:05:46","guid":{"rendered":"https:\/\/myspainfood.com\/producto\/csont-nelkul-45-kg\/"},"modified":"2025-05-08T20:41:25","modified_gmt":"2025-05-08T18:41:25","slug":"csont-nelkul-45-kg","status":"publish","type":"product","link":"https:\/\/myspainfood.com\/hu\/producto\/csont-nelkul-45-kg\/","title":{"rendered":"Csont n\u00e9lk\u00fcl 4,5 kg"},"content":{"rendered":"<p>A 4,5 kg olajbogy\u00f3 z\u00f6ld sz\u00edn\u0171 \u00e9s <a href=\"https:\/\/www.google.com\/search?q=aceitunas+deshuesadas&amp;sxsrf=APq-WBvbn4FM7rlwj2SbPE3GYq4nrKA1Ug:1644314369924&amp;source=lnms&amp;tbm=isch&amp;sa=X&amp;ved=2ahUKEwjE56uv7O_1AhWrgf0HHWvsDTUQ_AUoAXoECAEQAw&amp;biw=1577&amp;bih=780&amp;dpr=1\" target=\"_blank\" rel=\"noopener noreferrer nofollow\">kimagozott<\/a>. Megtartja eredeti alakj\u00e1t. <\/p>\n<p>Nagyon eg\u00e9szs\u00e9ges kieg\u00e9sz\u00edt\u0151je a hagyom\u00e1nyos t\u00e1pl\u00e1l\u00f3 mediterr\u00e1n \u00e9trend\u00fcnknek.<\/p>\n<p>Spanyolorsz\u00e1gban tal\u00e1lunk olajbogy\u00f3t, ubork\u00e1t, almagro padlizs\u00e1nt, s\u00e1rgar\u00e9p\u00e1t, hagym\u00e1t, nagyon hagyom\u00e1nyos kapribogy\u00f3t, fokhagym\u00e1t vagy ak\u00e1r ezek kever\u00e9k\u00e9t.<\/p>\n<p>Gyakran szolg\u00e1lj\u00e1k fel tapas-k\u00e9nt s\u00f6r mell\u00e9 (ecettartalmuk miatt nem borhoz).<\/p>\n<p>A savany\u00fas\u00e1gok a vil\u00e1g minden t\u00e1j\u00e1n az \u00e9telek tart\u00f3s\u00edt\u00e1s\u00e1nak \u0151si technik\u00e1j\u00e1b\u00f3l a spanyol gasztron\u00f3mia egyik legn\u00e9pszer\u0171bb tapas\u00e1v\u00e1 vagy el\u0151\u00e9tel\u00e9v\u00e9 v\u00e1ltak.<\/p>\n<h3>A magozott olajbogy\u00f3 el\u0151nyei 4,5 kg<\/h3>\n<p>Ismerte az olajbogy\u00f3 t\u00f6bbsz\u00f6r\u00f6s el\u0151nyeit? Rendk\u00edv\u00fcl hat\u00e9kony a sz\u00edv- \u00e9s kering\u00e9si betegs\u00e9gek megel\u0151z\u00e9s\u00e9ben. <\/p>\n<p>Ez a magas tel\u00edtetlen zs\u00edrtartalm\u00e1nak k\u00f6sz\u00f6nhet\u0151. Ezenk\u00edv\u00fcl sok vasat \u00e9s rostot tartalmaz, \u00e9s rendk\u00edv\u00fcl laktat\u00f3, \u00edgy t\u00f6k\u00e9letes nassolnival\u00f3. <\/p>\n<p>Ha ol\u00edvabogy\u00f3t vagy b\u00e1rmilyen m\u00e1s t\u00edpus\u00fa <a href=\"https:\/\/latiendadesami.com\/categoria-producto\/encurtidos\/\" rel=\"noopener noreferrer nofollow\" target=\"_blank\">savany\u00fas\u00e1got<\/a> szeretne v\u00e1s\u00e1rolni, ne habozzon, n\u00e9zze meg online katal\u00f3gusunkat, hogy megn\u00e9zze <a href=\"https:\/\/latiendadesami.com\/categoria-producto\/encurtidos\/aceitunas\/\" target=\"_blank\" rel=\"noopener noreferrer nofollow\">ol\u00edvabogy\u00f3ink<\/a> sz\u00e9les v\u00e1laszt\u00e9k\u00e1t.<\/p>\n<p>A teljes mintakollekci\u00f3nkr\u00f3l tov\u00e1bbi inform\u00e1ci\u00f3k\u00e9rt \u00edrjon nek\u00fcnk.<\/p>\n","protected":false},"excerpt":{"rendered":"<p>A 4,5 kg olajbogy\u00f3 z\u00f6ld sz\u00edn\u0171 \u00e9s kimagozott. Megtartja eredeti alakj\u00e1t. Nagyon eg\u00e9szs\u00e9ges kieg\u00e9sz\u00edt\u0151je a hagyom\u00e1nyos t\u00e1pl\u00e1l\u00f3 mediterr\u00e1n \u00e9trend\u00fcnknek. Spanyolorsz\u00e1gban tal\u00e1lunk olajbogy\u00f3t, ubork\u00e1t, almagro padlizs\u00e1nt, s\u00e1rgar\u00e9p\u00e1t, hagym\u00e1t, nagyon hagyom\u00e1nyos kapribogy\u00f3t, fokhagym\u00e1t vagy ak\u00e1r ezek kever\u00e9k\u00e9t. Gyakran szolg\u00e1lj\u00e1k fel tapas-k\u00e9nt s\u00f6r mell\u00e9 (ecettartalmuk miatt nem borhoz). A savany\u00fas\u00e1gok a vil\u00e1g minden t\u00e1j\u00e1n az \u00e9telek tart\u00f3s\u00edt\u00e1s\u00e1nak \u0151si [&hellip;]<\/p>\n","protected":false},"featured_media":7777,"template":"","meta":{"_et_pb_use_builder":"","_et_pb_old_content":"","_et_gb_content_width":""},"product_brand":[1069],"product_cat":[1569,1568],"product_tag":[5174],"class_list":{"0":"post-25294","1":"product","2":"type-product","3":"status-publish","4":"has-post-thumbnail","6":"product_brand-sangar","7":"product_cat-olajbogyo","8":"product_cat-savanyusagok","9":"product_tag-csont-nelkul","11":"first","12":"outofstock","13":"taxable","14":"shipping-taxable","15":"product-type-variable"},"_links":{"self":[{"href":"https:\/\/myspainfood.com\/hu\/wp-json\/wp\/v2\/product\/25294","targetHints":{"allow":["GET"]}}],"collection":[{"href":"https:\/\/myspainfood.com\/hu\/wp-json\/wp\/v2\/product"}],"about":[{"href":"https:\/\/myspainfood.com\/hu\/wp-json\/wp\/v2\/types\/product"}],"wp:featuredmedia":[{"embeddable":true,"href":"https:\/\/myspainfood.com\/hu\/wp-json\/wp\/v2\/media\/7777"}],"wp:attachment":[{"href":"https:\/\/myspainfood.com\/hu\/wp-json\/wp\/v2\/media?parent=25294"}],"wp:term":[{"taxonomy":"product_brand","embeddable":true,"href":"https:\/\/myspainfood.com\/hu\/wp-json\/wp\/v2\/product_brand?post=25294"},{"taxonomy":"product_cat","embeddable":true,"href":"https:\/\/myspainfood.com\/hu\/wp-json\/wp\/v2\/product_cat?post=25294"},{"taxonomy":"product_tag","embeddable":true,"href":"https:\/\/myspainfood.com\/hu\/wp-json\/wp\/v2\/product_tag?post=25294"}],"curies":[{"name":"wp","href":"https:\/\/api.w.org\/{rel}","templated":true}]}}