{"id":25508,"date":"2025-04-10T12:06:29","date_gmt":"2025-04-10T10:06:29","guid":{"rendered":"https:\/\/myspainfood.com\/producto\/senorio-de-las-ventas-rioja-crianza-bor-palackozta-antonio-escribano-pascual\/"},"modified":"2025-04-10T12:06:29","modified_gmt":"2025-04-10T10:06:29","slug":"senorio-de-las-ventas-rioja-crianza-bor-palackozta-antonio-escribano-pascual","status":"publish","type":"product","link":"https:\/\/myspainfood.com\/hu\/producto\/senorio-de-las-ventas-rioja-crianza-bor-palackozta-antonio-escribano-pascual\/","title":{"rendered":"Se\u00f1orio de las Ventas, Rioja Crianza bor, palackozta Antonio Escribano Pascual"},"content":{"rendered":"<p>Nevel\u00e9s<\/p>\n<p>A legal\u00e1bb harmadik \u00e9vj\u00e1rat\u00fa boroknak felel meg, amelyek legal\u00e1bb egy \u00e9vet t\u00f6ltenek t\u00f6lgyfahord\u00f3ban.<\/p>\n<p>Rubinv\u00f6r\u00f6s sz\u00edn, intenz\u00edv illat \u00e9rett gy\u00fcm\u00f6lcs\u00f6kre eml\u00e9keztet\u0151 illattal, amelyhez j\u00f3l t\u00e1rsulnak a p\u00f6rk\u00f6lt \u00e9s van\u00edlia jegyei. Sz\u00e1jban t\u00e1gas \u00e9s kiegyens\u00falyozott, a finom tanninok t\u00f6k\u00e9letes harm\u00f3ni\u00e1j\u00e1val. \u00cdzletes \u00e9s testes, ugyanakkor meg\u0151rzi finoms\u00e1g\u00e1t \u00e9s eleganci\u00e1j\u00e1t.  <\/p>\n","protected":false},"excerpt":{"rendered":"<p>Nevel\u00e9s A legal\u00e1bb harmadik \u00e9vj\u00e1rat\u00fa boroknak felel meg, amelyek legal\u00e1bb egy \u00e9vet t\u00f6ltenek t\u00f6lgyfahord\u00f3ban. Rubinv\u00f6r\u00f6s sz\u00edn, intenz\u00edv illat \u00e9rett gy\u00fcm\u00f6lcs\u00f6kre eml\u00e9keztet\u0151 illattal, amelyhez j\u00f3l t\u00e1rsulnak a p\u00f6rk\u00f6lt \u00e9s van\u00edlia jegyei. Sz\u00e1jban t\u00e1gas \u00e9s kiegyens\u00falyozott, a finom tanninok t\u00f6k\u00e9letes harm\u00f3ni\u00e1j\u00e1val. \u00cdzletes \u00e9s testes, ugyanakkor meg\u0151rzi finoms\u00e1g\u00e1t \u00e9s eleganci\u00e1j\u00e1t.<\/p>\n","protected":false},"featured_media":8596,"template":"","meta":{"_et_pb_use_builder":"","_et_pb_old_content":"","_et_gb_content_width":""},"product_brand":[1139],"product_cat":[4876,4875],"product_tag":[4878,5269],"class_list":{"0":"post-25508","1":"product","2":"type-product","3":"status-publish","4":"has-post-thumbnail","6":"product_brand-antonio-escribano","7":"product_cat-bor","8":"product_cat-italok","9":"product_tag-antonio-escribano-hu","10":"product_tag-neveles","12":"first","13":"outofstock","14":"taxable","15":"shipping-taxable","16":"product-type-variable"},"_links":{"self":[{"href":"https:\/\/myspainfood.com\/hu\/wp-json\/wp\/v2\/product\/25508","targetHints":{"allow":["GET"]}}],"collection":[{"href":"https:\/\/myspainfood.com\/hu\/wp-json\/wp\/v2\/product"}],"about":[{"href":"https:\/\/myspainfood.com\/hu\/wp-json\/wp\/v2\/types\/product"}],"wp:featuredmedia":[{"embeddable":true,"href":"https:\/\/myspainfood.com\/hu\/wp-json\/wp\/v2\/media\/8596"}],"wp:attachment":[{"href":"https:\/\/myspainfood.com\/hu\/wp-json\/wp\/v2\/media?parent=25508"}],"wp:term":[{"taxonomy":"product_brand","embeddable":true,"href":"https:\/\/myspainfood.com\/hu\/wp-json\/wp\/v2\/product_brand?post=25508"},{"taxonomy":"product_cat","embeddable":true,"href":"https:\/\/myspainfood.com\/hu\/wp-json\/wp\/v2\/product_cat?post=25508"},{"taxonomy":"product_tag","embeddable":true,"href":"https:\/\/myspainfood.com\/hu\/wp-json\/wp\/v2\/product_tag?post=25508"}],"curies":[{"name":"wp","href":"https:\/\/api.w.org\/{rel}","templated":true}]}}