{"id":25733,"date":"2025-04-10T12:06:58","date_gmt":"2025-04-10T10:06:58","guid":{"rendered":"https:\/\/myspainfood.com\/producto\/bonito-en-escabeche-el-pescador-de-cantabria-220-g\/"},"modified":"2025-04-10T12:06:58","modified_gmt":"2025-04-10T10:06:58","slug":"bonito-en-escabeche-el-pescador-de-cantabria-220-g","status":"publish","type":"product","link":"https:\/\/myspainfood.com\/hu\/producto\/bonito-en-escabeche-el-pescador-de-cantabria-220-g\/","title":{"rendered":"Bonito en Escabeche El Pescador de cantabria 220 g"},"content":{"rendered":"<p>Bonito en Escabeche Alta Cocina az El <a href=\"https:\/\/elpescadordecantabria.es\/\" target=\"_blank\" rel=\"noopener noreferrer nofollow\">Pescador<\/a> de Cantabria \u00e1ltal k\u00e9sz\u00edtett Bonito en Escabeche Alta Cocina. Min\u0151s\u00e9g, k\u00e9zm\u0171vess\u00e9g \u00e9s hagyom\u00e1ny. <\/p>\n<p>Az \u00fcveged\u00e9ny 250 g.<\/p>\n<p>\u00d6sszetev\u0151k: feh\u00e9r tonhal, v\u00edz, ecet, napraforg\u00f3olaj \u00e9s s\u00f3.<\/p>\n<p>Az El Pescador de Cantabria egy kant\u00e1briai Santo\u00f1\u00e1ban tal\u00e1lhat\u00f3 v\u00e1llalat. Ezen a helyen \u0151rzik azt a gondos gy\u00e1rt\u00e1si technik\u00e1t, amelyet Szic\u00edli\u00e1ban tanultak. <\/p>\n<p>Ez a term\u00e9k az olajok \u00e9s a s\u00f3 kiv\u00e1laszt\u00e1s\u00e1nak k\u00f6sz\u00f6nhet\u0151en magas omega-3-tartalm\u00e1nak k\u00f6sz\u00f6nhet\u0151en kiv\u00e1l\u00f3an alkalmas az eg\u00e9szs\u00e9gre.<\/p>\n<p>\u00cdzletes, eg\u00e9szs\u00e9ges \u00e9s k\u00e9nyelmes term\u00e9k.<\/p>\n<h4>A konzervek f\u0151 el\u0151nyei<\/h4>\n<ol>\n<li>Meg\u0151rzik mag\u00e1nak az \u00e9lelmiszernek minden t\u00e1panyagtartalm\u00e1t. Az \u00e9lelmiszer meg\u0151rzi frissess\u00e9g\u00e9t. <\/li>\n<li>A felhaszn\u00e1lt \u00e9lelmiszerek eg\u00e9szs\u00e9gesek, ez\u00e9rt magas vitamin- \u00e9s feh\u00e9rjetartalmuk miatt alkalmasak az optim\u00e1lis \u00e9trendre.<\/li>\n<li>Ezek a term\u00e9kek hosszabb \u00e9lettartam\u00faak (jellemz\u0151en 2-5 \u00e9v).<\/li>\n<li>A konzervek nagyon k\u00f6nnyen t\u00e1rolhat\u00f3k, mivel a csomagol\u00e1suk k\u00f6nnyen alkalmazhat\u00f3.<\/li>\n<\/ol>\n<p>Ha Albacore tonhalat szeretne v\u00e1s\u00e1rolni az Escabeche Alta Cocina-ban vagy b\u00e1rmilyen m\u00e1s t\u00edpus\u00fa <a href=\"https:\/\/latiendadesami.com\/categoria-producto\/conservas\/\" rel=\"noopener noreferrer nofollow\" target=\"_blank\">konzervet<\/a>, ne habozzon, n\u00e9zze meg online katal\u00f3gusunkat, hogy megn\u00e9zze a <a href=\"https:\/\/latiendadesami.com\/categoria-producto\/conservas\/atun-y-bonito\/\" target=\"_blank\" rel=\"noopener noreferrer nofollow\">tonhal<\/a> sz\u00e9les v\u00e1laszt\u00e9k\u00e1t.<\/p>\n<p>Tov\u00e1bbi inform\u00e1ci\u00f3\u00e9rt \u00edrjon nek\u00fcnk.<\/p>\n","protected":false},"excerpt":{"rendered":"<p>p\u00e1colt harlekin tonhal gr<\/p>\n","protected":false},"featured_media":9379,"template":"","meta":{"_et_pb_use_builder":"","_et_pb_old_content":"","_et_gb_content_width":""},"product_brand":[1162],"product_cat":[1955,4220],"product_tag":[],"class_list":{"0":"post-25733","1":"product","2":"type-product","3":"status-publish","4":"has-post-thumbnail","6":"product_brand-arlequin","7":"product_cat-megorzi-a","8":"product_cat-tonhal-es-bonito","10":"first","11":"instock","12":"taxable","13":"shipping-taxable","14":"purchasable","15":"product-type-variable"},"_links":{"self":[{"href":"https:\/\/myspainfood.com\/hu\/wp-json\/wp\/v2\/product\/25733","targetHints":{"allow":["GET"]}}],"collection":[{"href":"https:\/\/myspainfood.com\/hu\/wp-json\/wp\/v2\/product"}],"about":[{"href":"https:\/\/myspainfood.com\/hu\/wp-json\/wp\/v2\/types\/product"}],"wp:featuredmedia":[{"embeddable":true,"href":"https:\/\/myspainfood.com\/hu\/wp-json\/wp\/v2\/media\/9379"}],"wp:attachment":[{"href":"https:\/\/myspainfood.com\/hu\/wp-json\/wp\/v2\/media?parent=25733"}],"wp:term":[{"taxonomy":"product_brand","embeddable":true,"href":"https:\/\/myspainfood.com\/hu\/wp-json\/wp\/v2\/product_brand?post=25733"},{"taxonomy":"product_cat","embeddable":true,"href":"https:\/\/myspainfood.com\/hu\/wp-json\/wp\/v2\/product_cat?post=25733"},{"taxonomy":"product_tag","embeddable":true,"href":"https:\/\/myspainfood.com\/hu\/wp-json\/wp\/v2\/product_tag?post=25733"}],"curies":[{"name":"wp","href":"https:\/\/api.w.org\/{rel}","templated":true}]}}