{"id":26588,"date":"2025-04-10T12:07:09","date_gmt":"2025-04-10T10:07:09","guid":{"rendered":"https:\/\/myspainfood.com\/producto\/kakasok-oro-sorozat-20-30-db\/"},"modified":"2025-04-10T12:07:09","modified_gmt":"2025-04-10T10:07:09","slug":"kakasok-oro-sorozat-20-30-db","status":"publish","type":"product","link":"https:\/\/myspainfood.com\/hu\/producto\/kakasok-oro-sorozat-20-30-db\/","title":{"rendered":"Kakasok ORO sorozat 20\/30 db"},"content":{"rendered":"<p>Az <a href=\"https:\/\/conservasarlequin.com\/serie-oro\/\" target=\"_blank\" rel=\"noopener noreferrer nofollow\">Arlequ\u00edn<\/a> Golden Cockles 00 sorozat egy hagyom\u00e1nyos m\u00f3don k\u00e9sz\u00fclt konzervterm\u00e9k.<\/p>\n<p><strong>Nett\u00f3 s\u00faly\/ Escu:<\/strong> 113g\/63g<\/p>\n<p><strong>Szavatoss\u00e1gi id\u0151:<\/strong> 4 \u00e9v<\/p>\n<p><strong>Term\u00e9szetv\u00e9delem:<\/strong> K\u00f6rnyezetv\u00e9delem<\/p>\n<p><strong>Fil\u00e9k sz\u00e1ma\/darabsz\u00e1m:<\/strong> 20\/30<\/p>\n<p>A Conservas Arlequ\u00edn k\u00fcldet\u00e9se, hogy nagyszer\u0171 term\u00e9ket, a legjobb szolg\u00e1ltat\u00e1st \u00e9s a halkonzervek sz\u00e9les v\u00e1laszt\u00e9k\u00e1t k\u00edn\u00e1lja a legjobb \u00e1ron. A Conservas <a href=\"https:\/\/latiendadesami.com\/marca\/arlequin\/\" target=\"_blank\" rel=\"noopener noreferrer nofollow\">Arlequ\u00edn<\/a> k\u00fcldet\u00e9se, hogy nagyszer\u0171 term\u00e9ket, a legjobb szolg\u00e1ltat\u00e1st \u00e9s a halkonzervek sz\u00e9les v\u00e1laszt\u00e9k\u00e1t k\u00edn\u00e1lja a legjobb \u00e1ron.<\/p>\n<p>Szint\u00e9n specialist\u00e1k a szardell\u00e1k, a 00 arany sorozat\u00fa kagyl\u00f3, a szardella, a bonito, a s\u00e1rga\u00fasz\u00f3j\u00fa tonhal, a kagyl\u00f3, a makr\u00e9la \u00e9s a szard\u00ednia ter\u00fclet\u00e9n.<\/p>\n<p>Az El Pa\u00eds c\u00edm\u0171 lap Comidista c\u00edm\u0171 \u00edr\u00e1sa p\u00e9ld\u00e1ul a k\u00f6vetkez\u0151ket \u00edrta a ventresc\u00e1r\u00f3l: &#8222;Olyan gyeng\u00e9d, szinte kr\u00e9mes, hogy az embernek kedve t\u00e1mad hozz\u00e1 menni, \u00e9s boldogan \u00e9lni, am\u00edg az \u00dar el nem veszi&#8221;.<\/p>\n<h4>A konzervek f\u0151 el\u0151nyei<\/h4>\n<ol>\n<li>Meg\u0151rzik mag\u00e1nak az \u00e9lelmiszernek minden t\u00e1panyagtartalm\u00e1t. Az \u00e9lelmiszer meg\u0151rzi frissess\u00e9g\u00e9t. <\/li>\n<li>A felhaszn\u00e1lt \u00e9lelmiszerek eg\u00e9szs\u00e9gesek, ez\u00e9rt magas vitamin- \u00e9s feh\u00e9rjetartalmuk miatt alkalmasak az optim\u00e1lis \u00e9trendre.<\/li>\n<li>Ezek a term\u00e9kek hosszabb \u00e9lettartam\u00faak (jellemz\u0151en 2-5 \u00e9v).<\/li>\n<li>A konzervek nagyon k\u00f6nnyen t\u00e1rolhat\u00f3k, mivel a csomagol\u00e1suk k\u00f6nnyen alkalmazhat\u00f3.<\/li>\n<\/ol>\n<p>Ha tonhalat vagy b\u00e1rmilyen m\u00e1s <a href=\"https:\/\/latiendadesami.com\/categoria-producto\/conservas\/\" rel=\"noopener noreferrer nofollow\" target=\"_blank\">konzervet<\/a> szeretne v\u00e1s\u00e1rolni, ne habozzon, n\u00e9zze meg online katal\u00f3gusunkat, hogy megismerje a <a href=\"https:\/\/latiendadesami.com\/categoria-producto\/conservas\/atun-y-bonito\/\" target=\"_blank\" rel=\"noopener noreferrer nofollow\">tonhal<\/a> sz\u00e9les v\u00e1laszt\u00e9k\u00e1t.<\/p>\n<p>Tov\u00e1bbi inform\u00e1ci\u00f3\u00e9rt \u00edrjon nek\u00fcnk.<\/p>\n","protected":false},"excerpt":{"rendered":"<p><strong>A R\u00eda de Noia-t\u00f3l<\/p>\n<p>Kiv\u00e1lasztott min\u0151s\u00e9g<\/strong><\/p>\n<p><strong>Darabsz\u00e1m:<\/strong> 15\/25 darab<\/p>\n<p><strong>Nett\u00f3 s\u00faly:<\/strong> 113 g<\/p>\n<p><strong>Sz\u00e1r\u00edtott s\u00faly: <\/strong>63 g<\/p>\n<p><strong>\u00d6sszetev\u0151k: <\/strong><em>Kakas,<\/em> v\u00edz, s\u00f3, savany\u00edt\u00f3szer (E330, E331) \u00e9s antioxid\u00e1ns (E385).<\/p>\n<p><strong>Allerg\u00e9nek:<\/strong> <em>Kagyl\u00f3t, kagyl\u00f3t tartalmaz.<\/em><\/p>\n<p>Tartsa szobah\u0151m\u00e9rs\u00e9kleten.<\/p>\n<p>Felbont\u00e1s ut\u00e1n aj\u00e1nlott teljes eg\u00e9sz\u00e9ben elfogyasztani.<\/p>\n","protected":false},"featured_media":9352,"template":"","meta":{"_et_pb_use_builder":"","_et_pb_old_content":"","_et_gb_content_width":""},"product_brand":[1162],"product_cat":[5671,1955],"product_tag":[5625],"class_list":{"0":"post-26588","1":"product","2":"type-product","3":"status-publish","4":"has-post-thumbnail","6":"product_brand-arlequin","7":"product_cat-kakasok","8":"product_cat-megorzi-a","9":"product_tag-serieoro-hu","11":"first","12":"outofstock","13":"sale","14":"taxable","15":"shipping-taxable","16":"purchasable","17":"product-type-simple"},"_links":{"self":[{"href":"https:\/\/myspainfood.com\/hu\/wp-json\/wp\/v2\/product\/26588","targetHints":{"allow":["GET"]}}],"collection":[{"href":"https:\/\/myspainfood.com\/hu\/wp-json\/wp\/v2\/product"}],"about":[{"href":"https:\/\/myspainfood.com\/hu\/wp-json\/wp\/v2\/types\/product"}],"wp:featuredmedia":[{"embeddable":true,"href":"https:\/\/myspainfood.com\/hu\/wp-json\/wp\/v2\/media\/9352"}],"wp:attachment":[{"href":"https:\/\/myspainfood.com\/hu\/wp-json\/wp\/v2\/media?parent=26588"}],"wp:term":[{"taxonomy":"product_brand","embeddable":true,"href":"https:\/\/myspainfood.com\/hu\/wp-json\/wp\/v2\/product_brand?post=26588"},{"taxonomy":"product_cat","embeddable":true,"href":"https:\/\/myspainfood.com\/hu\/wp-json\/wp\/v2\/product_cat?post=26588"},{"taxonomy":"product_tag","embeddable":true,"href":"https:\/\/myspainfood.com\/hu\/wp-json\/wp\/v2\/product_tag?post=26588"}],"curies":[{"name":"wp","href":"https:\/\/api.w.org\/{rel}","templated":true}]}}