{"id":26826,"date":"2025-04-10T12:07:39","date_gmt":"2025-04-10T10:07:39","guid":{"rendered":"https:\/\/myspainfood.com\/producto\/erlelt-kecskesajt-paprikaval-kb-320gr\/"},"modified":"2025-06-24T14:09:33","modified_gmt":"2025-06-24T12:09:33","slug":"erlelt-kecskesajt-paprikaval-kb-320gr","status":"publish","type":"product","link":"https:\/\/myspainfood.com\/hu\/producto\/erlelt-kecskesajt-paprikaval-kb-320gr\/","title":{"rendered":"\u00c9rlelt kecskesajt paprik\u00e1val kb. 320gr"},"content":{"rendered":"<p>\u00c9rlelt kecskesajt paprik\u00e1val kb. 320gr a Queser\u00eda El <a href=\"https:\/\/www.facebook.com\/Queser%C3%ADa-El-Manjar-1564604537177140\/\" target=\"_blank\" rel=\"noopener noreferrer nofollow\">Manjar<\/a> \u00e1ltal gy\u00e1rtott.<\/p>\n<p>Ez a sajtgy\u00e1r a toled\u00f3i Velad\u00e1ban tal\u00e1lhat\u00f3, Talavera de la Reina k\u00f6zel\u00e9ben.<\/p>\n<p>Paszt\u0151r\u00f6z\u00f6tt tejb\u0151l k\u00e9sz\u00fcl, \u00e9s a h\u00e9j\u00e1t paprikar\u00e9teg bor\u00edtja, amely k\u00fcl\u00f6nleges \u00e9s \u00f6sszet\u00e9veszthetetlen \u00edzt k\u00f6lcs\u00f6n\u00f6z neki.<\/p>\n<p>A paprik\u00e1s-\u00e9rlelt kecskesajt el\u0151\u00e1ll\u00edt\u00e1sa mellett a term\u00e9kkatal\u00f3gusban sz\u00e1mos m\u00e1s sajt, p\u00e9ld\u00e1ul friss sajtok is szerepelnek.<\/p>\n<p>Minden term\u00e9k k\u00e9zzel, hagyom\u00e1nyos m\u00f3don k\u00e9sz\u00fcl. Az egyes adagok hozz\u00e1vet\u0151leges s\u00falya 320 gramm. <\/p>\n<p>Ezt a term\u00e9ket 0\u00ba \u00e9s 8\u00ba k\u00f6z\u00f6tt h\u0171tve kell t\u00e1rolni.<\/p>\n<p>A kecskesajtot, vagy helyesebben kecsketejb\u0151l k\u00e9sz\u00fclt sajtot ch\u00e8vre n\u00e9ven ismerik (ami franci\u00e1ul kecske), \u00e9s \u00edgy neveznek minden kecsketejb\u0151l k\u00e9sz\u00fclt sajtot.<\/p>\n<p>A kecskesajtot \u00e9vezredek \u00f3ta k\u00e9sz\u00edtik, \u00e9s val\u00f3sz\u00edn\u0171leg az egyik legkor\u00e1bbi elk\u00e9sz\u00edtett tejterm\u00e9k volt. Legegyszer\u0171bb form\u00e1j\u00e1ban a kecskesajtot \u00fagy k\u00e9sz\u00edtik, hogy a nyers tejet term\u00e9szetes \u00faton hagyj\u00e1k feldarabol\u00f3dni, majd az alvad\u00e9kot lecs\u00f6p\u00f6gtetik \u00e9s kinyomkodj\u00e1k. <\/p>\n<p>Ha m\u00e1s sajtokat vagy b\u00e1rmilyen m\u00e1s t\u00edpus\u00fa <a href=\"https:\/\/latiendadesami.com\/\" rel=\"noopener noreferrer nofollow\" target=\"_blank\">\u00e9lelmiszert<\/a> szeretne v\u00e1s\u00e1rolni, ne habozzon, n\u00e9zze meg online katal\u00f3gusunkat, hogy megismerje a term\u00e9kek sz\u00e9les v\u00e1laszt\u00e9k\u00e1t.<\/p>\n<p>Tov\u00e1bbi inform\u00e1ci\u00f3\u00e9rt \u00edrjon nek\u00fcnk.<\/p>\n","protected":false},"excerpt":{"rendered":"<p>\u00c9rlelt kecskesajt paprik\u00e1val kb. 320gr a Queser\u00eda El Manjar \u00e1ltal gy\u00e1rtott. Ez a sajtgy\u00e1r a toled\u00f3i Velad\u00e1ban tal\u00e1lhat\u00f3, Talavera de la Reina k\u00f6zel\u00e9ben. Paszt\u0151r\u00f6z\u00f6tt tejb\u0151l k\u00e9sz\u00fcl, \u00e9s a h\u00e9j\u00e1t paprikar\u00e9teg bor\u00edtja, amely k\u00fcl\u00f6nleges \u00e9s \u00f6sszet\u00e9veszthetetlen \u00edzt k\u00f6lcs\u00f6n\u00f6z neki. A paprik\u00e1s-\u00e9rlelt kecskesajt el\u0151\u00e1ll\u00edt\u00e1sa mellett a term\u00e9kkatal\u00f3gusban sz\u00e1mos m\u00e1s sajt, p\u00e9ld\u00e1ul friss sajtok is szerepelnek. Minden term\u00e9k [&hellip;]<\/p>\n","protected":false},"featured_media":9955,"template":"","meta":{"_et_pb_use_builder":"","_et_pb_old_content":"","_et_gb_content_width":""},"product_brand":[1246],"product_cat":[5738,1837,2278],"product_tag":[],"class_list":{"0":"post-26826","1":"product","2":"type-product","3":"status-publish","4":"has-post-thumbnail","6":"product_brand-el-manjar","7":"product_cat-gyogyitas-hu","8":"product_cat-hideg","9":"product_cat-sajt-es-kolbasz","10":"product_shipping_class-hidegszallitas","12":"first","13":"instock","14":"taxable","15":"shipping-taxable","16":"purchasable","17":"product-type-simple"},"_links":{"self":[{"href":"https:\/\/myspainfood.com\/hu\/wp-json\/wp\/v2\/product\/26826","targetHints":{"allow":["GET"]}}],"collection":[{"href":"https:\/\/myspainfood.com\/hu\/wp-json\/wp\/v2\/product"}],"about":[{"href":"https:\/\/myspainfood.com\/hu\/wp-json\/wp\/v2\/types\/product"}],"wp:featuredmedia":[{"embeddable":true,"href":"https:\/\/myspainfood.com\/hu\/wp-json\/wp\/v2\/media\/9955"}],"wp:attachment":[{"href":"https:\/\/myspainfood.com\/hu\/wp-json\/wp\/v2\/media?parent=26826"}],"wp:term":[{"taxonomy":"product_brand","embeddable":true,"href":"https:\/\/myspainfood.com\/hu\/wp-json\/wp\/v2\/product_brand?post=26826"},{"taxonomy":"product_cat","embeddable":true,"href":"https:\/\/myspainfood.com\/hu\/wp-json\/wp\/v2\/product_cat?post=26826"},{"taxonomy":"product_tag","embeddable":true,"href":"https:\/\/myspainfood.com\/hu\/wp-json\/wp\/v2\/product_tag?post=26826"}],"curies":[{"name":"wp","href":"https:\/\/api.w.org\/{rel}","templated":true}]}}