{"id":26908,"date":"2025-04-10T12:07:32","date_gmt":"2025-04-10T10:07:32","guid":{"rendered":"https:\/\/myspainfood.com\/producto\/pacolt-sajt-negy-rud-25kg-kb\/"},"modified":"2025-09-02T10:49:19","modified_gmt":"2025-09-02T08:49:19","slug":"pacolt-sajt-negy-rud-25kg-kb","status":"publish","type":"product","link":"https:\/\/myspainfood.com\/hu\/producto\/pacolt-sajt-negy-rud-25kg-kb\/","title":{"rendered":"P\u00e1colt sajt n\u00e9gy r\u00fad 2,5kg kb."},"content":{"rendered":"<p>A Cuatro barras p\u00e1colt sajt <a href=\"https:\/\/es.wikipedia.org\/wiki\/Queso_de_leche_de_oveja\" target=\"_blank\" rel=\"noopener noreferrer nofollow\">juhtejb\u0151l<\/a> k\u00e9sz\u00fcl, \u00e9s k\u00f6r\u00fclbel\u00fcl 12 h\u00f3napig \u00e9rlelik.<\/p>\n<p>Az eg\u00e9sz darab s\u00falya k\u00f6r\u00fclbel\u00fcl 2,5 kilogramm.<\/p>\n<p>Paszt\u0151r\u00f6z\u00f6tt juhtejb\u0151l (min. 65%) \u00e9s teh\u00e9ntejb\u0151l k\u00e9sz\u00fclt, kiv\u00e1l\u00f3 \u00edz\u0171 sajt, amelynek szil\u00e1rd \u00e1llaga kiemeli intenz\u00edv \u00edz\u00e9t. Kiv\u00e1l\u00f3 sajt, amely nem hagyja \u00d6nt hidegen. <\/p>\n<p>Sz\u00e1raz \u00e9s h\u0171v\u00f6s helyen, 4-8 \u00baC k\u00f6z\u00f6tt javasoljuk t\u00e1rolni a jobb eltarthat\u00f3s\u00e1g \u00e9rdek\u00e9ben.<\/p>\n<p>A juhoknak csak k\u00e9t cicije van, \u00e9s sokkal kisebb mennyis\u00e9g\u0171 tejet termelnek, mint a tehenek.<\/p>\n<p>Mivel azonban a juhtej sokkal t\u00f6bb zs\u00edrt, szil\u00e1rd anyagot \u00e9s \u00e1sv\u00e1nyi anyagot tartalmaz, mint a teh\u00e9ntej, ide\u00e1lis a sajtk\u00e9sz\u00edt\u00e9shez.<\/p>\n<p>A sokkal magasabb kalciumtartalma miatt a h\u0171t\u00e9s sor\u00e1n jobban ellen\u00e1ll a szennyez\u0151d\u00e9seknek.<\/p>\n<p>B\u00e1r a juhtej frissen is fogyaszthat\u00f3, ma m\u00e1r els\u0151sorban sajt \u00e9s joghurt el\u0151\u00e1ll\u00edt\u00e1s\u00e1ra haszn\u00e1lj\u00e1k.<\/p>\n<p>Ha Queso Curado Cuatro barras-t vagy b\u00e1rmilyen m\u00e1s t\u00edpus\u00fa <a href=\"https:\/\/latiendadesami.com\/categoria-producto\/queso-embutido\/\" rel=\"noopener noreferrer nofollow\" target=\"_blank\">sajtot vagy felv\u00e1gottat<\/a> szeretne v\u00e1s\u00e1rolni, ne habozzon, n\u00e9zze meg online katal\u00f3gusunkat. A legjobb min\u0151s\u00e9get a legjobb \u00e1ron k\u00edn\u00e1ljuk.<\/p>\n<p>\u00cdrjon nek\u00fcnk tov\u00e1bbi inform\u00e1ci\u00f3k\u00e9rt, vagy ha b\u00e1rmilyen k\u00e9rd\u00e9se van ezzel vagy b\u00e1rmely m\u00e1s term\u00e9kkel kapcsolatban.<\/p>\n","protected":false},"excerpt":{"rendered":"<p>A Cuatro barras p\u00e1colt sajt juhtejb\u0151l k\u00e9sz\u00fcl, \u00e9s k\u00f6r\u00fclbel\u00fcl 12 h\u00f3napig \u00e9rlelik. Az eg\u00e9sz darab s\u00falya k\u00f6r\u00fclbel\u00fcl 2,5 kilogramm. Paszt\u0151r\u00f6z\u00f6tt juhtejb\u0151l (min. 65%) \u00e9s teh\u00e9ntejb\u0151l k\u00e9sz\u00fclt, kiv\u00e1l\u00f3 \u00edz\u0171 sajt, amelynek szil\u00e1rd \u00e1llaga kiemeli intenz\u00edv \u00edz\u00e9t. Kiv\u00e1l\u00f3 sajt, amely nem hagyja \u00d6nt hidegen. Sz\u00e1raz \u00e9s h\u0171v\u00f6s helyen, 4-8 \u00baC k\u00f6z\u00f6tt javasoljuk t\u00e1rolni a jobb eltarthat\u00f3s\u00e1g \u00e9rdek\u00e9ben. [&hellip;]<\/p>\n","protected":false},"featured_media":9802,"template":"","meta":{"_et_pb_use_builder":"","_et_pb_old_content":"","_et_gb_content_width":""},"product_brand":[1234],"product_cat":[5738,1837,2278],"product_tag":[],"class_list":{"0":"post-26908","1":"product","2":"type-product","3":"status-publish","4":"has-post-thumbnail","6":"product_brand-cuatro-barras","7":"product_cat-gyogyitas-hu","8":"product_cat-hideg","9":"product_cat-sajt-es-kolbasz","10":"product_shipping_class-hidegszallitas","12":"first","13":"outofstock","14":"taxable","15":"shipping-taxable","16":"product-type-variable"},"_links":{"self":[{"href":"https:\/\/myspainfood.com\/hu\/wp-json\/wp\/v2\/product\/26908","targetHints":{"allow":["GET"]}}],"collection":[{"href":"https:\/\/myspainfood.com\/hu\/wp-json\/wp\/v2\/product"}],"about":[{"href":"https:\/\/myspainfood.com\/hu\/wp-json\/wp\/v2\/types\/product"}],"wp:featuredmedia":[{"embeddable":true,"href":"https:\/\/myspainfood.com\/hu\/wp-json\/wp\/v2\/media\/9802"}],"wp:attachment":[{"href":"https:\/\/myspainfood.com\/hu\/wp-json\/wp\/v2\/media?parent=26908"}],"wp:term":[{"taxonomy":"product_brand","embeddable":true,"href":"https:\/\/myspainfood.com\/hu\/wp-json\/wp\/v2\/product_brand?post=26908"},{"taxonomy":"product_cat","embeddable":true,"href":"https:\/\/myspainfood.com\/hu\/wp-json\/wp\/v2\/product_cat?post=26908"},{"taxonomy":"product_tag","embeddable":true,"href":"https:\/\/myspainfood.com\/hu\/wp-json\/wp\/v2\/product_tag?post=26908"}],"curies":[{"name":"wp","href":"https:\/\/api.w.org\/{rel}","templated":true}]}}