{"id":27643,"date":"2025-04-10T12:07:50","date_gmt":"2025-04-10T10:07:50","guid":{"rendered":"https:\/\/myspainfood.com\/producto\/almagro-variant-olajbogyo-760-g\/"},"modified":"2025-04-10T12:07:50","modified_gmt":"2025-04-10T10:07:50","slug":"almagro-variant-olajbogyo-760-g","status":"publish","type":"product","link":"https:\/\/myspainfood.com\/hu\/producto\/almagro-variant-olajbogyo-760-g\/","title":{"rendered":"Almagro Variant olajbogy\u00f3 760 g"},"content":{"rendered":"<p>Almagro Variety Olive 760 gr - La Tienda de Sami<\/p>\n<p>Padlizs\u00e1n \u00edz\u0171 olajbogy\u00f3Padlizs\u00e1n \u00edz\u0171 olajbogy\u00f3Egy enyhe \u00edz\u0171 olajbogy\u00f3. Mer\u00e9sz el\u0151\u00e9tel, amely mindig \u00e9tv\u00e1gygerjeszt\u0151 \u00e9s ide\u00e1lis kieg\u00e9sz\u00edt\u0151je a kanalas \u00e9teleknek. Egy poh\u00e1r borral is fogyaszthat\u00f3.  <\/p>\n","protected":false},"excerpt":{"rendered":"<p>Almagro Variety Olive 760 gr - La Tienda de Sami Padlizs\u00e1n \u00edz\u0171 olajbogy\u00f3Padlizs\u00e1n \u00edz\u0171 olajbogy\u00f3Egy enyhe \u00edz\u0171 olajbogy\u00f3. Mer\u00e9sz el\u0151\u00e9tel, amely mindig \u00e9tv\u00e1gygerjeszt\u0151 \u00e9s ide\u00e1lis kieg\u00e9sz\u00edt\u0151je a kanalas \u00e9teleknek. Egy poh\u00e1r borral is fogyaszthat\u00f3.<\/p>\n","protected":false},"featured_media":10279,"template":"","meta":{"_et_pb_use_builder":"","_et_pb_old_content":"","_et_gb_content_width":""},"product_brand":[1057],"product_cat":[1569,1568],"product_tag":[3949],"class_list":{"0":"post-27643","1":"product","2":"type-product","3":"status-publish","4":"has-post-thumbnail","6":"product_brand-la-encajera","7":"product_cat-olajbogyo","8":"product_cat-savanyusagok","9":"product_tag-almagro-hu","11":"first","12":"outofstock","13":"taxable","14":"shipping-taxable","15":"product-type-variable"},"_links":{"self":[{"href":"https:\/\/myspainfood.com\/hu\/wp-json\/wp\/v2\/product\/27643","targetHints":{"allow":["GET"]}}],"collection":[{"href":"https:\/\/myspainfood.com\/hu\/wp-json\/wp\/v2\/product"}],"about":[{"href":"https:\/\/myspainfood.com\/hu\/wp-json\/wp\/v2\/types\/product"}],"wp:featuredmedia":[{"embeddable":true,"href":"https:\/\/myspainfood.com\/hu\/wp-json\/wp\/v2\/media\/10279"}],"wp:attachment":[{"href":"https:\/\/myspainfood.com\/hu\/wp-json\/wp\/v2\/media?parent=27643"}],"wp:term":[{"taxonomy":"product_brand","embeddable":true,"href":"https:\/\/myspainfood.com\/hu\/wp-json\/wp\/v2\/product_brand?post=27643"},{"taxonomy":"product_cat","embeddable":true,"href":"https:\/\/myspainfood.com\/hu\/wp-json\/wp\/v2\/product_cat?post=27643"},{"taxonomy":"product_tag","embeddable":true,"href":"https:\/\/myspainfood.com\/hu\/wp-json\/wp\/v2\/product_tag?post=27643"}],"curies":[{"name":"wp","href":"https:\/\/api.w.org\/{rel}","templated":true}]}}