{"id":27716,"date":"2025-04-10T12:07:50","date_gmt":"2025-04-10T10:07:50","guid":{"rendered":"https:\/\/myspainfood.com\/producto\/carzorla-gourmet-fekete-puding-320-gr\/"},"modified":"2025-04-10T12:07:50","modified_gmt":"2025-04-10T10:07:50","slug":"carzorla-gourmet-fekete-puding-320-gr","status":"publish","type":"product","link":"https:\/\/myspainfood.com\/hu\/producto\/carzorla-gourmet-fekete-puding-320-gr\/","title":{"rendered":"Carzorla Gourmet fekete puding 320 gr"},"content":{"rendered":"<pre>Morcilla de caldera Gourmet de Carzorla<\/pre>\n<p>Ez nem m\u00e1s, mint az \u00fcstben f\u0151z\u00f6tt, t\u00f6ltetlen fekete puding t\u00e9szt\u00e1ja. Haszn\u00e1lhatjuk p\u00e1st\u00e9tom, galuska, pir\u00edtott keny\u00e9r t\u00f6ltel\u00e9kek\u00e9nt, vagy olyan \u00e9telk\u00e9nt, amelybe &#8222;m\u00e1rtogathatjuk&#8221; a kenyeret. <\/p>\n","protected":false},"excerpt":{"rendered":"<p>Morcilla de caldera Gourmet de Carzorla Ez nem m\u00e1s, mint az \u00fcstben f\u0151z\u00f6tt, t\u00f6ltetlen fekete puding t\u00e9szt\u00e1ja. Haszn\u00e1lhatjuk p\u00e1st\u00e9tom, galuska, pir\u00edtott keny\u00e9r t\u00f6ltel\u00e9kek\u00e9nt, vagy olyan \u00e9telk\u00e9nt, amelybe &#8222;m\u00e1rtogathatjuk&#8221; a kenyeret.<\/p>\n","protected":false},"featured_media":10261,"template":"","meta":{"_et_pb_use_builder":"","_et_pb_old_content":"","_et_gb_content_width":""},"product_brand":[1252],"product_cat":[1955,3723],"product_tag":[],"class_list":{"0":"post-27716","1":"product","2":"type-product","3":"status-publish","4":"has-post-thumbnail","6":"product_brand-gourmet-de-cazorla","7":"product_cat-megorzi-a","8":"product_cat-zoldsegek","10":"first","11":"instock","12":"taxable","13":"shipping-taxable","14":"purchasable","15":"product-type-variable"},"_links":{"self":[{"href":"https:\/\/myspainfood.com\/hu\/wp-json\/wp\/v2\/product\/27716","targetHints":{"allow":["GET"]}}],"collection":[{"href":"https:\/\/myspainfood.com\/hu\/wp-json\/wp\/v2\/product"}],"about":[{"href":"https:\/\/myspainfood.com\/hu\/wp-json\/wp\/v2\/types\/product"}],"wp:featuredmedia":[{"embeddable":true,"href":"https:\/\/myspainfood.com\/hu\/wp-json\/wp\/v2\/media\/10261"}],"wp:attachment":[{"href":"https:\/\/myspainfood.com\/hu\/wp-json\/wp\/v2\/media?parent=27716"}],"wp:term":[{"taxonomy":"product_brand","embeddable":true,"href":"https:\/\/myspainfood.com\/hu\/wp-json\/wp\/v2\/product_brand?post=27716"},{"taxonomy":"product_cat","embeddable":true,"href":"https:\/\/myspainfood.com\/hu\/wp-json\/wp\/v2\/product_cat?post=27716"},{"taxonomy":"product_tag","embeddable":true,"href":"https:\/\/myspainfood.com\/hu\/wp-json\/wp\/v2\/product_tag?post=27716"}],"curies":[{"name":"wp","href":"https:\/\/api.w.org\/{rel}","templated":true}]}}