{"id":28509,"date":"2025-04-10T12:07:50","date_gmt":"2025-04-10T10:07:50","guid":{"rendered":"https:\/\/myspainfood.com\/producto\/oszibarack-szirupban-oti-530-gr-12-units\/"},"modified":"2025-04-10T12:07:50","modified_gmt":"2025-04-10T10:07:50","slug":"oszibarack-szirupban-oti-530-gr-12-units","status":"publish","type":"product","link":"https:\/\/myspainfood.com\/hu\/producto\/oszibarack-szirupban-oti-530-gr-12-units\/","title":{"rendered":"\u0150szibarack szirupban Oti 530 gr 12 UNITS"},"content":{"rendered":"<p>A szirupos gy\u00fcm\u00f6lcs egyfajta lekv\u00e1r1 , amelyet gy\u00fcm\u00f6lcsdarabokb\u00f3l (a darabok lehetnek n\u00e9gyzetek, felezettek, negyedek, szeletek, julienne-ek) \u00e1ll\u00edtanak el\u0151, amelyeket szirupban vagy sz\u00f6rpben f\u0151znek, am\u00edg bes\u0171r\u0171s\u00f6dik. E folyamat sor\u00e1n a hipot\u00f3ni\u00e1s k\u00f6zegb\u0151l (ahol kevesebb az oldott anyag) a hipert\u00f3ni\u00e1s k\u00f6zegbe (ahol t\u00f6bb az oldott anyag) v\u00edz cser\u00e9je vagy kiszor\u00edt\u00e1sa t\u00f6rt\u00e9nik, amelyet a hipert\u00f3ni\u00e1s k\u00f6zegben tal\u00e1lhat\u00f3 oldott anyagok (oldhat\u00f3 szil\u00e1rd anyagok s.s.) helyettes\u00edtenek, azaz a gy\u00fcm\u00f6lcslev\u00e9lben l\u00e9v\u0151 v\u00edz \u00e9s a szirup vagy sz\u00f6rp cukrok ker\u00fclnek bele. Ezt az elj\u00e1r\u00e1st a gy\u00fcm\u00f6lcs tart\u00f3s\u00edt\u00e1s\u00e1ra haszn\u00e1lj\u00e1k, hogy hossz\u00fa id\u0151 ut\u00e1n fogyaszthat\u00f3 legyen.    <\/p>\n","protected":false},"excerpt":{"rendered":"<p>A szirupos gy\u00fcm\u00f6lcs egyfajta lekv\u00e1r1 , amelyet gy\u00fcm\u00f6lcsdarabokb\u00f3l (a darabok lehetnek n\u00e9gyzetek, felezettek, negyedek, szeletek, julienne-ek) \u00e1ll\u00edtanak el\u0151, amelyeket szirupban vagy sz\u00f6rpben f\u0151znek, am\u00edg bes\u0171r\u0171s\u00f6dik. E folyamat sor\u00e1n a hipot\u00f3ni\u00e1s k\u00f6zegb\u0151l (ahol kevesebb az oldott anyag) a hipert\u00f3ni\u00e1s k\u00f6zegbe (ahol t\u00f6bb az oldott anyag) v\u00edz cser\u00e9je vagy kiszor\u00edt\u00e1sa t\u00f6rt\u00e9nik, amelyet a hipert\u00f3ni\u00e1s k\u00f6zegben tal\u00e1lhat\u00f3 oldott [&hellip;]<\/p>\n","protected":false},"featured_media":8326,"template":"","meta":{"_et_pb_use_builder":"","_et_pb_old_content":"","_et_gb_content_width":""},"product_brand":[1075],"product_cat":[5053,1955],"product_tag":[3188],"class_list":{"0":"post-28509","1":"product","2":"type-product","3":"status-publish","4":"has-post-thumbnail","6":"product_brand-oti","7":"product_cat-barack","8":"product_cat-megorzi-a","9":"product_tag-szirup","11":"first","12":"outofstock","13":"sale","14":"taxable","15":"shipping-taxable","16":"purchasable","17":"product-type-simple"},"_links":{"self":[{"href":"https:\/\/myspainfood.com\/hu\/wp-json\/wp\/v2\/product\/28509","targetHints":{"allow":["GET"]}}],"collection":[{"href":"https:\/\/myspainfood.com\/hu\/wp-json\/wp\/v2\/product"}],"about":[{"href":"https:\/\/myspainfood.com\/hu\/wp-json\/wp\/v2\/types\/product"}],"wp:featuredmedia":[{"embeddable":true,"href":"https:\/\/myspainfood.com\/hu\/wp-json\/wp\/v2\/media\/8326"}],"wp:attachment":[{"href":"https:\/\/myspainfood.com\/hu\/wp-json\/wp\/v2\/media?parent=28509"}],"wp:term":[{"taxonomy":"product_brand","embeddable":true,"href":"https:\/\/myspainfood.com\/hu\/wp-json\/wp\/v2\/product_brand?post=28509"},{"taxonomy":"product_cat","embeddable":true,"href":"https:\/\/myspainfood.com\/hu\/wp-json\/wp\/v2\/product_cat?post=28509"},{"taxonomy":"product_tag","embeddable":true,"href":"https:\/\/myspainfood.com\/hu\/wp-json\/wp\/v2\/product_tag?post=28509"}],"curies":[{"name":"wp","href":"https:\/\/api.w.org\/{rel}","templated":true}]}}