{"id":29542,"date":"2025-04-10T12:08:11","date_gmt":"2025-04-10T10:08:11","guid":{"rendered":"https:\/\/myspainfood.com\/producto\/sajtos-finomsagok-szardellaval-75-db\/"},"modified":"2025-08-06T12:56:52","modified_gmt":"2025-08-06T10:56:52","slug":"sajtos-finomsagok-szardellaval-75-db","status":"publish","type":"product","link":"https:\/\/myspainfood.com\/hu\/producto\/sajtos-finomsagok-szardellaval-75-db\/","title":{"rendered":"Sajtos finoms\u00e1gok szardell\u00e1val 75 db"},"content":{"rendered":"<p>Olaj (85% napraforg\u00f3, 15% ol\u00edva), <strong>szardell\u00e1val<\/strong> t\u00f6lt\u00f6tt olajbogy\u00f3,<strong> szardellafil\u00e9<\/strong>, f\u00e9lk\u00e9sz sajt, piparra \u00e9s pirospaprika.<\/p>\n","protected":false},"excerpt":{"rendered":"<p>Olaj (85% napraforg\u00f3, 15% ol\u00edva), szardell\u00e1val t\u00f6lt\u00f6tt olajbogy\u00f3, szardellafil\u00e9, f\u00e9lk\u00e9sz sajt, piparra \u00e9s pirospaprika.<\/p>\n","protected":false},"featured_media":10603,"template":"","meta":{"_et_pb_use_builder":"","_et_pb_old_content":"","_et_gb_content_width":""},"product_brand":[1277],"product_cat":[1837,1569,1841,1568,1839],"product_tag":[],"class_list":{"0":"post-29542","1":"product","2":"type-product","3":"status-publish","4":"has-post-thumbnail","6":"product_brand-bokeo","7":"product_cat-hideg","8":"product_cat-olajbogyo","9":"product_cat-pintxos-hu","10":"product_cat-savanyusagok","11":"product_cat-szardella","12":"product_shipping_class-hidegszallitas","14":"first","15":"instock","16":"taxable","17":"shipping-taxable","18":"purchasable","19":"product-type-simple"},"_links":{"self":[{"href":"https:\/\/myspainfood.com\/hu\/wp-json\/wp\/v2\/product\/29542","targetHints":{"allow":["GET"]}}],"collection":[{"href":"https:\/\/myspainfood.com\/hu\/wp-json\/wp\/v2\/product"}],"about":[{"href":"https:\/\/myspainfood.com\/hu\/wp-json\/wp\/v2\/types\/product"}],"wp:featuredmedia":[{"embeddable":true,"href":"https:\/\/myspainfood.com\/hu\/wp-json\/wp\/v2\/media\/10603"}],"wp:attachment":[{"href":"https:\/\/myspainfood.com\/hu\/wp-json\/wp\/v2\/media?parent=29542"}],"wp:term":[{"taxonomy":"product_brand","embeddable":true,"href":"https:\/\/myspainfood.com\/hu\/wp-json\/wp\/v2\/product_brand?post=29542"},{"taxonomy":"product_cat","embeddable":true,"href":"https:\/\/myspainfood.com\/hu\/wp-json\/wp\/v2\/product_cat?post=29542"},{"taxonomy":"product_tag","embeddable":true,"href":"https:\/\/myspainfood.com\/hu\/wp-json\/wp\/v2\/product_tag?post=29542"}],"curies":[{"name":"wp","href":"https:\/\/api.w.org\/{rel}","templated":true}]}}