{"id":29621,"date":"2025-04-10T12:08:22","date_gmt":"2025-04-10T10:08:22","guid":{"rendered":"https:\/\/myspainfood.com\/producto\/tokehal-60-100-egesz-sozott-feroer-szigeteki-tokehal\/"},"modified":"2025-07-28T10:42:30","modified_gmt":"2025-07-28T08:42:30","slug":"tokehal-60-100-egesz-sozott-feroer-szigeteki-tokehal","status":"publish","type":"product","link":"https:\/\/myspainfood.com\/hu\/producto\/tokehal-60-100-egesz-sozott-feroer-szigeteki-tokehal\/","title":{"rendered":"T\u0151kehal 60\/100 Eg\u00e9sz s\u00f3zott Fer\u00f6er-szigeteki t\u0151kehal"},"content":{"rendered":"","protected":false},"excerpt":{"rendered":"","protected":false},"featured_media":10882,"template":"","meta":{"_et_pb_use_builder":"","_et_pb_old_content":"","_et_gb_content_width":""},"product_brand":[1290],"product_cat":[1837,3532],"product_tag":[],"class_list":{"0":"post-29621","1":"product","2":"type-product","3":"status-publish","4":"has-post-thumbnail","6":"product_brand-la-barajilla","7":"product_cat-hideg","8":"product_cat-tokehal","9":"product_shipping_class-hidegszallitas","11":"first","12":"outofstock","13":"taxable","14":"shipping-taxable","15":"product-type-variable"},"_links":{"self":[{"href":"https:\/\/myspainfood.com\/hu\/wp-json\/wp\/v2\/product\/29621","targetHints":{"allow":["GET"]}}],"collection":[{"href":"https:\/\/myspainfood.com\/hu\/wp-json\/wp\/v2\/product"}],"about":[{"href":"https:\/\/myspainfood.com\/hu\/wp-json\/wp\/v2\/types\/product"}],"wp:featuredmedia":[{"embeddable":true,"href":"https:\/\/myspainfood.com\/hu\/wp-json\/wp\/v2\/media\/10882"}],"wp:attachment":[{"href":"https:\/\/myspainfood.com\/hu\/wp-json\/wp\/v2\/media?parent=29621"}],"wp:term":[{"taxonomy":"product_brand","embeddable":true,"href":"https:\/\/myspainfood.com\/hu\/wp-json\/wp\/v2\/product_brand?post=29621"},{"taxonomy":"product_cat","embeddable":true,"href":"https:\/\/myspainfood.com\/hu\/wp-json\/wp\/v2\/product_cat?post=29621"},{"taxonomy":"product_tag","embeddable":true,"href":"https:\/\/myspainfood.com\/hu\/wp-json\/wp\/v2\/product_tag?post=29621"}],"curies":[{"name":"wp","href":"https:\/\/api.w.org\/{rel}","templated":true}]}}