{"id":29887,"date":"2025-04-10T12:08:04","date_gmt":"2025-04-10T10:08:04","guid":{"rendered":"https:\/\/myspainfood.com\/producto\/blokk-libamaj-pastetom-90-canard-picarpicar-150-g\/"},"modified":"2025-07-28T12:58:37","modified_gmt":"2025-07-28T10:58:37","slug":"blokk-libamaj-pastetom-90-canard-picarpicar-150-g","status":"publish","type":"product","link":"https:\/\/myspainfood.com\/hu\/producto\/blokk-libamaj-pastetom-90-canard-picarpicar-150-g\/","title":{"rendered":"Blokk libam\u00e1j p\u00e1st\u00e9tom 90% Canard Picar&amp;picar 150 g"},"content":{"rendered":"<p>A PICAR&amp;PICAR els\u0151 oszt\u00e1ly\u00fa Bloc Foie Gras-t k\u00edn\u00e1l, 150 grammos kiszerel\u00e9sben<\/p>\n<p><strong>Foie gras de canard<\/strong> intenz\u00edvebb \u00edz\u0171, t\u00f6k\u00e9letes \u00e9telek k\u00eds\u00e9r\u0151jek\u00e9nt b\u00e1rmikor, vagy a konyh\u00e1ban hozz\u00e1val\u00f3k\u00e9nt haszn\u00e1lhat\u00f3.<\/p>\n","protected":false},"excerpt":{"rendered":"<p>A PICAR&amp;PICAR els\u0151 oszt\u00e1ly\u00fa Bloc Foie Gras-t k\u00edn\u00e1l, 150 grammos kiszerel\u00e9sben Foie gras de canard intenz\u00edvebb \u00edz\u0171, t\u00f6k\u00e9letes \u00e9telek k\u00eds\u00e9r\u0151jek\u00e9nt b\u00e1rmikor, vagy a konyh\u00e1ban hozz\u00e1val\u00f3k\u00e9nt haszn\u00e1lhat\u00f3.<\/p>\n","protected":false},"featured_media":10441,"template":"","meta":{"_et_pb_use_builder":"","_et_pb_old_content":"","_et_gb_content_width":""},"product_brand":[1127],"product_cat":[6595,1837],"product_tag":[],"class_list":{"0":"post-29887","1":"product","2":"type-product","3":"status-publish","4":"has-post-thumbnail","6":"product_brand-picarpicar","7":"product_cat-foie-hu","8":"product_cat-hideg","9":"product_shipping_class-hidegszallitas","11":"first","12":"outofstock","13":"sale","14":"featured","15":"taxable","16":"shipping-taxable","17":"purchasable","18":"product-type-simple"},"_links":{"self":[{"href":"https:\/\/myspainfood.com\/hu\/wp-json\/wp\/v2\/product\/29887","targetHints":{"allow":["GET"]}}],"collection":[{"href":"https:\/\/myspainfood.com\/hu\/wp-json\/wp\/v2\/product"}],"about":[{"href":"https:\/\/myspainfood.com\/hu\/wp-json\/wp\/v2\/types\/product"}],"wp:featuredmedia":[{"embeddable":true,"href":"https:\/\/myspainfood.com\/hu\/wp-json\/wp\/v2\/media\/10441"}],"wp:attachment":[{"href":"https:\/\/myspainfood.com\/hu\/wp-json\/wp\/v2\/media?parent=29887"}],"wp:term":[{"taxonomy":"product_brand","embeddable":true,"href":"https:\/\/myspainfood.com\/hu\/wp-json\/wp\/v2\/product_brand?post=29887"},{"taxonomy":"product_cat","embeddable":true,"href":"https:\/\/myspainfood.com\/hu\/wp-json\/wp\/v2\/product_cat?post=29887"},{"taxonomy":"product_tag","embeddable":true,"href":"https:\/\/myspainfood.com\/hu\/wp-json\/wp\/v2\/product_tag?post=29887"}],"curies":[{"name":"wp","href":"https:\/\/api.w.org\/{rel}","templated":true}]}}