{"id":29936,"date":"2025-04-10T12:08:05","date_gmt":"2025-04-10T10:08:05","guid":{"rendered":"https:\/\/myspainfood.com\/producto\/sushi-cecina-es-sajt-80-egyseg\/"},"modified":"2025-07-28T12:59:10","modified_gmt":"2025-07-28T10:59:10","slug":"sushi-cecina-es-sajt-80-egyseg","status":"publish","type":"product","link":"https:\/\/myspainfood.com\/hu\/producto\/sushi-cecina-es-sajt-80-egyseg\/","title":{"rendered":"Sushi Cecina \u00e9s sajt 80 egys\u00e9g"},"content":{"rendered":"<p>Olaj (85% napraforg\u00f3, 15% ol\u00edva),<strong> szardell\u00e1val<\/strong> t\u00f6lt\u00f6tt olajbogy\u00f3, <strong>f\u00fcrjtoj\u00e1s<\/strong>, vegyes sajt \u00e9s marhah\u00fasdarabk\u00e1k.<\/p>\n","protected":false},"excerpt":{"rendered":"<p>Olaj (85% napraforg\u00f3, 15% ol\u00edva), szardell\u00e1val t\u00f6lt\u00f6tt olajbogy\u00f3, f\u00fcrjtoj\u00e1s, vegyes sajt \u00e9s marhah\u00fasdarabk\u00e1k.<\/p>\n","protected":false},"featured_media":10459,"template":"","meta":{"_et_pb_use_builder":"","_et_pb_old_content":"","_et_gb_content_width":""},"product_brand":[1277],"product_cat":[1837,1569,1841,2278,1568],"product_tag":[],"class_list":{"0":"post-29936","1":"product","2":"type-product","3":"status-publish","4":"has-post-thumbnail","6":"product_brand-bokeo","7":"product_cat-hideg","8":"product_cat-olajbogyo","9":"product_cat-pintxos-hu","10":"product_cat-sajt-es-kolbasz","11":"product_cat-savanyusagok","12":"product_shipping_class-hidegszallitas","14":"first","15":"outofstock","16":"taxable","17":"shipping-taxable","18":"purchasable","19":"product-type-simple"},"_links":{"self":[{"href":"https:\/\/myspainfood.com\/hu\/wp-json\/wp\/v2\/product\/29936","targetHints":{"allow":["GET"]}}],"collection":[{"href":"https:\/\/myspainfood.com\/hu\/wp-json\/wp\/v2\/product"}],"about":[{"href":"https:\/\/myspainfood.com\/hu\/wp-json\/wp\/v2\/types\/product"}],"wp:featuredmedia":[{"embeddable":true,"href":"https:\/\/myspainfood.com\/hu\/wp-json\/wp\/v2\/media\/10459"}],"wp:attachment":[{"href":"https:\/\/myspainfood.com\/hu\/wp-json\/wp\/v2\/media?parent=29936"}],"wp:term":[{"taxonomy":"product_brand","embeddable":true,"href":"https:\/\/myspainfood.com\/hu\/wp-json\/wp\/v2\/product_brand?post=29936"},{"taxonomy":"product_cat","embeddable":true,"href":"https:\/\/myspainfood.com\/hu\/wp-json\/wp\/v2\/product_cat?post=29936"},{"taxonomy":"product_tag","embeddable":true,"href":"https:\/\/myspainfood.com\/hu\/wp-json\/wp\/v2\/product_tag?post=29936"}],"curies":[{"name":"wp","href":"https:\/\/api.w.org\/{rel}","templated":true}]}}