{"id":30018,"date":"2025-04-10T12:08:03","date_gmt":"2025-04-10T10:08:03","guid":{"rendered":"https:\/\/myspainfood.com\/producto\/kantabriai-szardella-gildas-5-egyseg\/"},"modified":"2025-06-24T14:17:41","modified_gmt":"2025-06-24T12:17:41","slug":"kantabriai-szardella-gildas-5-egyseg","status":"publish","type":"product","link":"https:\/\/myspainfood.com\/hu\/producto\/kantabriai-szardella-gildas-5-egyseg\/","title":{"rendered":"Kant\u00e1briai szardella Gildas 5 egys\u00e9g"},"content":{"rendered":"<p>Olaj (85% napraforg\u00f3, 15% ol\u00edva), <strong>szardell\u00e1val<\/strong> t\u00f6lt\u00f6tt olajbogy\u00f3, <strong>kantabriai szardella<\/strong> fil\u00e9 \u00e9s piparra.<\/p>\n","protected":false},"excerpt":{"rendered":"<p>Olaj (85% napraforg\u00f3, 15% ol\u00edva), szardell\u00e1val t\u00f6lt\u00f6tt olajbogy\u00f3, kantabriai szardella fil\u00e9 \u00e9s piparra.<\/p>\n","protected":false},"featured_media":10747,"template":"","meta":{"_et_pb_use_builder":"","_et_pb_old_content":"","_et_gb_content_width":""},"product_brand":[1277],"product_cat":[2077,3997,1837,1841,1568,1839],"product_tag":[],"class_list":{"0":"post-30018","1":"product","2":"type-product","3":"status-publish","4":"has-post-thumbnail","6":"product_brand-bokeo","7":"product_cat-banderillas-hu","8":"product_cat-chilipaprika","9":"product_cat-hideg","10":"product_cat-pintxos-hu","11":"product_cat-savanyusagok","12":"product_cat-szardella","13":"product_shipping_class-hidegszallitas","15":"first","16":"instock","17":"taxable","18":"shipping-taxable","19":"product-type-variable"},"_links":{"self":[{"href":"https:\/\/myspainfood.com\/hu\/wp-json\/wp\/v2\/product\/30018","targetHints":{"allow":["GET"]}}],"collection":[{"href":"https:\/\/myspainfood.com\/hu\/wp-json\/wp\/v2\/product"}],"about":[{"href":"https:\/\/myspainfood.com\/hu\/wp-json\/wp\/v2\/types\/product"}],"wp:featuredmedia":[{"embeddable":true,"href":"https:\/\/myspainfood.com\/hu\/wp-json\/wp\/v2\/media\/10747"}],"wp:attachment":[{"href":"https:\/\/myspainfood.com\/hu\/wp-json\/wp\/v2\/media?parent=30018"}],"wp:term":[{"taxonomy":"product_brand","embeddable":true,"href":"https:\/\/myspainfood.com\/hu\/wp-json\/wp\/v2\/product_brand?post=30018"},{"taxonomy":"product_cat","embeddable":true,"href":"https:\/\/myspainfood.com\/hu\/wp-json\/wp\/v2\/product_cat?post=30018"},{"taxonomy":"product_tag","embeddable":true,"href":"https:\/\/myspainfood.com\/hu\/wp-json\/wp\/v2\/product_tag?post=30018"}],"curies":[{"name":"wp","href":"https:\/\/api.w.org\/{rel}","templated":true}]}}