{"id":30122,"date":"2025-04-10T12:08:03","date_gmt":"2025-04-10T10:08:03","guid":{"rendered":"https:\/\/myspainfood.com\/producto\/kantabriai-sajt-es-szardella-gildas-5-egyseg\/"},"modified":"2025-06-24T16:13:33","modified_gmt":"2025-06-24T14:13:33","slug":"kantabriai-sajt-es-szardella-gildas-5-egyseg","status":"publish","type":"product","link":"https:\/\/myspainfood.com\/hu\/producto\/kantabriai-sajt-es-szardella-gildas-5-egyseg\/","title":{"rendered":"Kant\u00e1briai sajt \u00e9s szardella Gildas 5 egys\u00e9g"},"content":{"rendered":"<p>Olaj (85% napraforg\u00f3, 15% ol\u00edva), <strong>szardell\u00e1val<\/strong> t\u00f6lt\u00f6tt olajbogy\u00f3,<strong> kantabriai szardella<\/strong> fil\u00e9, f\u00e9lk\u00e9sz sajt, pirospaprika \u00e9s pirospaprika.<\/p>\n","protected":false},"excerpt":{"rendered":"<p>Olaj (85% napraforg\u00f3, 15% ol\u00edva), szardell\u00e1val t\u00f6lt\u00f6tt olajbogy\u00f3, kantabriai szardella fil\u00e9, f\u00e9lk\u00e9sz sajt, pirospaprika \u00e9s pirospaprika.<\/p>\n","protected":false},"featured_media":10720,"template":"","meta":{"_et_pb_use_builder":"","_et_pb_old_content":"","_et_gb_content_width":""},"product_brand":[1277],"product_cat":[3997,1837,1955,1569,2339,1841,2278,1568,1839],"product_tag":[],"class_list":{"0":"post-30122","1":"product","2":"type-product","3":"status-publish","4":"has-post-thumbnail","6":"product_brand-bokeo","7":"product_cat-chilipaprika","8":"product_cat-hideg","9":"product_cat-megorzi-a","10":"product_cat-olajbogyo","11":"product_cat-paprika-hu","12":"product_cat-pintxos-hu","13":"product_cat-sajt-es-kolbasz","14":"product_cat-savanyusagok","15":"product_cat-szardella","16":"product_shipping_class-hidegszallitas","18":"first","19":"outofstock","20":"taxable","21":"shipping-taxable","22":"product-type-variable"},"_links":{"self":[{"href":"https:\/\/myspainfood.com\/hu\/wp-json\/wp\/v2\/product\/30122","targetHints":{"allow":["GET"]}}],"collection":[{"href":"https:\/\/myspainfood.com\/hu\/wp-json\/wp\/v2\/product"}],"about":[{"href":"https:\/\/myspainfood.com\/hu\/wp-json\/wp\/v2\/types\/product"}],"wp:featuredmedia":[{"embeddable":true,"href":"https:\/\/myspainfood.com\/hu\/wp-json\/wp\/v2\/media\/10720"}],"wp:attachment":[{"href":"https:\/\/myspainfood.com\/hu\/wp-json\/wp\/v2\/media?parent=30122"}],"wp:term":[{"taxonomy":"product_brand","embeddable":true,"href":"https:\/\/myspainfood.com\/hu\/wp-json\/wp\/v2\/product_brand?post=30122"},{"taxonomy":"product_cat","embeddable":true,"href":"https:\/\/myspainfood.com\/hu\/wp-json\/wp\/v2\/product_cat?post=30122"},{"taxonomy":"product_tag","embeddable":true,"href":"https:\/\/myspainfood.com\/hu\/wp-json\/wp\/v2\/product_tag?post=30122"}],"curies":[{"name":"wp","href":"https:\/\/api.w.org\/{rel}","templated":true}]}}