{"id":30229,"date":"2025-04-10T12:08:03","date_gmt":"2025-04-10T10:08:03","guid":{"rendered":"https:\/\/myspainfood.com\/producto\/gildas-de-boqueron-bokeo-5-egyseg\/"},"modified":"2025-06-24T13:32:06","modified_gmt":"2025-06-24T11:32:06","slug":"gildas-de-boqueron-bokeo-5-egyseg","status":"publish","type":"product","link":"https:\/\/myspainfood.com\/hu\/producto\/gildas-de-boqueron-bokeo-5-egyseg\/","title":{"rendered":"Gildas de Boquer\u00f3n Bokeo 5 egys\u00e9g"},"content":{"rendered":"<p>Olaj (85% napraforg\u00f3olaj, 15% ol\u00edvaolaj), <strong>szardell\u00e1val<\/strong> t\u00f6lt\u00f6tt olajbogy\u00f3, <strong>szardella<\/strong> ecetben, pirospaprika, petrezselyem \u00e9s fokhagyma.<\/p>\n","protected":false},"excerpt":{"rendered":"<p>Olaj (85% napraforg\u00f3olaj, 15% ol\u00edvaolaj), szardell\u00e1val t\u00f6lt\u00f6tt olajbogy\u00f3, szardella ecetben, pirospaprika, petrezselyem \u00e9s fokhagyma.<\/p>\n","protected":false},"featured_media":10684,"template":"","meta":{"_et_pb_use_builder":"","_et_pb_old_content":"","_et_gb_content_width":""},"product_brand":[1277],"product_cat":[1837,1955,1569,2339,1841,1568,1888],"product_tag":[],"class_list":{"0":"post-30229","1":"product","2":"type-product","3":"status-publish","4":"has-post-thumbnail","6":"product_brand-bokeo","7":"product_cat-hideg","8":"product_cat-megorzi-a","9":"product_cat-olajbogyo","10":"product_cat-paprika-hu","11":"product_cat-pintxos-hu","12":"product_cat-savanyusagok","13":"product_cat-szardella-hu","14":"product_shipping_class-hidegszallitas","16":"first","17":"instock","18":"taxable","19":"shipping-taxable","20":"product-type-variable"},"_links":{"self":[{"href":"https:\/\/myspainfood.com\/hu\/wp-json\/wp\/v2\/product\/30229","targetHints":{"allow":["GET"]}}],"collection":[{"href":"https:\/\/myspainfood.com\/hu\/wp-json\/wp\/v2\/product"}],"about":[{"href":"https:\/\/myspainfood.com\/hu\/wp-json\/wp\/v2\/types\/product"}],"wp:featuredmedia":[{"embeddable":true,"href":"https:\/\/myspainfood.com\/hu\/wp-json\/wp\/v2\/media\/10684"}],"wp:attachment":[{"href":"https:\/\/myspainfood.com\/hu\/wp-json\/wp\/v2\/media?parent=30229"}],"wp:term":[{"taxonomy":"product_brand","embeddable":true,"href":"https:\/\/myspainfood.com\/hu\/wp-json\/wp\/v2\/product_brand?post=30229"},{"taxonomy":"product_cat","embeddable":true,"href":"https:\/\/myspainfood.com\/hu\/wp-json\/wp\/v2\/product_cat?post=30229"},{"taxonomy":"product_tag","embeddable":true,"href":"https:\/\/myspainfood.com\/hu\/wp-json\/wp\/v2\/product_tag?post=30229"}],"curies":[{"name":"wp","href":"https:\/\/api.w.org\/{rel}","templated":true}]}}