{"id":30581,"date":"2025-04-10T12:08:03","date_gmt":"2025-04-10T10:08:03","guid":{"rendered":"https:\/\/myspainfood.com\/producto\/cecina-es-sajt-gildas-4-egyseg\/"},"modified":"2025-06-24T14:14:16","modified_gmt":"2025-06-24T12:14:16","slug":"cecina-es-sajt-gildas-4-egyseg","status":"publish","type":"product","link":"https:\/\/myspainfood.com\/hu\/producto\/cecina-es-sajt-gildas-4-egyseg\/","title":{"rendered":"Cecina \u00e9s sajt Gildas 4 egys\u00e9g"},"content":{"rendered":"<p>Olaj (85% napraforg\u00f3olaj, 15% ol\u00edvaolaj), f\u00e9lk\u00e9sz sajt \u00e9s marhah\u00fasdarabok.<\/p>\n","protected":false},"excerpt":{"rendered":"<p>Olaj (85% napraforg\u00f3olaj, 15% ol\u00edvaolaj), f\u00e9lk\u00e9sz sajt \u00e9s marhah\u00fasdarabok.<\/p>\n","protected":false},"featured_media":10774,"template":"","meta":{"_et_pb_use_builder":"","_et_pb_old_content":"","_et_gb_content_width":""},"product_brand":[1277],"product_cat":[2077,2740,1837,2279,1841,2278,1568],"product_tag":[],"class_list":{"0":"post-30581","1":"product","2":"type-product","3":"status-publish","4":"has-post-thumbnail","6":"product_brand-bokeo","7":"product_cat-banderillas-hu","8":"product_cat-gyogyitas","9":"product_cat-hideg","10":"product_cat-kolbasz","11":"product_cat-pintxos-hu","12":"product_cat-sajt-es-kolbasz","13":"product_cat-savanyusagok","14":"product_shipping_class-hidegszallitas","16":"first","17":"outofstock","18":"taxable","19":"shipping-taxable","20":"product-type-variable"},"_links":{"self":[{"href":"https:\/\/myspainfood.com\/hu\/wp-json\/wp\/v2\/product\/30581","targetHints":{"allow":["GET"]}}],"collection":[{"href":"https:\/\/myspainfood.com\/hu\/wp-json\/wp\/v2\/product"}],"about":[{"href":"https:\/\/myspainfood.com\/hu\/wp-json\/wp\/v2\/types\/product"}],"wp:featuredmedia":[{"embeddable":true,"href":"https:\/\/myspainfood.com\/hu\/wp-json\/wp\/v2\/media\/10774"}],"wp:attachment":[{"href":"https:\/\/myspainfood.com\/hu\/wp-json\/wp\/v2\/media?parent=30581"}],"wp:term":[{"taxonomy":"product_brand","embeddable":true,"href":"https:\/\/myspainfood.com\/hu\/wp-json\/wp\/v2\/product_brand?post=30581"},{"taxonomy":"product_cat","embeddable":true,"href":"https:\/\/myspainfood.com\/hu\/wp-json\/wp\/v2\/product_cat?post=30581"},{"taxonomy":"product_tag","embeddable":true,"href":"https:\/\/myspainfood.com\/hu\/wp-json\/wp\/v2\/product_tag?post=30581"}],"curies":[{"name":"wp","href":"https:\/\/api.w.org\/{rel}","templated":true}]}}