{"id":30730,"date":"2025-04-10T12:08:41","date_gmt":"2025-04-10T10:08:41","guid":{"rendered":"https:\/\/myspainfood.com\/producto\/sozott-tokehal-morzsa-500g\/"},"modified":"2025-07-28T10:38:48","modified_gmt":"2025-07-28T08:38:48","slug":"sozott-tokehal-morzsa-500g","status":"publish","type":"product","link":"https:\/\/myspainfood.com\/hu\/producto\/sozott-tokehal-morzsa-500g\/","title":{"rendered":"S\u00f3zott t\u0151kehal morzsa 500G"},"content":{"rendered":"<div class=\"wpb_animate_when_almost_visible wpb_bottom-to-top bottom-to-top wpb_column vc_column_container vc_col-sm-6 wpb_start_animation animated\">\n<div class=\"vc_column-inner \">\n<div class=\"wpb_wrapper\">\n<div class=\"wpb_text_column wpb_content_element \">\n<div class=\"wpb_wrapper\">\n<p>A Desmigado bacalao salado 500G de <a href=\"https:\/\/labarajilla.es\/bacalao\/\" target=\"_blank\" rel=\"noopener noreferrer nofollow\">La Barajilla<\/a> kiv\u00e1l\u00f3 min\u0151s\u00e9g\u0171, b\u0151r \u00e9s csontok n\u00e9lk\u00fcli darabokra \u00e9p\u00fcl, ide\u00e1lis omlettekhez, krokettekhez \u00e9s ajoarriero.<\/p>\n<ul>\n<li><strong>F\u00c9L<\/strong>: T\u0151kehal ( Gadus Morhua )<\/li>\n<li><strong>HAL\u00c1SZ\u00d3Z\u00d3K\u00d6R<\/strong>: \u00c9szaknyugat-atlanti ( FAO 27 )<\/li>\n<li><strong>T\u00c1ROL\u00c1S<\/strong>: 0\u00baC \u00e9s 5\u00baC k\u00f6z\u00f6tt.<\/li>\n<\/ul>\n<p>T\u00e1pl\u00e1lkoz\u00e1stani szempontb\u00f3l a t\u0151kehal magas biol\u00f3giai \u00e9rt\u00e9k\u0171 \u00e9s em\u00e9szthet\u0151 feh\u00e9rj\u00e9ben gazdag, alacsony zs\u00edr- \u00e9s kal\u00f3riatartalm\u00fa \u00e9lelmiszer.<\/p>\n<p>A v\u00edztartalom k\u00f6r\u00fclbel\u00fcl 80% (a friss t\u0151kehalban).<\/p>\n<p>Ez a t\u0151kehal j\u00f3 forr\u00e1sa a szervezet sz\u00e1m\u00e1ra n\u00e9lk\u00fcl\u00f6zhetetlen vitaminoknak (f\u0151k\u00e9nt a B-csoportba tartoz\u00f3 vitaminoknak) \u00e9s \u00e1sv\u00e1nyi s\u00f3knak.<\/p>\n<p>A friss vagy s\u00f3tlan\u00edtott t\u0151kehalat a magas v\u00e9rnyom\u00e1sban szenved\u0151k is fogyaszthatj\u00e1k, mivel alacsony a n\u00e1triumtartalma \u00e9s gazdag k\u00e1liumban.<\/p>\n<p>&#8222;A t\u0151kehal a Gadus nemzets\u00e9gbe tartoz\u00f3 sz\u00e1mos halfaj k\u00f6z\u00f6s neve, b\u00e1r ugyanannak a nemzets\u00e9gnek n\u00e9h\u00e1ny faj\u00e1nak m\u00e1s neve is lehet.<\/p>\n<p>A leggyakoribb faj az atlanti t\u0151kehal (Gadus morhua vagy k\u00f6z\u00f6ns\u00e9ges t\u0151kehal).<\/p>\n<p>Ha szeretne v\u00e1s\u00e1rolni Desmigado bacalao salado 500G vagy b\u00e1rmilyen m\u00e1s t\u00edpus\u00fa <a href=\"https:\/\/latiendadesami.com\/categoria-producto\/frio\/\" rel=\"noopener noreferrer nofollow\" target=\"_blank\">hideg<\/a> term\u00e9ket, ne habozzon, n\u00e9zze meg teljes online katal\u00f3gusunkat, hogy megn\u00e9zze a t\u0151kehal sz\u00e9les v\u00e1laszt\u00e9k\u00e1t.<\/p>\n<p>Tov\u00e1bbi inform\u00e1ci\u00f3\u00e9rt \u00edrjon nek\u00fcnk.<\/p>\n<\/div>\n<\/div>\n<\/div>\n<\/div>\n<\/div>\n","protected":false},"excerpt":{"rendered":"<p>A Desmigado bacalao salado 500G de La Barajilla kiv\u00e1l\u00f3 min\u0151s\u00e9g\u0171, b\u0151r \u00e9s csontok n\u00e9lk\u00fcli darabokra \u00e9p\u00fcl, ide\u00e1lis omlettekhez, krokettekhez \u00e9s ajoarriero. F\u00c9L: T\u0151kehal ( Gadus Morhua ) HAL\u00c1SZ\u00d3Z\u00d3K\u00d6R: \u00c9szaknyugat-atlanti ( FAO 27 ) T\u00c1ROL\u00c1S: 0\u00baC \u00e9s 5\u00baC k\u00f6z\u00f6tt. T\u00e1pl\u00e1lkoz\u00e1stani szempontb\u00f3l a t\u0151kehal magas biol\u00f3giai \u00e9rt\u00e9k\u0171 \u00e9s em\u00e9szthet\u0151 feh\u00e9rj\u00e9ben gazdag, alacsony zs\u00edr- \u00e9s kal\u00f3riatartalm\u00fa \u00e9lelmiszer. A [&hellip;]<\/p>\n","protected":false},"featured_media":11215,"template":"","meta":{"_et_pb_use_builder":"","_et_pb_old_content":"","_et_gb_content_width":""},"product_brand":[1290],"product_cat":[1837,3532],"product_tag":[],"class_list":{"0":"post-30730","1":"product","2":"type-product","3":"status-publish","4":"has-post-thumbnail","6":"product_brand-la-barajilla","7":"product_cat-hideg","8":"product_cat-tokehal","9":"product_shipping_class-hidegszallitas","11":"first","12":"outofstock","13":"taxable","14":"shipping-taxable","15":"purchasable","16":"product-type-simple"},"_links":{"self":[{"href":"https:\/\/myspainfood.com\/hu\/wp-json\/wp\/v2\/product\/30730","targetHints":{"allow":["GET"]}}],"collection":[{"href":"https:\/\/myspainfood.com\/hu\/wp-json\/wp\/v2\/product"}],"about":[{"href":"https:\/\/myspainfood.com\/hu\/wp-json\/wp\/v2\/types\/product"}],"wp:featuredmedia":[{"embeddable":true,"href":"https:\/\/myspainfood.com\/hu\/wp-json\/wp\/v2\/media\/11215"}],"wp:attachment":[{"href":"https:\/\/myspainfood.com\/hu\/wp-json\/wp\/v2\/media?parent=30730"}],"wp:term":[{"taxonomy":"product_brand","embeddable":true,"href":"https:\/\/myspainfood.com\/hu\/wp-json\/wp\/v2\/product_brand?post=30730"},{"taxonomy":"product_cat","embeddable":true,"href":"https:\/\/myspainfood.com\/hu\/wp-json\/wp\/v2\/product_cat?post=30730"},{"taxonomy":"product_tag","embeddable":true,"href":"https:\/\/myspainfood.com\/hu\/wp-json\/wp\/v2\/product_tag?post=30730"}],"curies":[{"name":"wp","href":"https:\/\/api.w.org\/{rel}","templated":true}]}}