{"id":30858,"date":"2025-04-10T12:09:09","date_gmt":"2025-04-10T10:09:09","guid":{"rendered":"https:\/\/myspainfood.com\/producto\/el-gran-cardenal-kecske-es-tehen-paprikas-sajt\/"},"modified":"2025-09-02T10:44:08","modified_gmt":"2025-09-02T08:44:08","slug":"el-gran-cardenal-kecske-es-tehen-paprikas-sajt","status":"publish","type":"product","link":"https:\/\/myspainfood.com\/hu\/producto\/el-gran-cardenal-kecske-es-tehen-paprikas-sajt\/","title":{"rendered":"El Gran Cardenal kecske \u00e9s teh\u00e9n paprik\u00e1s sajt"},"content":{"rendered":"<div class=\"et_pb_blurb_container\">\n<div class=\"et_pb_blurb_container\">\n<h4 class=\"et_pb_module_header\">Kecskepaprik\u00e1s kecske<\/h4>\n<div class=\"et_pb_blurb_description\">K\u00edv\u00fclr\u0151l term\u00e9szetes paprik\u00e1val (amelyet pirospaprika sz\u00e1r\u00edt\u00e1s\u00e1val \u00e9s \u0151rl\u00e9s\u00e9vel nyernek) bevonva, a sajtnak vonz\u00f3 v\u00f6r\u00f6ses sz\u00ednt, valamint k\u00fcl\u00f6nleges arom\u00e1t \u00e9s \u00edzt k\u00f6lcs\u00f6n\u00f6z.<\/p>\n<p>A kecsketej kr\u00e9mess\u00e9g\u00e9nek \u00e9s a term\u00e9szetes paprika \u00edz\u00e9nek kombin\u00e1ci\u00f3ja a sajtok egyik legjobb kombin\u00e1ci\u00f3ja.<\/p><\/div>\n<\/div>\n<\/div>\n","protected":false},"excerpt":{"rendered":"<p>Kecskepaprik\u00e1s kecske K\u00edv\u00fclr\u0151l term\u00e9szetes paprik\u00e1val (amelyet pirospaprika sz\u00e1r\u00edt\u00e1s\u00e1val \u00e9s \u0151rl\u00e9s\u00e9vel nyernek) bevonva, a sajtnak vonz\u00f3 v\u00f6r\u00f6ses sz\u00ednt, valamint k\u00fcl\u00f6nleges arom\u00e1t \u00e9s \u00edzt k\u00f6lcs\u00f6n\u00f6z. A kecsketej kr\u00e9mess\u00e9g\u00e9nek \u00e9s a term\u00e9szetes paprika \u00edz\u00e9nek kombin\u00e1ci\u00f3ja a sajtok egyik legjobb kombin\u00e1ci\u00f3ja.<\/p>\n","protected":false},"featured_media":11710,"template":"","meta":{"_et_pb_use_builder":"","_et_pb_old_content":"","_et_gb_content_width":""},"product_brand":[1319],"product_cat":[2740,1837,2278],"product_tag":[],"class_list":{"0":"post-30858","1":"product","2":"type-product","3":"status-publish","4":"has-post-thumbnail","6":"product_brand-el-gran-cardenal","7":"product_cat-gyogyitas","8":"product_cat-hideg","9":"product_cat-sajt-es-kolbasz","10":"product_shipping_class-hidegszallitas","12":"first","13":"outofstock","14":"sale","15":"taxable","16":"shipping-taxable","17":"product-type-variable"},"_links":{"self":[{"href":"https:\/\/myspainfood.com\/hu\/wp-json\/wp\/v2\/product\/30858","targetHints":{"allow":["GET"]}}],"collection":[{"href":"https:\/\/myspainfood.com\/hu\/wp-json\/wp\/v2\/product"}],"about":[{"href":"https:\/\/myspainfood.com\/hu\/wp-json\/wp\/v2\/types\/product"}],"wp:featuredmedia":[{"embeddable":true,"href":"https:\/\/myspainfood.com\/hu\/wp-json\/wp\/v2\/media\/11710"}],"wp:attachment":[{"href":"https:\/\/myspainfood.com\/hu\/wp-json\/wp\/v2\/media?parent=30858"}],"wp:term":[{"taxonomy":"product_brand","embeddable":true,"href":"https:\/\/myspainfood.com\/hu\/wp-json\/wp\/v2\/product_brand?post=30858"},{"taxonomy":"product_cat","embeddable":true,"href":"https:\/\/myspainfood.com\/hu\/wp-json\/wp\/v2\/product_cat?post=30858"},{"taxonomy":"product_tag","embeddable":true,"href":"https:\/\/myspainfood.com\/hu\/wp-json\/wp\/v2\/product_tag?post=30858"}],"curies":[{"name":"wp","href":"https:\/\/api.w.org\/{rel}","templated":true}]}}